{"id":4603,"date":"2021-11-15T14:14:49","date_gmt":"2021-11-15T13:14:49","guid":{"rendered":"https:\/\/www.kiez-hypnose.de\/hipnosis-en-linea\/"},"modified":"2022-12-12T14:37:35","modified_gmt":"2022-12-12T13:37:35","slug":"hipnosis-en-linea","status":"publish","type":"page","link":"https:\/\/www.kiez-hypnose.de\/es\/hipnosis-en-linea\/","title":{"rendered":"M\u00c9TODO DE HIPNOSIS: Hipnosis Online"},"content":{"rendered":"<p>[et_pb_section fb_built=\u00bb1&#8243; _builder_version=\u00bb4.16&#8243; _module_preset=\u00bbdefault\u00bb custom_padding=\u00bb||0px||false|false\u00bb da_disable_devices=\u00bboff|off|off\u00bb global_colors_info=\u00bb{}\u00bb da_is_popup=\u00bboff\u00bb da_exit_intent=\u00bboff\u00bb da_has_close=\u00bbon\u00bb da_alt_close=\u00bboff\u00bb da_dark_close=\u00bboff\u00bb da_not_modal=\u00bbon\u00bb da_is_singular=\u00bboff\u00bb da_with_loader=\u00bboff\u00bb da_has_shadow=\u00bbon\u00bb][et_pb_row _builder_version=\u00bb4.16&#8243; _module_preset=\u00bb2487b179-ab1d-46ed-9316-ec72a42f6515&#8243; custom_padding=\u00bb0px||0px||false|false\u00bb global_colors_info=\u00bb{}\u00bb][et_pb_column type=\u00bb4_4&#8243; _builder_version=\u00bb4.16&#8243; _module_preset=\u00bbdefault\u00bb global_colors_info=\u00bb{}\u00bb][et_pb_post_title meta=\u00bboff\u00bb featured_image=\u00bboff\u00bb _builder_version=\u00bb4.16&#8243; _module_preset=\u00bbdefault\u00bb title_font=\u00bb||||||||\u00bb title_text_align=\u00bbcenter\u00bb title_text_color=\u00bb#e95e27&#8243; title_font_size=\u00bb14px\u00bb global_colors_info=\u00bb{}\u00bb][\/et_pb_post_title][\/et_pb_column][\/et_pb_row][et_pb_row _builder_version=\u00bb4.16&#8243; _module_preset=\u00bbdefault\u00bb width_tablet=\u00bb\u00bb width_phone=\u00bb90%\u00bb width_last_edited=\u00bbon|phone\u00bb scroll_fade_enable=\u00bbon\u00bb motion_trigger_start=\u00bbtop\u00bb global_colors_info=\u00bb{}\u00bb][et_pb_column type=\u00bb4_4&#8243; _builder_version=\u00bb4.16&#8243; _module_preset=\u00bbdefault\u00bb global_colors_info=\u00bb{}\u00bb][et_pb_text _builder_version=\u00bb4.19.1&#8243; text_font=\u00bb||||||||\u00bb header_font=\u00bbOpenSans-Light|300|||||||\u00bb custom_margin=\u00bb||0px||false|false\u00bb hover_enabled=\u00bb0&#8243; text_font_size_tablet=\u00bb\u00bb text_font_size_phone=\u00bb15px\u00bb text_font_size_last_edited=\u00bbon|desktop\u00bb header_font_size_tablet=\u00bb40px\u00bb header_font_size_phone=\u00bb25px\u00bb header_font_size_last_edited=\u00bbon|phone\u00bb header_2_font_size_tablet=\u00bb\u00bb header_2_font_size_phone=\u00bb\u00bb header_2_font_size_last_edited=\u00bbon|phone\u00bb global_colors_info=\u00bb{}\u00bb sticky_enabled=\u00bb0&#8243;]<\/p>\n<h2 style=\"text-align: center;\">Sesiones de hipnosis en l\u00ednea<br \/>Seguro y eficaz<\/h2>\n<p>[\/et_pb_text][et_pb_divider color=\u00bb#e95e27&#8243; divider_position=\u00bbcenter\u00bb divider_weight=\u00bb2px\u00bb _builder_version=\u00bb4.16&#8243; _module_preset=\u00bbdefault\u00bb width=\u00bb100px\u00bb module_alignment=\u00bbcenter\u00bb custom_margin=\u00bb0px||20px||false|false\u00bb global_colors_info=\u00bb{}\u00bb][\/et_pb_divider][et_pb_text _builder_version=\u00bb4.19.1&#8243; _module_preset=\u00bbdefault\u00bb width=\u00bb60%\u00bb width_tablet=\u00bb100%\u00bb width_phone=\u00bb\u00bb width_last_edited=\u00bbon|tablet\u00bb module_alignment=\u00bbcenter\u00bb hover_enabled=\u00bb0&#8243; global_colors_info=\u00bb{}\u00bb sticky_enabled=\u00bb0&#8243;]<\/p>\n<p style=\"text-align: center;\">Las sesiones de hipnosis en l\u00ednea se han convertido en una parte integral de mi trabajo. So kann ich Klienten auf der ganzen Welt bei Ver\u00e4nderungsprozessen unterst\u00fctzen und in Zeiten von Kontaktbeschr\u00e4nkungen weiterhin sicher f\u00fcr euch da sein.<\/p>\n<p style=\"text-align: center;\"><span>Mi experiencia me dice que las sesiones de hipnosis online por videochat son <\/span><strong>igual de eficaz<\/strong><span>como una hipnosis en directo. Cuando cierras los ojos y entras en hipnosis, la voz del hipnotizador es la parte m\u00e1s importante de la sesi\u00f3n. Utilizamos  <\/span><strong>tecnolog\u00eda de audio de alta calidad<\/strong><span> y as\u00ed permitir <\/span><strong>trabajo de cambio efectivo a trav\u00e9s del v\u00eddeo y el sonido<\/strong><span>.<\/span><\/p>\n<p>[\/et_pb_text][\/et_pb_column][\/et_pb_row][et_pb_row _builder_version=\u00bb4.16&#8243; _module_preset=\u00bbdefault\u00bb global_colors_info=\u00bb{}\u00bb][et_pb_column type=\u00bb4_4&#8243; _builder_version=\u00bb4.16&#8243; _module_preset=\u00bbdefault\u00bb global_colors_info=\u00bb{}\u00bb][et_pb_image src=\u00bbhttps:\/\/www.kiez-hypnose.de\/wp-content\/uploads\/2021\/10\/Bernhard-Online-Hypnose.jpg\u00bb alt=\u00bbBernhard Tewes &#8211; Hipnosis en l\u00ednea\u00bb title_text=\u00bbHipnosis en l\u00ednea Bernhard\u00bb _builder_version=\u00bb4.19.1&#8243; _module_preset=\u00bbdefault\u00bb hover_enabled=\u00bb0&#8243; global_colors_info=\u00bb{}\u00bb align=\u00bbcenter\u00bb sticky_enabled=\u00bb0&#8243;][\/et_pb_image][\/et_pb_column][\/et_pb_row][\/et_pb_section][et_pb_section fb_built=\u00bb1&#8243; admin_label=\u00bbWie l\u00e4uft Hypnose ab?\u00bb _builder_version=\u00bb4.16&#8243; _module_preset=\u00bbdefault\u00bb background_color=\u00bb#f5f5f5&#8243; custom_margin=\u00bb0px||||false|false\u00bb custom_padding=\u00bb||||false|false\u00bb bottom_divider_color=\u00bb#FFFFFF\u00bb da_disable_devices=\u00bboff|off|off\u00bb global_colors_info=\u00bb{}\u00bb da_is_popup=\u00bboff\u00bb da_exit_intent=\u00bboff\u00bb da_has_close=\u00bbon\u00bb da_alt_close=\u00bboff\u00bb da_dark_close=\u00bboff\u00bb da_not_modal=\u00bbon\u00bb da_is_singular=\u00bboff\u00bb da_with_loader=\u00bboff\u00bb da_has_shadow=\u00bbon\u00bb][et_pb_row column_structure=\u00bb1_2,1_2&#8243; _builder_version=\u00bb4.16&#8243; _module_preset=\u00bbdefault\u00bb width=\u00bb94%\u00bb module_alignment=\u00bbcenter\u00bb custom_margin=\u00bb-0.1%|auto|6%|auto|false|false\u00bb custom_margin_tablet=\u00bb\u00bb custom_margin_phone=\u00bb||5%||false|false\u00bb custom_margin_last_edited=\u00bbon|desktop\u00bb custom_padding=\u00bb14px|20px|14px|20px|true|false\u00bb custom_css_main_element=\u00bbtext-decoration: none;\u00bb global_colors_info=\u00bb{}\u00bb header_2_font_size_tablet=\u00bb40px\u00bb header_2_font_size_phone=\u00bb25px\u00bb header_2_font_size_last_edited=\u00bbon|phone\u00bb header_4_font_size_tablet=\u00bb30px\u00bb header_4_font_size_phone=\u00bb22px\u00bb header_4_font_size_last_edited=\u00bbon|phone\u00bb text_font_size_phone=\u00bb15px\u00bb text_font_size_last_edited=\u00bbon|desktop\u00bb button_bg_color__hover_enabled=\u00bbon|hover\u00bb custom_padding__hover=\u00bb|30px||\u00bb custom_padding__hover_enabled=\u00bbon\u00bb][et_pb_column type=\u00bb1_2&#8243; _builder_version=\u00bb4.16&#8243; _module_preset=\u00bbdefault\u00bb custom_padding=\u00bb||||false|false\u00bb animation_style=\u00bbslide\u00bb animation_direction=\u00bbleft\u00bb animation_duration=\u00bb2000ms\u00bb global_colors_info=\u00bb{}\u00bb][et_pb_text _builder_version=\u00bb4.16&#8243; _module_preset=\u00bbdefault\u00bb header_2_font_size=\u00bb18px\u00bb custom_margin=\u00bb||0px||false|false\u00bb global_colors_info=\u00bb{}\u00bb]<\/p>\n<h2>Requisitos para las sesiones en l\u00ednea<\/h2>\n<p>[\/et_pb_text][et_pb_divider color=\u00bb#e95e27&#8243; divider_position=\u00bbcenter\u00bb divider_weight=\u00bb2px\u00bb _builder_version=\u00bb4.16&#8243; _module_preset=\u00bbdefault\u00bb width=\u00bb100px\u00bb module_alignment=\u00bbleft\u00bb custom_margin=\u00bb0px||20px||false|false\u00bb global_colors_info=\u00bb{}\u00bb][\/et_pb_divider][et_pb_text _builder_version=\u00bb4.19.1&#8243; _module_preset=\u00bbdefault\u00bb text_font=\u00bb||||||||\u00bb header_font=\u00bb||||||||\u00bb header_2_font=\u00bb|700|||||||\u00bb header_2_font_size=\u00bb50px\u00bb header_2_line_height=\u00bb1.2em\u00bb header_4_font=\u00bbGentium Basic|700|||||||\u00bb header_4_font_size=\u00bb40px\u00bb header_4_line_height=\u00bb1.2em\u00bb text_orientation=\u00bbcenter\u00bb module_alignment=\u00bbcenter\u00bb custom_margin=\u00bb||6.8%||false|false\u00bb hover_enabled=\u00bb0&#8243; text_font_size_tablet=\u00bb\u00bb text_font_size_phone=\u00bb15px\u00bb text_font_size_last_edited=\u00bbon|desktop\u00bb header_2_font_size_tablet=\u00bb40px\u00bb header_2_font_size_phone=\u00bb25px\u00bb header_2_font_size_last_edited=\u00bbon|phone\u00bb header_4_font_size_tablet=\u00bb30px\u00bb header_4_font_size_phone=\u00bb22px\u00bb header_4_font_size_last_edited=\u00bbon|phone\u00bb global_colors_info=\u00bb{}\u00bb sticky_enabled=\u00bb0&#8243;]<\/p>\n<ul>\n<li style=\"text-align: left;\">Un lugar en el que la reuni\u00f3n pueda desarrollarse sin ser molestada<\/li>\n<li style=\"text-align: left;\">PC, port\u00e1til o tel\u00e9fono m\u00f3vil con c\u00e1mara<\/li>\n<li style=\"text-align: left;\">Conexi\u00f3n a Internet<\/li>\n<li style=\"text-align: left;\"><a href=\"https:\/\/zoom.us\/signup\" target=\"_blank\" rel=\"noopener\">Instalaci\u00f3n del zoom<\/a><\/li>\n<li style=\"text-align: left;\">Auriculares con micr\u00f3fono<\/li>\n<\/ul>\n<p style=\"text-align: left;\"><strong>\u00bfNo est\u00e1 seguro de si una sesi\u00f3n en l\u00ednea es para usted? P\u00f3ngase en contacto conmigo para una sesi\u00f3n informativa gratuita por tel\u00e9fono, en la que podremos aclarar sus dudas.<\/strong><\/p>\n<p>[\/et_pb_text][et_pb_text _builder_version=\u00bb4.19.1&#8243; _module_preset=\u00bbdefault\u00bb header_2_font_size=\u00bb18px\u00bb custom_margin=\u00bb||0px||false|false\u00bb hover_enabled=\u00bb0&#8243; global_colors_info=\u00bb{}\u00bb sticky_enabled=\u00bb0&#8243;]<\/p>\n<h2>Detalles de la hipnosis en l\u00ednea<\/h2>\n<p>[\/et_pb_text][et_pb_divider color=\u00bb#e95e27&#8243; divider_position=\u00bbcenter\u00bb divider_weight=\u00bb2px\u00bb _builder_version=\u00bb4.16&#8243; _module_preset=\u00bbdefault\u00bb width=\u00bb100px\u00bb module_alignment=\u00bbleft\u00bb custom_margin=\u00bb0px||20px||false|false\u00bb global_colors_info=\u00bb{}\u00bb][\/et_pb_divider][et_pb_text _builder_version=\u00bb4.19.1&#8243; _module_preset=\u00bbdefault\u00bb text_font=\u00bb||||||||\u00bb header_font=\u00bb||||||||\u00bb header_2_font=\u00bb|700|||||||\u00bb header_2_font_size=\u00bb50px\u00bb header_2_line_height=\u00bb1.2em\u00bb header_4_font=\u00bbGentium Basic|700|||||||\u00bb header_4_font_size=\u00bb40px\u00bb header_4_line_height=\u00bb1.2em\u00bb text_orientation=\u00bbcenter\u00bb module_alignment=\u00bbcenter\u00bb custom_margin=\u00bb||6.8%||false|false\u00bb hover_enabled=\u00bb0&#8243; text_font_size_tablet=\u00bb\u00bb text_font_size_phone=\u00bb15px\u00bb text_font_size_last_edited=\u00bbon|desktop\u00bb header_2_font_size_tablet=\u00bb40px\u00bb header_2_font_size_phone=\u00bb25px\u00bb header_2_font_size_last_edited=\u00bbon|phone\u00bb header_4_font_size_tablet=\u00bb30px\u00bb header_4_font_size_phone=\u00bb22px\u00bb header_4_font_size_last_edited=\u00bbon|phone\u00bb global_colors_info=\u00bb{}\u00bb sticky_enabled=\u00bb0&#8243;]<\/p>\n<p style=\"text-align: left;\"><strong>Procedimiento<\/strong><\/p>\n<p style=\"text-align: left;\">Despu\u00e9s de inscribirse en la sesi\u00f3n, recibir\u00e1 informaci\u00f3n importante sobre la preparaci\u00f3n de la sesi\u00f3n y una lista de control detallada para el proceso \u00f3ptimo. Recibir\u00e1 un enlace para acceder a la videollamada el d\u00eda de la sesi\u00f3n.<\/p>\n<p style=\"text-align: left;\"><strong>Seguridad en todo momento, incluso en l\u00ednea<\/strong><\/p>\n<p style=\"text-align: left;\">La seguridad es lo primero de mi lista: Cuando se establece la conexi\u00f3n, comprobamos el sonido y la imagen para que podamos vernos y o\u00edrnos de forma \u00f3ptima. Ich sorge daf\u00fcr, dass du f\u00fcr die Trance eine sichere und bequeme Sitz- oder Liegeposition einnehmen kannst. A partir de ese momento, todo funciona como si estuvieras en mi consulta.<\/p>\n<p style=\"text-align: left;\">En caso de que la conexi\u00f3n se rompa alguna vez: \u00a1No hay problema! Tengo un protocolo especial que discuto con usted de antemano para que la sesi\u00f3n pueda continuar de forma relajada en el peor de los casos.<\/p>\n<p>[\/et_pb_text][\/et_pb_column][et_pb_column type=\u00bb1_2&#8243; _builder_version=\u00bb4.16&#8243; _module_preset=\u00bbdefault\u00bb animation_style=\u00bbslide\u00bb animation_direction=\u00bbright\u00bb animation_duration=\u00bb2000ms\u00bb global_colors_info=\u00bb{}\u00bb][et_pb_image src=\u00bbhttps:\/\/www.kiez-hypnose.de\/wp-content\/uploads\/2021\/05\/hypnoexperience.png\u00bb title_text=\u00bbhipnoexperiencia\u00bb _builder_version=\u00bb4.16&#8243; _module_preset=\u00bbdefault\u00bb global_colors_info=\u00bb{}\u00bb][\/et_pb_image][et_pb_text _builder_version=\u00bb4.16&#8243; _module_preset=\u00bbdefault\u00bb custom_margin=\u00bb||||false|false\u00bb custom_margin_tablet=\u00bb\u00bb custom_margin_phone=\u00bb||||false|false\u00bb custom_margin_last_edited=\u00bbon|tablet\u00bb global_colors_info=\u00bb{}\u00bb]<\/p>\n<h3><span style=\"color: #e95e27;\">\u00danico: HypnoExperience\u00ae Online<\/span><\/h3>\n<p>&nbsp;<\/p>\n<p>Usted experimenta su sesi\u00f3n en l\u00ednea con <a href=\"https:\/\/www.kiez-hypnose.de\/es\/methoden\/hipnoexperiencia\/\">HypnoExperience<\/a> Online. Con un set musical hipn\u00f3tico en vivo experimentar\u00e1 su hipnosis de forma a\u00fan m\u00e1s intensa. Y cuanto m\u00e1s intensos sean los procesos emocionales durante la hipnosis, m\u00e1s f\u00e1cil ser\u00e1 el cambio:<\/p>\n<ul>\n<li><span>M\u00fasica emocional de los mejores productores para su relajaci\u00f3n, sintonizada en directo con sus procesos y reacciones en hipnosis.<\/span><\/li>\n<li>se estimulan ac\u00fasticamente ambos hemisferios del cerebro para integrar los sentimientos, las sugerencias y la traumatizaci\u00f3n (ritmos is\u00f3cronos y m\u00fasica EMDR)<\/li>\n<li>Sugerencias que llegan a su subconsciente directamente a trav\u00e9s de los auriculares, sin distracciones externas ni factores perturbadores.<\/li>\n<\/ul>\n<p><strong><img decoding=\"async\" data-src=\"https:\/\/www.kiez-hypnose.de\/wp-content\/uploads\/2021\/10\/kopfhoerer.png\" width=\"66\" height=\"67\" alt=\"\" class=\"wp-image-2502 aligncenter size-full lazyload\" style=\"--smush-placeholder-width: 66px; --smush-placeholder-aspect-ratio: 66\/67;float: left;\" src=\"data:image\/gif;base64,R0lGODlhAQABAAAAACH5BAEKAAEALAAAAAABAAEAAAICTAEAOw==\"><\/strong><\/p>\n<p><strong><\/strong><\/p>\n<p><strong><\/strong><\/p>\n<p><strong><\/strong><\/p>\n<p><strong><\/strong><\/p>\n<p>Cuanto mejor sea la calidad del sonido de los auriculares<strong>,<\/strong> m\u00e1s intensa ser\u00e1 la experiencia. Lo mejor son los auriculares de bot\u00f3n con un casquillo, ya que proporcionan un mejor agarre y no pueden caerse durante la sesi\u00f3n.<\/p>\n<p>Aqu\u00ed puedes encontrar los <a href=\"https:\/\/www.kiez-hypnose.de\/es\/precios\/\" title=\"Precios\">precios de las<\/a> sesiones de hipnosis online.<\/p>\n<p>[\/et_pb_text][\/et_pb_column][\/et_pb_row][\/et_pb_section][et_pb_section fb_built=\u00bb1&#8243; admin_label=\u00bbWie l\u00e4uft Hypnose ab?\u00bb _builder_version=\u00bb4.16&#8243; _module_preset=\u00bbdefault\u00bb background_color=\u00bb#FFFFFF\u00bb custom_margin=\u00bb0px||||false|false\u00bb custom_padding=\u00bb||||false|false\u00bb top_divider_color=\u00bb#FFFFFF\u00bb da_disable_devices=\u00bboff|off|off\u00bb global_colors_info=\u00bb{}\u00bb da_is_popup=\u00bboff\u00bb da_exit_intent=\u00bboff\u00bb da_has_close=\u00bbon\u00bb da_alt_close=\u00bboff\u00bb da_dark_close=\u00bboff\u00bb da_not_modal=\u00bbon\u00bb da_is_singular=\u00bboff\u00bb da_with_loader=\u00bboff\u00bb da_has_shadow=\u00bbon\u00bb][et_pb_row _builder_version=\u00bb4.16&#8243; _module_preset=\u00bbdefault\u00bb width_tablet=\u00bb\u00bb width_phone=\u00bb90%\u00bb width_last_edited=\u00bbon|phone\u00bb scroll_fade_enable=\u00bbon\u00bb motion_trigger_start=\u00bbtop\u00bb global_colors_info=\u00bb{}\u00bb][et_pb_column type=\u00bb4_4&#8243; _builder_version=\u00bb4.16&#8243; _module_preset=\u00bbdefault\u00bb global_colors_info=\u00bb{}\u00bb][et_pb_text _builder_version=\u00bb4.16&#8243; text_font=\u00bb||||||||\u00bb header_font=\u00bbOpenSans-Light|300|||||||\u00bb custom_margin=\u00bb||0px||false|false\u00bb text_font_size_tablet=\u00bb\u00bb text_font_size_phone=\u00bb15px\u00bb text_font_size_last_edited=\u00bbon|desktop\u00bb header_font_size_tablet=\u00bb40px\u00bb header_font_size_phone=\u00bb25px\u00bb header_font_size_last_edited=\u00bbon|phone\u00bb header_2_font_size_tablet=\u00bb\u00bb header_2_font_size_phone=\u00bb\u00bb header_2_font_size_last_edited=\u00bbon|phone\u00bb global_colors_info=\u00bb{}\u00bb]<\/p>\n<h2 style=\"text-align: center;\">Comentarios sobre el v\u00eddeo de hipnosis en l\u00ednea<br \/>\ncon Malte de Jonas<\/h2>\n<p>[\/et_pb_text][et_pb_divider color=\u00bb#e95e27&#8243; divider_position=\u00bbcenter\u00bb divider_weight=\u00bb2px\u00bb _builder_version=\u00bb4.16&#8243; _module_preset=\u00bbdefault\u00bb width=\u00bb100px\u00bb module_alignment=\u00bbcenter\u00bb custom_margin=\u00bb0px||20px||false|false\u00bb global_colors_info=\u00bb{}\u00bb][\/et_pb_divider][et_pb_code _builder_version=\u00bb4.16&#8243; _module_preset=\u00bbdefault\u00bb width=\u00bb30%\u00bb width_tablet=\u00bb50%\u00bb width_phone=\u00bb50%\u00bb width_last_edited=\u00bbon|phone\u00bb module_alignment=\u00bbcenter\u00bb global_colors_info=\u00bb{}\u00bb]<script src=\"https:\/\/fast.wistia.com\/embed\/medias\/uw9y0qgkc7.jsonp\" async=\"\"><\/script><script src=\"https:\/\/fast.wistia.com\/assets\/external\/E-v1.js\" async=\"\"><\/script><\/p>\n<div class=\"wistia_responsive_padding\" style=\"padding:177.78% 0 0 0;position:relative;\">\n<div class=\"wistia_responsive_wrapper\" style=\"height:100%;left:0;position:absolute;top:0;width:100%;\">\n<div class=\"wistia_embed wistia_async_uw9y0qgkc7 videoFoam=true\" style=\"height:100%;position:relative;width:100%\">\n<div class=\"wistia_swatch\" style=\"height:100%;left:0;opacity:0;overflow:hidden;position:absolute;top:0;transition:opacity 200ms;width:100%;\"><img decoding=\"async\" src=\"https:\/\/fast.wistia.com\/embed\/medias\/uw9y0qgkc7\/swatch\" style=\"filter:blur(5px);height:100%;object-fit:contain;width:100%;\" alt=\"\" aria-hidden=\"true\" onload=\"this.parentNode.style.opacity=1;\"><\/div>\n<\/div>\n<\/div>\n<\/div>\n<p>[\/et_pb_code][\/et_pb_column][\/et_pb_row][\/et_pb_section]<\/p>\n","protected":false},"excerpt":{"rendered":"<p>Sesiones de hipnosis en l\u00edneaSeguro y eficazLas sesiones de hipnosis en l\u00ednea se han convertido en una parte integral de mi trabajo. So kann ich Klienten auf der ganzen Welt bei Ver\u00e4nderungsprozessen unterst\u00fctzen und in Zeiten von Kontaktbeschr\u00e4nkungen weiterhin sicher f\u00fcr euch da sein. Mi experiencia me dice que las sesiones de hipnosis online por [&hellip;]<\/p>\n","protected":false},"author":1,"featured_media":3622,"parent":0,"menu_order":0,"comment_status":"closed","ping_status":"closed","template":"","meta":{"_et_pb_use_builder":"on","_et_pb_old_content":"","_et_gb_content_width":"","footnotes":""},"class_list":["post-4603","page","type-page","status-publish","has-post-thumbnail","hentry"],"_links":{"self":[{"href":"https:\/\/www.kiez-hypnose.de\/es\/wp-json\/wp\/v2\/pages\/4603","targetHints":{"allow":["GET"]}}],"collection":[{"href":"https:\/\/www.kiez-hypnose.de\/es\/wp-json\/wp\/v2\/pages"}],"about":[{"href":"https:\/\/www.kiez-hypnose.de\/es\/wp-json\/wp\/v2\/types\/page"}],"author":[{"embeddable":true,"href":"https:\/\/www.kiez-hypnose.de\/es\/wp-json\/wp\/v2\/users\/1"}],"replies":[{"embeddable":true,"href":"https:\/\/www.kiez-hypnose.de\/es\/wp-json\/wp\/v2\/comments?post=4603"}],"version-history":[{"count":0,"href":"https:\/\/www.kiez-hypnose.de\/es\/wp-json\/wp\/v2\/pages\/4603\/revisions"}],"wp:featuredmedia":[{"embeddable":true,"href":"https:\/\/www.kiez-hypnose.de\/es\/wp-json\/wp\/v2\/media\/3622"}],"wp:attachment":[{"href":"https:\/\/www.kiez-hypnose.de\/es\/wp-json\/wp\/v2\/media?parent=4603"}],"curies":[{"name":"wp","href":"https:\/\/api.w.org\/{rel}","templated":true}]}}