{"id":4325,"date":"2021-11-15T14:05:55","date_gmt":"2021-11-15T13:05:55","guid":{"rendered":"https:\/\/www.kiez-hypnose.de\/pie-de-imprenta\/"},"modified":"2024-06-27T11:12:57","modified_gmt":"2024-06-27T09:12:57","slug":"pie-de-imprenta","status":"publish","type":"page","link":"https:\/\/www.kiez-hypnose.de\/es\/pie-de-imprenta\/","title":{"rendered":"Pie de imprenta"},"content":{"rendered":"<p>[et_pb_section fb_built=\u00bb1&#8243; _builder_version=\u00bb4.16&#8243; _module_preset=\u00bbdefault\u00bb custom_padding=\u00bb||0px||false|false\u00bb da_disable_devices=\u00bboff|off|off\u00bb global_colors_info=\u00bb{}\u00bb da_is_popup=\u00bboff\u00bb da_exit_intent=\u00bboff\u00bb da_has_close=\u00bbon\u00bb da_alt_close=\u00bboff\u00bb da_dark_close=\u00bboff\u00bb da_not_modal=\u00bbon\u00bb da_is_singular=\u00bboff\u00bb da_with_loader=\u00bboff\u00bb da_has_shadow=\u00bbon\u00bb][et_pb_row _builder_version=\u00bb4.16&#8243; _module_preset=\u00bbdefault\u00bb width_tablet=\u00bb\u00bb width_phone=\u00bb90%\u00bb width_last_edited=\u00bbon|phone\u00bb custom_padding=\u00bb||91px|||\u00bb scroll_fade_enable=\u00bbon\u00bb motion_trigger_start=\u00bbtop\u00bb global_colors_info=\u00bb{}\u00bb][et_pb_column type=\u00bb4_4&#8243; _builder_version=\u00bb4.16&#8243; _module_preset=\u00bbdefault\u00bb global_colors_info=\u00bb{}\u00bb][et_pb_text _builder_version=\u00bb4.17.4&#8243; text_font=\u00bb||||||||\u00bb header_font=\u00bb||||||||\u00bb header_font_size=\u00bb26px\u00bb custom_margin=\u00bb||0px||false|false\u00bb text_font_size_tablet=\u00bb\u00bb text_font_size_phone=\u00bb15px\u00bb text_font_size_last_edited=\u00bbon|desktop\u00bb header_font_size_tablet=\u00bb40px\u00bb header_font_size_phone=\u00bb25px\u00bb header_font_size_last_edited=\u00bbon|phone\u00bb header_2_font_size_tablet=\u00bb\u00bb header_2_font_size_phone=\u00bb\u00bb header_2_font_size_last_edited=\u00bbon|phone\u00bb global_colors_info=\u00bb{}\u00bb]<\/p>\n<h1 style=\"text-align: center;\">Pie de imprenta<\/h1>\n<p>[\/et_pb_text][et_pb_divider color=\u00bb#e95e27&#8243; divider_position=\u00bbcenter\u00bb divider_weight=\u00bb2px\u00bb _builder_version=\u00bb4.16&#8243; _module_preset=\u00bbdefault\u00bb width=\u00bb100px\u00bb module_alignment=\u00bbcenter\u00bb custom_margin=\u00bb0px||20px||false|false\u00bb global_colors_info=\u00bb{}\u00bb][\/et_pb_divider][et_pb_text _builder_version=\u00bb4.25.2&#8243; _module_preset=\u00bbdefault\u00bb text_font=\u00bb||||||||\u00bb header_font=\u00bbOpenSans-Light|300|||||||\u00bb width=\u00bb60%\u00bb width_tablet=\u00bb100%\u00bb width_phone=\u00bb100%\u00bb width_last_edited=\u00bbon|tablet\u00bb module_alignment=\u00bbcenter\u00bb custom_margin=\u00bb||0px||false|false\u00bb hover_enabled=\u00bb0&#8243; text_font_size_tablet=\u00bb\u00bb text_font_size_phone=\u00bb15px\u00bb text_font_size_last_edited=\u00bbon|desktop\u00bb header_font_size_tablet=\u00bb40px\u00bb header_font_size_phone=\u00bb25px\u00bb header_font_size_last_edited=\u00bbon|phone\u00bb header_2_font_size_tablet=\u00bb\u00bb header_2_font_size_phone=\u00bb\u00bb header_2_font_size_last_edited=\u00bbon|phone\u00bb global_colors_info=\u00bb{}\u00bb sticky_enabled=\u00bb0&#8243;]<\/p>\n<p>Bernhard Tewes (m\u00e9dico alternativo de psicoterapia, hipnoterapia)<br \/>Kiez Hypnose Berlin<br \/>Petersburger Platz 3<br \/>10249 Berl\u00edn<\/p>\n<p>&nbsp;<\/p>\n<h3>Contacte con<\/h3>\n<p>Tel\u00e9fono: 030 91701944<br \/>Correo electr\u00f3nico: <a href=\"mailto:info@kiez-hypnose.de\">info@kiez-hypnose.de<\/a><\/p>\n<p>&nbsp;<\/p>\n<h3>ID DEL IVA<\/h3>\n<p>N\u00famero de identificaci\u00f3n del impuesto sobre la venta seg\u00fan el art\u00edculo 27 a de la Ley alemana del impuesto sobre la venta:<br \/>DE290730797<\/p>\n<p>&nbsp;<\/p>\n<h3>Responsable editorialmente<\/h3>\n<p>Bernhard Tewes<br \/>Petersburger Platz 3<br \/>10249 Berl\u00edn<\/p>\n<p>&nbsp;<\/p>\n<h3>Cargo<\/h3>\n<p>Terapeuta de psicoterapia de acuerdo con la Heilpraktikergesetz (ley de psicoterapia) (licencia para ejercer como Heilpraktiker limitada al campo de la psicoterapia: Una licencia para ejercer como Heilpraktiker limitada al campo de la psicoterapia de acuerdo con el \u00a7 1 P\u00e1rrafo 1 de la Heilpraktikergesetz (ley de psicoterapia) del 17.2.1939 (RGBI. I p. 251, BGBI. III 2122-2) como Heilpraktiker (practicante no m\u00e9dico) limitado al campo de la psicoterapia, fue concedido por el Departamento de Salud de la Oficina del Distrito de Lichtenberg\/Hohensch\u00f6nhausen de Berl\u00edn el 20.06.2014). Enlace a la ley sobre el ejercicio profesional de la medicina sin certificado m\u00e9dico: <a href=\"http:\/\/www.gesetze-im-internet.de\/heilprg\/BJNR002510939.html\" target=\"_blank\" rel=\"noopener\">Heilpraktikergesetz<\/a><\/p>\n<h2><\/h2>\n<h3>Autoridad competente<\/h3>\n<p>Departamento de Salud de la Oficina del Distrito de Friedrichshain\/Kreuzberg, Casa de la Salud Curt Bejach, Urbanstra\u00dfe 24, 10967 Berl\u00edn<\/p>\n<p>&nbsp;<\/p>\n<h3>Fundaci\u00f3n profesional<\/h3>\n<p>Regulaci\u00f3n profesional para Heilpraktiker (BOH)<\/p>\n<p>&nbsp;<\/p>\n<h3>Asociaciones profesionales<\/h3>\n<p>Asociaci\u00f3n Alemana de Hipnosis e.V.<\/p>\n<p>Asociaci\u00f3n Profesional de Hipnoterapeutas e.V.<\/p>\n<p>Gremio Nacional de Hipnotizadores<\/p>\n<p>&nbsp;<\/p>\n<h3>Referencias de im\u00e1genes y gr\u00e1ficos<\/h3>\n<p>\u00a9 Shutterstock &#8211; <a href=\"http:\/\/www.shutterstock.com\" target=\"_blank\" rel=\"noopener\">www.shutterstock.com<\/a><br \/>\u00a9 AdobeStock &#8211; <a href=\"https:\/\/stock.adobe.com\" target=\"_blank\" rel=\"noopener\">https:\/\/stock.adobe.com<\/a><\/p>\n<p>&nbsp;<\/p>\n<h3>Resoluci\u00f3n de litigios en la UE<\/h3>\n<p>La Comisi\u00f3n Europea ofrece una plataforma para la resoluci\u00f3n de conflictos en l\u00ednea (ODR): <a href=\"https:\/\/ec.europa.eu\/consumers\/odr\/\" target=\"_blank\" rel=\"noopener noreferrer\">https:\/\/ec.europa.eu\/consumers\/odr\/<\/a>.<br \/>Puede encontrar nuestra direcci\u00f3n de correo electr\u00f3nico en el pie de imprenta de arriba.<\/p>\n<p>&nbsp;<\/p>\n<h3>Resoluci\u00f3n de litigios en materia de consumo\/junta arbitral universal<\/h3>\n<p>No estamos dispuestos ni obligados a participar en un procedimiento de resoluci\u00f3n de conflictos ante una junta de arbitraje de consumo.<\/p>\n<p>[\/et_pb_text][\/et_pb_column][\/et_pb_row][\/et_pb_section]<\/p>\n","protected":false},"excerpt":{"rendered":"<p>Pie de imprentaBernhard Tewes (m\u00e9dico alternativo de psicoterapia, hipnoterapia)Kiez Hypnose BerlinPetersburger Platz 310249 Berl\u00edn &nbsp; Contacte con Tel\u00e9fono: 030 91701944Correo electr\u00f3nico: info@kiez-hypnose.de &nbsp; ID DEL IVA N\u00famero de identificaci\u00f3n del impuesto sobre la venta seg\u00fan el art\u00edculo 27 a de la Ley alemana del impuesto sobre la venta:DE290730797 &nbsp; Responsable editorialmente Bernhard TewesPetersburger Platz 310249 [&hellip;]<\/p>\n","protected":false},"author":1,"featured_media":0,"parent":0,"menu_order":0,"comment_status":"closed","ping_status":"closed","template":"","meta":{"_et_pb_use_builder":"on","_et_pb_old_content":"","_et_gb_content_width":"","footnotes":""},"class_list":["post-4325","page","type-page","status-publish","hentry"],"_links":{"self":[{"href":"https:\/\/www.kiez-hypnose.de\/es\/wp-json\/wp\/v2\/pages\/4325","targetHints":{"allow":["GET"]}}],"collection":[{"href":"https:\/\/www.kiez-hypnose.de\/es\/wp-json\/wp\/v2\/pages"}],"about":[{"href":"https:\/\/www.kiez-hypnose.de\/es\/wp-json\/wp\/v2\/types\/page"}],"author":[{"embeddable":true,"href":"https:\/\/www.kiez-hypnose.de\/es\/wp-json\/wp\/v2\/users\/1"}],"replies":[{"embeddable":true,"href":"https:\/\/www.kiez-hypnose.de\/es\/wp-json\/wp\/v2\/comments?post=4325"}],"version-history":[{"count":2,"href":"https:\/\/www.kiez-hypnose.de\/es\/wp-json\/wp\/v2\/pages\/4325\/revisions"}],"predecessor-version":[{"id":9800,"href":"https:\/\/www.kiez-hypnose.de\/es\/wp-json\/wp\/v2\/pages\/4325\/revisions\/9800"}],"wp:attachment":[{"href":"https:\/\/www.kiez-hypnose.de\/es\/wp-json\/wp\/v2\/media?parent=4325"}],"curies":[{"name":"wp","href":"https:\/\/api.w.org\/{rel}","templated":true}]}}