{"id":4231,"date":"2021-11-15T14:05:50","date_gmt":"2021-11-15T13:05:50","guid":{"rendered":"https:\/\/www.kiez-hypnose.de\/methoden\/tecnologia-tewes\/"},"modified":"2021-12-07T15:20:15","modified_gmt":"2021-12-07T14:20:15","slug":"tecnologia-tewes","status":"publish","type":"page","link":"https:\/\/www.kiez-hypnose.de\/es\/methoden\/tecnologia-tewes\/","title":{"rendered":"Tecnolog\u00eda Tewes"},"content":{"rendered":"<p>[et_pb_section fb_built=\u00bb1&#8243; _builder_version=\u00bb4.9.11&#8243; _module_preset=\u00bbdefault\u00bb background_color=\u00bb#f5f5f5&#8243; custom_padding=\u00bb0px||0px||false|false\u00bb da_disable_devices=\u00bboff|off|off\u00bb global_module=\u00bb2660&#8243; global_colors_info=\u00bb{}\u00bb da_is_popup=\u00bboff\u00bb da_exit_intent=\u00bboff\u00bb da_has_close=\u00bbon\u00bb da_alt_close=\u00bboff\u00bb da_dark_close=\u00bboff\u00bb da_not_modal=\u00bbon\u00bb da_is_singular=\u00bboff\u00bb da_with_loader=\u00bboff\u00bb da_has_shadow=\u00bbon\u00bb][et_pb_row column_structure=\u00bb1_2,1_2&#8243; _builder_version=\u00bb4.9.11&#8243; _module_preset=\u00bbdefault\u00bb width=\u00bb31%\u00bb width_tablet=\u00bb100%\u00bb width_phone=\u00bb\u00bb width_last_edited=\u00bbon|tablet\u00bb global_colors_info=\u00bb{}\u00bb][et_pb_column type=\u00bb1_2&#8243; _builder_version=\u00bb4.9.11&#8243; _module_preset=\u00bbdefault\u00bb global_colors_info=\u00bb{}\u00bb][et_pb_text _builder_version=\u00bb4.11.3&#8243; _module_preset=\u00bbdefault\u00bb custom_margin=\u00bb|||3vh|false|false\u00bb custom_margin_tablet=\u00bb\u00bb custom_margin_phone=\u00bb||||false|false\u00bb custom_margin_last_edited=\u00bbon|tablet\u00bb link_option_url=\u00bbhttps:\/\/www.kiez-hypnose.de\/es\/methoden\/\u00bb global_colors_info=\u00bb{}\u00bb]<\/p>\n<h3 style=\"text-align: center\"><span style=\"color: #e95e27\"><a href=\"https:\/\/www.kiez-hypnose.de\/es\/methoden\/\">M\u00e9todos  <\/a><i class=\"fas fa-chevron-right\"><\/i> <\/span><\/h3>\n<p>[\/et_pb_text][\/et_pb_column][et_pb_column type=\u00bb1_2&#8243; _builder_version=\u00bb4.9.11&#8243; _module_preset=\u00bbdefault\u00bb global_colors_info=\u00bb{}\u00bb][et_pb_text content_tablet=\u00bb<\/p>\n<p><a href=\"\/\/www.kiez-hypnose.de\/es\/methoden\/tecnologia-tewes\/%22\">Tecnolog\u00eda Tewes<\/a><br \/><a href=\"\/\/www.kiez-hypnose.de\/es\/methoden\/hipnoexperiencia\/%22\">HipnoExperiencia<\/a><br \/><a href=\"\/\/www.kiez-hypnose.de\/es\/methoden\/hipnoanalisis\/%22\">Hipnoan\u00e1lisis<\/a><br \/><a href=\"\/\/www.kiez-hypnose.de\/es\/methoden\/hipnosis-en-estado-de-flujo\/%22\">Hipnosis en estado de flujo<\/a><br \/><a href=\"\/\/www.kiez-hypnose.de\/es\/methoden\/hipnosis-no-verbal\/%22\">Hipnosis no verbal<\/a><br \/><a href=\"\/\/www.kiez-hypnose.de\/es\/methoden\/hipnorespiracion\/%22\">HipnoRespiraci\u00f3n<\/a><br \/><a href=\"\/\/www.kiez-hypnose.de\/es\/hipnosis-en-linea\/%22\">Hipnosis en l\u00ednea<\/a><\/p>\n<p>\u00bb content_phone=\u00bb<\/p>\n<p><a href=\"\/\/www.kiez-hypnose.de\/es\/methoden\/tecnologia-tewes\/%22\">Tecnolog\u00eda Tewes<\/a><br \/><a href=\"\/\/www.kiez-hypnose.de\/es\/methoden\/hipnoexperiencia\/%22\">HipnoExperiencia<\/a><br \/><a href=\"\/\/www.kiez-hypnose.de\/es\/methoden\/hipnoanalisis\/%22\">Hipnoan\u00e1lisis<\/a><br \/><a href=\"\/\/www.kiez-hypnose.de\/es\/methoden\/hipnosis-en-estado-de-flujo\/%22\">Hipnosis en estado de flujo<\/a><br \/><a href=\"\/\/www.kiez-hypnose.de\/es\/methoden\/hipnosis-no-verbal\/%22\">Hipnosis no verbal<\/a><br \/><a href=\"\/\/www.kiez-hypnose.de\/es\/methoden\/hipnorespiracion\/%22\">HipnoRespiraci\u00f3n<\/a><br \/><a href=\"\/\/www.kiez-hypnose.de\/es\/hipnosis-en-linea\/%22\">Hipnosis en l\u00ednea<\/a><\/p>\n<p>\u00bb content_last_edited=\u00bbon|phone\u00bb _builder_version=\u00bb4.12.1&#8243; _module_preset=\u00bbdefault\u00bb global_colors_info=\u00bb{}\u00bb]<\/p>\n<p><a href=\"https:\/\/www.kiez-hypnose.de\/es\/methoden\/tecnologia-tewes\/\">Tecnolog\u00eda Tewes<\/a><br \/><a href=\"https:\/\/www.kiez-hypnose.de\/es\/methoden\/hipnoexperiencia\/\">HipnoExperiencia<\/a><br \/><a href=\"https:\/\/www.kiez-hypnose.de\/es\/methoden\/hipnoanalisis\/\">Hipnoan\u00e1lisis<\/a><br \/><a href=\"https:\/\/www.kiez-hypnose.de\/es\/methoden\/hipnosis-en-estado-de-flujo\/\">Hipnosis en estado de flujo<\/a><br \/><a href=\"https:\/\/www.kiez-hypnose.de\/es\/methoden\/hipnosis-no-verbal\/\">Hipnosis no verbal<\/a><br \/><a href=\"https:\/\/www.kiez-hypnose.de\/es\/methoden\/hipnorespiracion\/\">HipnoRespiraci\u00f3n<\/a><br \/><a href=\"https:\/\/www.kiez-hypnose.de\/es\/hipnosis-en-linea\/\">Hipnosis en l\u00ednea<\/a><\/p>\n<p>[\/et_pb_text][\/et_pb_column][\/et_pb_row][\/et_pb_section][et_pb_section fb_built=\u00bb1&#8243; _builder_version=\u00bb4.9.2&#8243; _module_preset=\u00bbdefault\u00bb custom_padding=\u00bb||0px||false|false\u00bb da_disable_devices=\u00bboff|off|off\u00bb global_colors_info=\u00bb{}\u00bb da_is_popup=\u00bboff\u00bb da_exit_intent=\u00bboff\u00bb da_has_close=\u00bbon\u00bb da_alt_close=\u00bboff\u00bb da_dark_close=\u00bboff\u00bb da_not_modal=\u00bbon\u00bb da_is_singular=\u00bboff\u00bb da_with_loader=\u00bboff\u00bb da_has_shadow=\u00bbon\u00bb][et_pb_row _builder_version=\u00bb4.14.1&#8243; _module_preset=\u00bb2487b179-ab1d-46ed-9316-ec72a42f6515&#8243; custom_padding=\u00bb0px||0px||false|false\u00bb global_colors_info=\u00bb{}\u00bb theme_builder_area=\u00bbpost_content\u00bb][et_pb_column type=\u00bb4_4&#8243; _builder_version=\u00bb4.14.1&#8243; _module_preset=\u00bbdefault\u00bb global_colors_info=\u00bb{}\u00bb theme_builder_area=\u00bbpost_content\u00bb][et_pb_post_title meta=\u00bboff\u00bb featured_image=\u00bboff\u00bb _builder_version=\u00bb4.14.1&#8243; _module_preset=\u00bbdefault\u00bb title_font=\u00bb||||||||\u00bb title_text_align=\u00bbcenter\u00bb title_text_color=\u00bb#e95e27&#8243; title_font_size=\u00bb14px\u00bb global_colors_info=\u00bb{}\u00bb theme_builder_area=\u00bbpost_content\u00bb][\/et_pb_post_title][\/et_pb_column][\/et_pb_row][et_pb_row _builder_version=\u00bb4.9.9&#8243; _module_preset=\u00bbdefault\u00bb width_tablet=\u00bb\u00bb width_phone=\u00bb90%\u00bb width_last_edited=\u00bbon|phone\u00bb scroll_fade_enable=\u00bbon\u00bb motion_trigger_start=\u00bbtop\u00bb global_colors_info=\u00bb{}\u00bb][et_pb_column type=\u00bb4_4&#8243; _builder_version=\u00bb4.9.2&#8243; _module_preset=\u00bbdefault\u00bb global_colors_info=\u00bb{}\u00bb][et_pb_image src=\u00bbhttps:\/\/www.kiez-hypnose.de\/wp-content\/uploads\/2021\/05\/tewes-technik.png\u00bb alt=\u00bbPrevenir el duelo con hipnosis\u00bb title_text=\u00bbtewes-technik\u00bb align=\u00bbcenter\u00bb disabled_on=\u00bboff|off|off\u00bb _builder_version=\u00bb4.9.11&#8243; _module_preset=\u00bbdefault\u00bb global_colors_info=\u00bb{}\u00bb][\/et_pb_image][et_pb_text _builder_version=\u00bb4.9.11&#8243; text_font=\u00bb||||||||\u00bb header_font=\u00bbOpenSans-Light|300|||||||\u00bb custom_margin=\u00bb||0px||false|false\u00bb text_font_size_tablet=\u00bb\u00bb text_font_size_phone=\u00bb15px\u00bb text_font_size_last_edited=\u00bbon|desktop\u00bb header_font_size_tablet=\u00bb40px\u00bb header_font_size_phone=\u00bb25px\u00bb header_font_size_last_edited=\u00bbon|phone\u00bb header_2_font_size_tablet=\u00bb\u00bb header_2_font_size_phone=\u00bb\u00bb header_2_font_size_last_edited=\u00bbon|phone\u00bb global_colors_info=\u00bb{}\u00bb]<\/p>\n<h2 style=\"text-align: center\">T\u00e9cnica Tewes\u00ae &#8211; hipnosis profunda orientada a la causa<\/h2>\n<p>[\/et_pb_text][et_pb_divider color=\u00bb#e95e27&#8243; divider_position=\u00bbcenter\u00bb divider_weight=\u00bb2px\u00bb _builder_version=\u00bb4.9.4&#8243; _module_preset=\u00bbdefault\u00bb width=\u00bb100px\u00bb module_alignment=\u00bbcenter\u00bb custom_margin=\u00bb0px||20px||false|false\u00bb global_colors_info=\u00bb{}\u00bb][\/et_pb_divider][et_pb_text _builder_version=\u00bb4.9.11&#8243; _module_preset=\u00bbdefault\u00bb width=\u00bb60%\u00bb width_tablet=\u00bb100%\u00bb width_phone=\u00bb\u00bb width_last_edited=\u00bbon|tablet\u00bb module_alignment=\u00bbcenter\u00bb global_colors_info=\u00bb{}\u00bb]<\/p>\n<p style=\"text-align: center\">Las emociones son sanadoras. Nos curamos a trav\u00e9s de las im\u00e1genes, las palabras y las experiencias que se recuerdan o se vuelven a sugerir. En la hipnosis combinamos estas emociones para cambiar las evaluaciones inconscientes. Esta es la base de mi nueva t\u00e9cnica Tewes\u00ae. Puede adaptarse con flexibilidad a su personalidad.<\/p>\n<p style=\"text-align: center\">La t\u00e9cnica Tewes\u00ae es el concepto orientado a la causa de la Kiez Hypnose Praxis y se utiliza como una nueva herramienta est\u00e1ndar en mis sesiones. Siempre estoy desarrollando m\u00e1s m\u00e9todos que ayuden a mis clientes a tener una mejor calidad de vida. Pero hay una regla b\u00e1sica que se mantiene: trabajamos como a usted le gusta. Mi est\u00e1ndar no tiene por qu\u00e9 ser el tuyo, siempre puedes recurrir a las t\u00e9cnicas cl\u00e1sicas. Lo importante es que te sientas c\u00f3modo.<\/p>\n<p>[\/et_pb_text][\/et_pb_column][\/et_pb_row][\/et_pb_section][et_pb_section fb_built=\u00bb1&#8243; admin_label=\u00bbWie l\u00e4uft Hypnose ab?\u00bb _builder_version=\u00bb4.9.11&#8243; _module_preset=\u00bbdefault\u00bb background_color=\u00bb#f5f5f5&#8243; custom_margin=\u00bb0px||||false|false\u00bb custom_padding=\u00bb||5px||false|false\u00bb bottom_divider_color=\u00bb#FFFFFF\u00bb da_disable_devices=\u00bboff|off|off\u00bb global_colors_info=\u00bb{}\u00bb da_is_popup=\u00bboff\u00bb da_exit_intent=\u00bboff\u00bb da_has_close=\u00bbon\u00bb da_alt_close=\u00bboff\u00bb da_dark_close=\u00bboff\u00bb da_not_modal=\u00bbon\u00bb da_is_singular=\u00bboff\u00bb da_with_loader=\u00bboff\u00bb da_has_shadow=\u00bbon\u00bb][et_pb_row _builder_version=\u00bb4.9.11&#8243; _module_preset=\u00bbdefault\u00bb width=\u00bb60%\u00bb width_tablet=\u00bb95%\u00bb width_phone=\u00bb\u00bb width_last_edited=\u00bbon|tablet\u00bb module_alignment=\u00bbcenter\u00bb custom_margin=\u00bb-0.1%|auto|1.3%|auto|false|false\u00bb custom_margin_tablet=\u00bb\u00bb custom_margin_phone=\u00bb||5%||false|false\u00bb custom_margin_last_edited=\u00bbon|desktop\u00bb custom_padding=\u00bb14px|20px|14px|20px|true|false\u00bb custom_css_main_element=\u00bbtext-decoration: none;\u00bb global_colors_info=\u00bb{}\u00bb header_2_font_size_tablet=\u00bb40px\u00bb header_2_font_size_phone=\u00bb25px\u00bb header_2_font_size_last_edited=\u00bbon|phone\u00bb header_4_font_size_tablet=\u00bb30px\u00bb header_4_font_size_phone=\u00bb22px\u00bb header_4_font_size_last_edited=\u00bbon|phone\u00bb text_font_size_phone=\u00bb15px\u00bb text_font_size_last_edited=\u00bbon|desktop\u00bb button_bg_color__hover_enabled=\u00bbon|hover\u00bb custom_padding__hover=\u00bb|30px||\u00bb custom_padding__hover_enabled=\u00bbon\u00bb][et_pb_column type=\u00bb4_4&#8243; _builder_version=\u00bb4.9.7&#8243; _module_preset=\u00bbdefault\u00bb custom_padding=\u00bb||||false|false\u00bb animation_style=\u00bbslide\u00bb animation_direction=\u00bbleft\u00bb animation_duration=\u00bb2000ms\u00bb global_colors_info=\u00bb{}\u00bb][et_pb_text _builder_version=\u00bb4.9.11&#8243; _module_preset=\u00bbdefault\u00bb header_2_font_size=\u00bb18px\u00bb custom_margin=\u00bb||0px||false|false\u00bb global_colors_info=\u00bb{}\u00bb]<\/p>\n<h2>La t\u00e9cnica Tewes\u00ae es el concepto de sesi\u00f3n intensiva de Kiez Hypnose<\/h2>\n<p>[\/et_pb_text][et_pb_divider color=\u00bb#e95e27&#8243; divider_position=\u00bbcenter\u00bb divider_weight=\u00bb2px\u00bb _builder_version=\u00bb4.9.4&#8243; _module_preset=\u00bbdefault\u00bb width=\u00bb100px\u00bb module_alignment=\u00bbleft\u00bb custom_margin=\u00bb0px||20px||false|false\u00bb global_colors_info=\u00bb{}\u00bb][\/et_pb_divider][et_pb_text _builder_version=\u00bb4.9.11&#8243; _module_preset=\u00bbdefault\u00bb text_font=\u00bb||||||||\u00bb header_font=\u00bb||||||||\u00bb header_2_font=\u00bb|700|||||||\u00bb header_2_font_size=\u00bb50px\u00bb header_2_line_height=\u00bb1.2em\u00bb header_4_font=\u00bbGentium Basic|700|||||||\u00bb header_4_font_size=\u00bb40px\u00bb header_4_line_height=\u00bb1.2em\u00bb text_orientation=\u00bbcenter\u00bb module_alignment=\u00bbcenter\u00bb custom_margin=\u00bb||3%||false|false\u00bb text_font_size_tablet=\u00bb\u00bb text_font_size_phone=\u00bb15px\u00bb text_font_size_last_edited=\u00bbon|desktop\u00bb header_2_font_size_tablet=\u00bb40px\u00bb header_2_font_size_phone=\u00bb25px\u00bb header_2_font_size_last_edited=\u00bbon|phone\u00bb header_4_font_size_tablet=\u00bb30px\u00bb header_4_font_size_phone=\u00bb22px\u00bb header_4_font_size_last_edited=\u00bbon|phone\u00bb global_colors_info=\u00bb{}\u00bb]<\/p>\n<ul>\n<li style=\"text-align: left\">Terapia de regresi\u00f3n orientada a la causa<a href=\"https:\/\/www.kiez-hypnose.de\/es\/methoden\/hipnoanalisis\/\" title=\"Hipnoan\u00e1lisis\">(HypnoAnalysis<\/a>)<\/li>\n<li style=\"text-align: left\">procesos eficaces de desprendimiento<\/li>\n<li style=\"text-align: left\">experimente la hipnosis con <a href=\"https:\/\/www.kiez-hypnose.de\/es\/methoden\/hipnoexperiencia\/\" title=\"HipnoExperiencia\">HypnoExperience\u00ae<\/a>.<\/li>\n<li style=\"text-align: left\">Herramientas para el hogar y la carretera: herramientas contra la ansiedad<\/li>\n<li style=\"text-align: left\">Trabajo de recursos incl. Anclaje<\/li>\n<li style=\"text-align: left\">Autohipnosis con la <a href=\"http:\/\/www.hypnobox.de\/\" target=\"_blank\" title=\"www.hypnobox.de\" rel=\"noopener\">aplicaci\u00f3n HypnoBox<\/a><\/li>\n<\/ul>\n<p style=\"text-align: left\">Dependiendo del s\u00edntoma, necesitamos entre 1 y 4 sesiones intensivas.<\/p>\n<p>[\/et_pb_text][\/et_pb_column][\/et_pb_row][\/et_pb_section]<\/p>\n","protected":false},"excerpt":{"rendered":"<p>M\u00e9todos Tecnolog\u00eda TewesHipnoExperienciaHipnoan\u00e1lisisHipnosis en estado de flujoHipnosis no verbalHipnoRespiraci\u00f3nHipnosis en l\u00edneaT\u00e9cnica Tewes\u00ae &#8211; hipnosis profunda orientada a la causaLas emociones son sanadoras. Nos curamos a trav\u00e9s de las im\u00e1genes, las palabras y las experiencias que se recuerdan o se vuelven a sugerir. En la hipnosis combinamos estas emociones para cambiar las evaluaciones inconscientes. Esta es [&hellip;]<\/p>\n","protected":false},"author":1,"featured_media":3188,"parent":4135,"menu_order":0,"comment_status":"closed","ping_status":"closed","template":"","meta":{"_et_pb_use_builder":"on","_et_pb_old_content":"","_et_gb_content_width":"","footnotes":""},"class_list":["post-4231","page","type-page","status-publish","has-post-thumbnail","hentry"],"_links":{"self":[{"href":"https:\/\/www.kiez-hypnose.de\/es\/wp-json\/wp\/v2\/pages\/4231","targetHints":{"allow":["GET"]}}],"collection":[{"href":"https:\/\/www.kiez-hypnose.de\/es\/wp-json\/wp\/v2\/pages"}],"about":[{"href":"https:\/\/www.kiez-hypnose.de\/es\/wp-json\/wp\/v2\/types\/page"}],"author":[{"embeddable":true,"href":"https:\/\/www.kiez-hypnose.de\/es\/wp-json\/wp\/v2\/users\/1"}],"replies":[{"embeddable":true,"href":"https:\/\/www.kiez-hypnose.de\/es\/wp-json\/wp\/v2\/comments?post=4231"}],"version-history":[{"count":0,"href":"https:\/\/www.kiez-hypnose.de\/es\/wp-json\/wp\/v2\/pages\/4231\/revisions"}],"up":[{"embeddable":true,"href":"https:\/\/www.kiez-hypnose.de\/es\/wp-json\/wp\/v2\/pages\/4135"}],"wp:featuredmedia":[{"embeddable":true,"href":"https:\/\/www.kiez-hypnose.de\/es\/wp-json\/wp\/v2\/media\/3188"}],"wp:attachment":[{"href":"https:\/\/www.kiez-hypnose.de\/es\/wp-json\/wp\/v2\/media?parent=4231"}],"curies":[{"name":"wp","href":"https:\/\/api.w.org\/{rel}","templated":true}]}}