{"id":4201,"date":"2021-11-15T14:05:49","date_gmt":"2021-11-15T13:05:49","guid":{"rendered":"https:\/\/www.kiez-hypnose.de\/methoden\/hipnorespiracion\/"},"modified":"2021-12-07T15:17:34","modified_gmt":"2021-12-07T14:17:34","slug":"hipnorespiracion","status":"publish","type":"page","link":"https:\/\/www.kiez-hypnose.de\/es\/methoden\/hipnorespiracion\/","title":{"rendered":"HipnoRespiraci\u00f3n"},"content":{"rendered":"<p>[et_pb_section fb_built=\u00bb1&#8243; _builder_version=\u00bb4.9.11&#8243; _module_preset=\u00bbdefault\u00bb background_color=\u00bb#f5f5f5&#8243; custom_padding=\u00bb0px||0px||false|false\u00bb da_disable_devices=\u00bboff|off|off\u00bb global_module=\u00bb2660&#8243; global_colors_info=\u00bb{}\u00bb da_is_popup=\u00bboff\u00bb da_exit_intent=\u00bboff\u00bb da_has_close=\u00bbon\u00bb da_alt_close=\u00bboff\u00bb da_dark_close=\u00bboff\u00bb da_not_modal=\u00bbon\u00bb da_is_singular=\u00bboff\u00bb da_with_loader=\u00bboff\u00bb da_has_shadow=\u00bbon\u00bb][et_pb_row column_structure=\u00bb1_2,1_2&#8243; _builder_version=\u00bb4.9.11&#8243; _module_preset=\u00bbdefault\u00bb width=\u00bb31%\u00bb width_tablet=\u00bb100%\u00bb width_phone=\u00bb\u00bb width_last_edited=\u00bbon|tablet\u00bb global_colors_info=\u00bb{}\u00bb][et_pb_column type=\u00bb1_2&#8243; _builder_version=\u00bb4.9.11&#8243; _module_preset=\u00bbdefault\u00bb global_colors_info=\u00bb{}\u00bb][et_pb_text _builder_version=\u00bb4.11.3&#8243; _module_preset=\u00bbdefault\u00bb custom_margin=\u00bb|||3vh|false|false\u00bb custom_margin_tablet=\u00bb\u00bb custom_margin_phone=\u00bb||||false|false\u00bb custom_margin_last_edited=\u00bbon|tablet\u00bb link_option_url=\u00bbhttps:\/\/www.kiez-hypnose.de\/es\/methoden\/\u00bb global_colors_info=\u00bb{}\u00bb]<\/p>\n<h3 style=\"text-align: center;\"><span style=\"color: #e95e27;\"><a href=\"https:\/\/www.kiez-hypnose.de\/es\/methoden\/\">M\u00e9todos  <\/a><i class=\"fas fa-chevron-right\"><\/i> <\/span><\/h3>\n<p>[\/et_pb_text][\/et_pb_column][et_pb_column type=\u00bb1_2&#8243; _builder_version=\u00bb4.9.11&#8243; _module_preset=\u00bbdefault\u00bb global_colors_info=\u00bb{}\u00bb][et_pb_text content_tablet=\u00bb<\/p>\n<p style=%22text-align: center;%22><a href=%22https:\/\/www.kiez-hypnose.de\/es\/methoden\/tecnologia-tewes\/%22>Tecnolog\u00eda Tewes<\/a><br \/><a href=%22https:\/\/www.kiez-hypnose.de\/es\/methoden\/hipnoexperiencia\/%22>HipnoExperiencia<\/a><br \/><a href=%22https:\/\/www.kiez-hypnose.de\/es\/methoden\/hipnoanalisis\/%22>Hipnoan\u00e1lisis<\/a><br \/><a href=%22https:\/\/www.kiez-hypnose.de\/es\/methoden\/hipnosis-en-estado-de-flujo\/%22>Hipnosis en estado de flujo<\/a><br \/><a href=%22https:\/\/www.kiez-hypnose.de\/es\/methoden\/hipnosis-no-verbal\/%22>Hipnosis no verbal<\/a><br \/><a href=%22https:\/\/www.kiez-hypnose.de\/es\/methoden\/hipnorespiracion\/%22>HipnoRespiraci\u00f3n<\/a><br \/><a href=%22https:\/\/www.kiez-hypnose.de\/es\/hipnosis-en-linea\/%22>Hipnosis en l\u00ednea<\/a><\/p>\n<p>\u00bb content_phone=\u00bb<\/p>\n<p style=%22text-align: center;%22><a href=%22https:\/\/www.kiez-hypnose.de\/es\/methoden\/tecnologia-tewes\/%22>Tecnolog\u00eda Tewes<\/a><br \/><a href=%22https:\/\/www.kiez-hypnose.de\/es\/methoden\/hipnoexperiencia\/%22>HipnoExperiencia<\/a><br \/><a href=%22https:\/\/www.kiez-hypnose.de\/es\/methoden\/hipnoanalisis\/%22>Hipnoan\u00e1lisis<\/a><br \/><a href=%22https:\/\/www.kiez-hypnose.de\/es\/methoden\/hipnosis-en-estado-de-flujo\/%22>Hipnosis en estado de flujo<\/a><br \/><a href=%22https:\/\/www.kiez-hypnose.de\/es\/methoden\/hipnosis-no-verbal\/%22>Hipnosis no verbal<\/a><br \/><a href=%22https:\/\/www.kiez-hypnose.de\/es\/methoden\/hipnorespiracion\/%22>HipnoRespiraci\u00f3n<\/a><br \/><a href=%22https:\/\/www.kiez-hypnose.de\/es\/hipnosis-en-linea\/%22>Hipnosis en l\u00ednea<\/a><\/p>\n<p>\u00bb content_last_edited=\u00bbon|phone\u00bb _builder_version=\u00bb4.12.1&#8243; _module_preset=\u00bbdefault\u00bb global_colors_info=\u00bb{}\u00bb]<\/p>\n<p><a href=\"https:\/\/www.kiez-hypnose.de\/es\/methoden\/tecnologia-tewes\/\">Tecnolog\u00eda Tewes<\/a><br \/><a href=\"https:\/\/www.kiez-hypnose.de\/es\/methoden\/hipnoexperiencia\/\">HipnoExperiencia<\/a><br \/><a href=\"https:\/\/www.kiez-hypnose.de\/es\/methoden\/hipnoanalisis\/\">Hipnoan\u00e1lisis<\/a><br \/><a href=\"https:\/\/www.kiez-hypnose.de\/es\/methoden\/hipnosis-en-estado-de-flujo\/\">Hipnosis en estado de flujo<\/a><br \/><a href=\"https:\/\/www.kiez-hypnose.de\/es\/methoden\/hipnosis-no-verbal\/\">Hipnosis no verbal<\/a><br \/><a href=\"https:\/\/www.kiez-hypnose.de\/es\/methoden\/hipnorespiracion\/\">HipnoRespiraci\u00f3n<\/a><br \/><a href=\"https:\/\/www.kiez-hypnose.de\/es\/hipnosis-en-linea\/\">Hipnosis en l\u00ednea<\/a><\/p>\n<p>[\/et_pb_text][\/et_pb_column][\/et_pb_row][\/et_pb_section][et_pb_section fb_built=\u00bb1&#8243; _builder_version=\u00bb4.9.2&#8243; _module_preset=\u00bbdefault\u00bb custom_padding=\u00bb||0px||false|false\u00bb da_disable_devices=\u00bboff|off|off\u00bb global_colors_info=\u00bb{}\u00bb da_is_popup=\u00bboff\u00bb da_exit_intent=\u00bboff\u00bb da_has_close=\u00bbon\u00bb da_alt_close=\u00bboff\u00bb da_dark_close=\u00bboff\u00bb da_not_modal=\u00bbon\u00bb da_is_singular=\u00bboff\u00bb da_with_loader=\u00bboff\u00bb da_has_shadow=\u00bbon\u00bb][et_pb_row _builder_version=\u00bb4.14.1&#8243; _module_preset=\u00bb2487b179-ab1d-46ed-9316-ec72a42f6515&#8243; custom_padding=\u00bb0px||0px||false|false\u00bb global_colors_info=\u00bb{}\u00bb theme_builder_area=\u00bbpost_content\u00bb][et_pb_column type=\u00bb4_4&#8243; _builder_version=\u00bb4.14.1&#8243; _module_preset=\u00bbdefault\u00bb global_colors_info=\u00bb{}\u00bb theme_builder_area=\u00bbpost_content\u00bb][et_pb_post_title meta=\u00bboff\u00bb featured_image=\u00bboff\u00bb _builder_version=\u00bb4.14.1&#8243; _module_preset=\u00bbdefault\u00bb title_font=\u00bb||||||||\u00bb title_text_align=\u00bbcenter\u00bb title_text_color=\u00bb#e95e27&#8243; title_font_size=\u00bb14px\u00bb global_colors_info=\u00bb{}\u00bb theme_builder_area=\u00bbpost_content\u00bb][\/et_pb_post_title][\/et_pb_column][\/et_pb_row][et_pb_row _builder_version=\u00bb4.9.9&#8243; _module_preset=\u00bbdefault\u00bb width_tablet=\u00bb\u00bb width_phone=\u00bb90%\u00bb width_last_edited=\u00bbon|phone\u00bb custom_padding=\u00bb||91px|||\u00bb scroll_fade_enable=\u00bbon\u00bb motion_trigger_start=\u00bbtop\u00bb global_colors_info=\u00bb{}\u00bb][et_pb_column type=\u00bb4_4&#8243; _builder_version=\u00bb4.9.2&#8243; _module_preset=\u00bbdefault\u00bb global_colors_info=\u00bb{}\u00bb][et_pb_image src=\u00bbhttps:\/\/www.kiez-hypnose.de\/wp-content\/uploads\/2021\/10\/hypnobreathing.png\u00bb alt=\u00bbPrevenir el duelo con hipnosis\u00bb title_text=\u00bbhipno-respiraci\u00f3n\u00bb align=\u00bbcenter\u00bb disabled_on=\u00bboff|off|off\u00bb _builder_version=\u00bb4.9.11&#8243; _module_preset=\u00bbdefault\u00bb global_colors_info=\u00bb{}\u00bb][\/et_pb_image][et_pb_text _builder_version=\u00bb4.9.11&#8243; text_font=\u00bb||||||||\u00bb header_font=\u00bbOpenSans-Light|300|||||||\u00bb custom_margin=\u00bb||0px||false|false\u00bb text_font_size_tablet=\u00bb\u00bb text_font_size_phone=\u00bb15px\u00bb text_font_size_last_edited=\u00bbon|desktop\u00bb header_font_size_tablet=\u00bb40px\u00bb header_font_size_phone=\u00bb25px\u00bb header_font_size_last_edited=\u00bbon|phone\u00bb header_2_font_size_tablet=\u00bb\u00bb header_2_font_size_phone=\u00bb\u00bb header_2_font_size_last_edited=\u00bbon|phone\u00bb global_colors_info=\u00bb{}\u00bb]<\/p>\n<h2 style=\"text-align: center;\">HypnoBreathing\u00ae (respiraci\u00f3n hipn\u00f3tica)<br \/>\nLa conexi\u00f3n entre la respiraci\u00f3n y la hipnosis<\/h2>\n<p>[\/et_pb_text][et_pb_divider color=\u00bb#e95e27&#8243; divider_position=\u00bbcenter\u00bb divider_weight=\u00bb2px\u00bb _builder_version=\u00bb4.9.4&#8243; _module_preset=\u00bbdefault\u00bb width=\u00bb100px\u00bb module_alignment=\u00bbcenter\u00bb custom_margin=\u00bb0px||20px||false|false\u00bb global_colors_info=\u00bb{}\u00bb][\/et_pb_divider][et_pb_text _builder_version=\u00bb4.9.11&#8243; _module_preset=\u00bbdefault\u00bb width=\u00bb60%\u00bb width_tablet=\u00bb100%\u00bb width_phone=\u00bb\u00bb width_last_edited=\u00bbon|desktop\u00bb module_alignment=\u00bbcenter\u00bb global_colors_info=\u00bb{}\u00bb]<\/p>\n<p style=\"text-align: center;\">HypnoBreathing\u00ae combina t\u00e9cnicas de respiraci\u00f3n y\u00f3guicas y cham\u00e1nicas con la hipnosis moderna. Es muy f\u00e1cil entrar en diferentes estados de trance a trav\u00e9s de nuestra respiraci\u00f3n. Te gu\u00edo de forma muy espec\u00edfica con el patr\u00f3n de respiraci\u00f3n adecuado hacia una hipnosis en la que tu subconsciente est\u00e1 preparado para el cambio. Esta t\u00e9cnica est\u00e1 especialmente indicada para las personas a las que les cuesta relajarse y que tienen muchas cosas en la cabeza.<\/p>\n<p style=\"text-align: center;\">C\u00f3mo surgi\u00f3: Desarroll\u00e9 esta t\u00e9cnica despu\u00e9s de pasar tres meses en la India y Tailandia en 2019 aprendiendo t\u00e9cnicas de respiraci\u00f3n de diferentes maestros.<\/p>\n<p>[\/et_pb_text][\/et_pb_column][\/et_pb_row][\/et_pb_section]<\/p>\n","protected":false},"excerpt":{"rendered":"<p>M\u00e9todos Tecnolog\u00eda TewesHipnoExperienciaHipnoan\u00e1lisisHipnosis en estado de flujoHipnosis no verbalHipnoRespiraci\u00f3nHipnosis en l\u00edneaHypnoBreathing\u00ae (respiraci\u00f3n hipn\u00f3tica) La conexi\u00f3n entre la respiraci\u00f3n y la hipnosisHypnoBreathing\u00ae combina t\u00e9cnicas de respiraci\u00f3n y\u00f3guicas y cham\u00e1nicas con la hipnosis moderna. Es muy f\u00e1cil entrar en diferentes estados de trance a trav\u00e9s de nuestra respiraci\u00f3n. Te gu\u00edo de forma muy espec\u00edfica con el patr\u00f3n [&hellip;]<\/p>\n","protected":false},"author":1,"featured_media":3552,"parent":4135,"menu_order":0,"comment_status":"closed","ping_status":"closed","template":"","meta":{"_et_pb_use_builder":"on","_et_pb_old_content":"","_et_gb_content_width":"","footnotes":""},"class_list":["post-4201","page","type-page","status-publish","has-post-thumbnail","hentry"],"_links":{"self":[{"href":"https:\/\/www.kiez-hypnose.de\/es\/wp-json\/wp\/v2\/pages\/4201","targetHints":{"allow":["GET"]}}],"collection":[{"href":"https:\/\/www.kiez-hypnose.de\/es\/wp-json\/wp\/v2\/pages"}],"about":[{"href":"https:\/\/www.kiez-hypnose.de\/es\/wp-json\/wp\/v2\/types\/page"}],"author":[{"embeddable":true,"href":"https:\/\/www.kiez-hypnose.de\/es\/wp-json\/wp\/v2\/users\/1"}],"replies":[{"embeddable":true,"href":"https:\/\/www.kiez-hypnose.de\/es\/wp-json\/wp\/v2\/comments?post=4201"}],"version-history":[{"count":0,"href":"https:\/\/www.kiez-hypnose.de\/es\/wp-json\/wp\/v2\/pages\/4201\/revisions"}],"up":[{"embeddable":true,"href":"https:\/\/www.kiez-hypnose.de\/es\/wp-json\/wp\/v2\/pages\/4135"}],"wp:featuredmedia":[{"embeddable":true,"href":"https:\/\/www.kiez-hypnose.de\/es\/wp-json\/wp\/v2\/media\/3552"}],"wp:attachment":[{"href":"https:\/\/www.kiez-hypnose.de\/es\/wp-json\/wp\/v2\/media?parent=4201"}],"curies":[{"name":"wp","href":"https:\/\/api.w.org\/{rel}","templated":true}]}}