{"id":4135,"date":"2021-11-15T14:05:43","date_gmt":"2021-11-15T13:05:43","guid":{"rendered":"https:\/\/www.kiez-hypnose.de\/methoden\/"},"modified":"2022-04-05T10:37:01","modified_gmt":"2022-04-05T08:37:01","slug":"methoden","status":"publish","type":"page","link":"https:\/\/www.kiez-hypnose.de\/es\/methoden\/","title":{"rendered":"M\u00e9todos"},"content":{"rendered":"<p>[et_pb_section fb_built=\u00bb1&#8243; _builder_version=\u00bb4.9.11&#8243; _module_preset=\u00bbdefault\u00bb background_color=\u00bb#f5f5f5&#8243; custom_padding=\u00bb0px||0px||false|false\u00bb da_disable_devices=\u00bboff|off|off\u00bb global_module=\u00bb2660&#8243; saved_tabs=\u00bball\u00bb global_colors_info=\u00bb{}\u00bb da_is_popup=\u00bboff\u00bb da_exit_intent=\u00bboff\u00bb da_has_close=\u00bbon\u00bb da_alt_close=\u00bboff\u00bb da_dark_close=\u00bboff\u00bb da_not_modal=\u00bbon\u00bb da_is_singular=\u00bboff\u00bb da_with_loader=\u00bboff\u00bb da_has_shadow=\u00bbon\u00bb][et_pb_row column_structure=\u00bb1_2,1_2&#8243; _builder_version=\u00bb4.15&#8243; _module_preset=\u00bbdefault\u00bb width=\u00bb31%\u00bb width_tablet=\u00bb100%\u00bb width_phone=\u00bb\u00bb width_last_edited=\u00bbon|tablet\u00bb global_colors_info=\u00bb{}\u00bb][et_pb_column type=\u00bb1_2&#8243; _builder_version=\u00bb4.15&#8243; _module_preset=\u00bbdefault\u00bb global_colors_info=\u00bb{}\u00bb][et_pb_text _builder_version=\u00bb4.15&#8243; _module_preset=\u00bbdefault\u00bb custom_margin=\u00bb|||3vh|false|false\u00bb custom_margin_tablet=\u00bb\u00bb custom_margin_phone=\u00bb||||false|false\u00bb custom_margin_last_edited=\u00bbon|tablet\u00bb link_option_url=\u00bbhttps:\/\/www.kiez-hypnose.de\/es\/?page_id=4135&#8243; global_colors_info=\u00bb{}\u00bb]<\/p>\n<h3 style=\"text-align: center;\"><span style=\"color: #e95e27;\"><a href=\"https:\/\/www.kiez-hypnose.de\/es\/?page_id=4135\">M\u00e9todos  <\/a><i class=\"fas fa-chevron-right\"><\/i> <\/span><\/h3>\n<p>[\/et_pb_text][\/et_pb_column][et_pb_column type=\u00bb1_2&#8243; _builder_version=\u00bb4.15&#8243; _module_preset=\u00bbdefault\u00bb global_colors_info=\u00bb{}\u00bb][et_pb_text content_tablet=\u00bb<\/p>\n<p style=%22text-align: center;%22><a href=%22https:\/\/www.kiez-hypnose.de\/es\/?page_id=4231%22>Tecnolog\u00eda Tewes<\/a><br \/><a href=%22https:\/\/www.kiez-hypnose.de\/es\/?page_id=4306%22>HipnoExperiencia<\/a><br \/><a href=%22https:\/\/www.kiez-hypnose.de\/es\/?page_id=4182%22>Hipnoan\u00e1lisis<\/a><br \/><a href=%22https:\/\/www.kiez-hypnose.de\/es\/?page_id=4270%22>Hipnosis en estado de flujo<\/a><br \/><a href=%22https:\/\/www.kiez-hypnose.de\/es\/?page_id=4127%22>Hipnosis no verbal<\/a><br \/><a href=%22https:\/\/www.kiez-hypnose.de\/es\/?page_id=4201%22>HipnoRespiraci\u00f3n<\/a><br \/><a href=%22https:\/\/www.kiez-hypnose.de\/online-hypnose\/%22>Hipnosis en l\u00ednea<\/a><\/p>\n<p>\u00bb content_phone=\u00bb<\/p>\n<p style=%22text-align: center;%22><a href=%22https:\/\/www.kiez-hypnose.de\/es\/?page_id=4231%22>Tecnolog\u00eda Tewes<\/a><br \/><a href=%22https:\/\/www.kiez-hypnose.de\/es\/?page_id=4306%22>HipnoExperiencia<\/a><br \/><a href=%22https:\/\/www.kiez-hypnose.de\/es\/?page_id=4182%22>Hipnoan\u00e1lisis<\/a><br \/><a href=%22https:\/\/www.kiez-hypnose.de\/es\/?page_id=4270%22>Hipnosis en estado de flujo<\/a><br \/><a href=%22https:\/\/www.kiez-hypnose.de\/es\/?page_id=4127%22>Hipnosis no verbal<\/a><br \/><a href=%22https:\/\/www.kiez-hypnose.de\/es\/?page_id=4201%22>HipnoRespiraci\u00f3n<\/a><br \/><a href=%22https:\/\/www.kiez-hypnose.de\/online-hypnose\/%22>Hipnosis en l\u00ednea<\/a><\/p>\n<p>\u00bb content_last_edited=\u00bbon|phone\u00bb _builder_version=\u00bb4.15&#8243; _module_preset=\u00bbdefault\u00bb global_colors_info=\u00bb{}\u00bb]<\/p>\n<p><a href=\"https:\/\/www.kiez-hypnose.de\/es\/?page_id=4231\">Tecnolog\u00eda Tewes<\/a><br \/><a href=\"https:\/\/www.kiez-hypnose.de\/es\/?page_id=4306\">HipnoExperiencia<\/a><br \/><a href=\"https:\/\/www.kiez-hypnose.de\/es\/?page_id=4182\">Hipnoan\u00e1lisis<\/a><br \/><a href=\"https:\/\/www.kiez-hypnose.de\/es\/?page_id=4270\">Hipnosis en estado de flujo<\/a><br \/><a href=\"https:\/\/www.kiez-hypnose.de\/es\/?page_id=4127\">Hipnosis no verbal<\/a><br \/><a href=\"https:\/\/www.kiez-hypnose.de\/es\/?page_id=4201\">HipnoRespiraci\u00f3n<\/a><br \/><a href=\"https:\/\/www.kiez-hypnose.de\/online-hypnose\/\">Hipnosis en l\u00ednea<\/a><\/p>\n<p>[\/et_pb_text][\/et_pb_column][\/et_pb_row][\/et_pb_section][et_pb_section fb_built=\u00bb1&#8243; _builder_version=\u00bb4.15&#8243; _module_preset=\u00bbdefault\u00bb custom_padding=\u00bb||0px||false|false\u00bb da_disable_devices=\u00bboff|off|off\u00bb global_colors_info=\u00bb{}\u00bb da_is_popup=\u00bboff\u00bb da_exit_intent=\u00bboff\u00bb da_has_close=\u00bbon\u00bb da_alt_close=\u00bboff\u00bb da_dark_close=\u00bboff\u00bb da_not_modal=\u00bbon\u00bb da_is_singular=\u00bboff\u00bb da_with_loader=\u00bboff\u00bb da_has_shadow=\u00bbon\u00bb][et_pb_row _builder_version=\u00bb4.15&#8243; _module_preset=\u00bb2487b179-ab1d-46ed-9316-ec72a42f6515&#8243; custom_padding=\u00bb0px||0px||false|false\u00bb global_colors_info=\u00bb{}\u00bb][et_pb_column type=\u00bb4_4&#8243; _builder_version=\u00bb4.15&#8243; _module_preset=\u00bbdefault\u00bb global_colors_info=\u00bb{}\u00bb][et_pb_post_title meta=\u00bboff\u00bb featured_image=\u00bboff\u00bb _builder_version=\u00bb4.15&#8243; _module_preset=\u00bbdefault\u00bb title_font=\u00bb||||||||\u00bb title_text_align=\u00bbcenter\u00bb title_text_color=\u00bb#e95e27&#8243; title_font_size=\u00bb14px\u00bb global_colors_info=\u00bb{}\u00bb][\/et_pb_post_title][\/et_pb_column][\/et_pb_row][et_pb_row _builder_version=\u00bb4.15&#8243; _module_preset=\u00bbdefault\u00bb width_tablet=\u00bb\u00bb width_phone=\u00bb90%\u00bb width_last_edited=\u00bbon|phone\u00bb scroll_fade_enable=\u00bbon\u00bb motion_trigger_start=\u00bbtop\u00bb global_colors_info=\u00bb{}\u00bb][et_pb_column type=\u00bb4_4&#8243; _builder_version=\u00bb4.15&#8243; _module_preset=\u00bbdefault\u00bb global_colors_info=\u00bb{}\u00bb][et_pb_text _builder_version=\u00bb4.15&#8243; text_font=\u00bb||||||||\u00bb header_font=\u00bbOpenSans-Light|300|||||||\u00bb custom_margin=\u00bb||0px||false|false\u00bb text_font_size_tablet=\u00bb\u00bb text_font_size_phone=\u00bb15px\u00bb text_font_size_last_edited=\u00bbon|desktop\u00bb header_font_size_tablet=\u00bb40px\u00bb header_font_size_phone=\u00bb25px\u00bb header_font_size_last_edited=\u00bbon|phone\u00bb header_2_font_size_tablet=\u00bb\u00bb header_2_font_size_phone=\u00bb\u00bb header_2_font_size_last_edited=\u00bbon|phone\u00bb global_colors_info=\u00bb{}\u00bb]<\/p>\n<h2 style=\"text-align: center\">M\u00e9todos y t\u00e9cnicas de hipnosis<\/h2>\n<p>[\/et_pb_text][et_pb_divider color=\u00bb#e95e27&#8243; divider_position=\u00bbcenter\u00bb divider_weight=\u00bb2px\u00bb _builder_version=\u00bb4.15&#8243; _module_preset=\u00bbdefault\u00bb width=\u00bb100px\u00bb module_alignment=\u00bbcenter\u00bb custom_margin=\u00bb0px||20px||false|false\u00bb global_colors_info=\u00bb{}\u00bb][\/et_pb_divider][et_pb_text _builder_version=\u00bb4.15&#8243; _module_preset=\u00bbdefault\u00bb width=\u00bb60%\u00bb width_tablet=\u00bb100%\u00bb width_phone=\u00bb\u00bb width_last_edited=\u00bbon|tablet\u00bb module_alignment=\u00bbcenter\u00bb global_colors_info=\u00bb{}\u00bb]<\/p>\n<p style=\"text-align: center\"><strong>Desarrollos innovadores<\/strong><\/p>\n<p style=\"text-align: center\">Los m\u00e9todos protegidos con una \u00ae fueron desarrollados por Bernhard Tewes y se utilizan exclusivamente Kiez Hypnose.<\/p>\n<p style=\"text-align: center\">Todos los m\u00e9todos enumerados pueden formar parte de las sesiones de hipnosis y no tienen coste adicional. En funci\u00f3n de la personalidad y los s\u00edntomas del cliente, decidimos cu\u00e1l de las t\u00e9cnicas parece m\u00e1s adecuada.<\/p>\n<p style=\"text-align: center\">La posibilidad de experimentar la hipnosis con HypnoExperience\u00ae se da siempre, excepto en el caso de la hipnosis Flow State\u00ae, y se combina con otras t\u00e9cnicas.<\/p>\n<p>[\/et_pb_text][\/et_pb_column][\/et_pb_row][et_pb_row column_structure=\u00bb1_3,1_3,1_3&#8243; _builder_version=\u00bb4.15&#8243; _module_preset=\u00bbdefault\u00bb global_colors_info=\u00bb{}\u00bb][et_pb_column type=\u00bb1_3&#8243; _builder_version=\u00bb4.15&#8243; _module_preset=\u00bbdefault\u00bb global_colors_info=\u00bb{}\u00bb][et_pb_image src=\u00bbhttps:\/\/www.kiez-hypnose.de\/wp-content\/uploads\/2022\/04\/Tewes-Technik.png\u00bb title_text=\u00bbTewes-Technik\u00bb url=\u00bb@ET-DC@eyJkeW5hbWljIjp0cnVlLCJjb250ZW50IjoicG9zdF9saW5rX3VybF9wYWdlIiwic2V0dGluZ3MiOnsicG9zdF9pZCI6IjI0NzAifX0=@\u00bb align=\u00bbcenter\u00bb _builder_version=\u00bb4.15.1&#8243; _dynamic_attributes=\u00bburl\u00bb _module_preset=\u00bbdefault\u00bb hover_enabled=\u00bb0&#8243; global_colors_info=\u00bb{}\u00bb alt=\u00bbTewes-Technik\u00bb sticky_enabled=\u00bb0&#8243;][\/et_pb_image][\/et_pb_column][et_pb_column type=\u00bb1_3&#8243; _builder_version=\u00bb4.15&#8243; _module_preset=\u00bbdefault\u00bb global_colors_info=\u00bb{}\u00bb][et_pb_image src=\u00bbhttps:\/\/www.kiez-hypnose.de\/wp-content\/uploads\/2022\/04\/logo-flow-state-hipnosis.png\u00bb alt=\u00bbEstado de flow hipnosis\u00bb title_text=\u00bblogo-flow-state-hipnosis\u00bb url=\u00bb@ET-DC@eyJkeW5hbWljIjp0cnVlLCJjb250ZW50IjoicG9zdF9saW5rX3VybF9wYWdlIiwic2V0dGluZ3MiOnsicG9zdF9pZCI6IjI0ODUifX0=@\u00bb align=\u00bbcenter\u00bb _builder_version=\u00bb4.15.1&#8243; _dynamic_attributes=\u00bburl\u00bb _module_preset=\u00bbdefault\u00bb global_colors_info=\u00bb{}\u00bb][\/et_pb_image][\/et_pb_column][et_pb_column type=\u00bb1_3&#8243; _builder_version=\u00bb4.15&#8243; _module_preset=\u00bbdefault\u00bb global_colors_info=\u00bb{}\u00bb][et_pb_image src=\u00bbhttps:\/\/www.kiez-hypnose.de\/wp-content\/uploads\/2022\/04\/hypnoexperience.png\u00bb alt=\u00bbHypnoexperience\u00bb title_text=\u00bbhypnoexperience\u00bb url=\u00bb@ET-DC@eyJkeW5hbWljIjp0cnVlLCJjb250ZW50IjoicG9zdF9saW5rX3VybF9wYWdlIiwic2V0dGluZ3MiOnsicG9zdF9pZCI6IjI0NzYifX0=@\u00bb align=\u00bbcenter\u00bb _builder_version=\u00bb4.15.1&#8243; _dynamic_attributes=\u00bburl\u00bb _module_preset=\u00bbdefault\u00bb global_colors_info=\u00bb{}\u00bb][\/et_pb_image][\/et_pb_column][\/et_pb_row][et_pb_row column_structure=\u00bb1_3,1_3,1_3&#8243; _builder_version=\u00bb4.15&#8243; _module_preset=\u00bbdefault\u00bb global_colors_info=\u00bb{}\u00bb][et_pb_column type=\u00bb1_3&#8243; _builder_version=\u00bb4.15&#8243; _module_preset=\u00bbdefault\u00bb global_colors_info=\u00bb{}\u00bb][et_pb_image src=\u00bbhttps:\/\/www.kiez-hypnose.de\/wp-content\/uploads\/2022\/04\/hypnoanalyse-1.png\u00bb alt=\u00bbHypnoanalyse\u00bb title_text=\u00bbhypnoanalyse\u00bb url=\u00bb@ET-DC@eyJkeW5hbWljIjp0cnVlLCJjb250ZW50IjoicG9zdF9saW5rX3VybF9wYWdlIiwic2V0dGluZ3MiOnsicG9zdF9pZCI6IjI0ODAifX0=@\u00bb align=\u00bbcenter\u00bb _builder_version=\u00bb4.15.1&#8243; _dynamic_attributes=\u00bburl\u00bb _module_preset=\u00bbdefault\u00bb global_colors_info=\u00bb{}\u00bb][\/et_pb_image][\/et_pb_column][et_pb_column type=\u00bb1_3&#8243; _builder_version=\u00bb4.15&#8243; _module_preset=\u00bbdefault\u00bb global_colors_info=\u00bb{}\u00bb][et_pb_image src=\u00bbhttps:\/\/www.kiez-hypnose.de\/wp-content\/uploads\/2022\/04\/logo-nonverbale-hypnosis-kiez-hypnose-berlin-bernhard-tewes.png\u00bb alt=\u00bbNonverbal Hypnosis\u00bb title_text=\u00bblogo-nonverbale-hypnosis-kiez-hypnose-berlin-bernhard-tewes\u00bb url=\u00bb@ET-DC@eyJkeW5hbWljIjp0cnVlLCJjb250ZW50IjoicG9zdF9saW5rX3VybF9wYWdlIiwic2V0dGluZ3MiOnsicG9zdF9pZCI6IjI0ODkifX0=@\u00bb align=\u00bbcenter\u00bb _builder_version=\u00bb4.15.1&#8243; _dynamic_attributes=\u00bburl\u00bb _module_preset=\u00bbdefault\u00bb global_colors_info=\u00bb{}\u00bb][\/et_pb_image][\/et_pb_column][et_pb_column type=\u00bb1_3&#8243; _builder_version=\u00bb4.15&#8243; _module_preset=\u00bbdefault\u00bb global_colors_info=\u00bb{}\u00bb][et_pb_image src=\u00bbhttps:\/\/www.kiez-hypnose.de\/wp-content\/uploads\/2022\/04\/hypnobreathing.png\u00bb alt=\u00bbHypnobreathing\u00bb title_text=\u00bbhypnobreathing\u00bb url=\u00bb@ET-DC@eyJkeW5hbWljIjp0cnVlLCJjb250ZW50IjoicG9zdF9saW5rX3VybF9wYWdlIiwic2V0dGluZ3MiOnsicG9zdF9pZCI6IjI0OTQifX0=@\u00bb align=\u00bbcenter\u00bb _builder_version=\u00bb4.15.1&#8243; _dynamic_attributes=\u00bburl\u00bb _module_preset=\u00bbdefault\u00bb global_colors_info=\u00bb{}\u00bb][\/et_pb_image][\/et_pb_column][\/et_pb_row][\/et_pb_section]<\/p>\n","protected":false},"excerpt":{"rendered":"<p>M\u00e9todos Tecnolog\u00eda TewesHipnoExperienciaHipnoan\u00e1lisisHipnosis en estado de flujoHipnosis no verbalHipnoRespiraci\u00f3nHipnosis en l\u00edneaM\u00e9todos y t\u00e9cnicas de hipnosisDesarrollos innovadores Los m\u00e9todos protegidos con una \u00ae fueron desarrollados por Bernhard Tewes y se utilizan exclusivamente Kiez Hypnose. Todos los m\u00e9todos enumerados pueden formar parte de las sesiones de hipnosis y no tienen coste adicional. En funci\u00f3n de la personalidad [&hellip;]<\/p>\n","protected":false},"author":1,"featured_media":0,"parent":0,"menu_order":0,"comment_status":"closed","ping_status":"closed","template":"","meta":{"_et_pb_use_builder":"on","_et_pb_old_content":"","_et_gb_content_width":"","footnotes":""},"class_list":["post-4135","page","type-page","status-publish","hentry"],"_links":{"self":[{"href":"https:\/\/www.kiez-hypnose.de\/es\/wp-json\/wp\/v2\/pages\/4135","targetHints":{"allow":["GET"]}}],"collection":[{"href":"https:\/\/www.kiez-hypnose.de\/es\/wp-json\/wp\/v2\/pages"}],"about":[{"href":"https:\/\/www.kiez-hypnose.de\/es\/wp-json\/wp\/v2\/types\/page"}],"author":[{"embeddable":true,"href":"https:\/\/www.kiez-hypnose.de\/es\/wp-json\/wp\/v2\/users\/1"}],"replies":[{"embeddable":true,"href":"https:\/\/www.kiez-hypnose.de\/es\/wp-json\/wp\/v2\/comments?post=4135"}],"version-history":[{"count":0,"href":"https:\/\/www.kiez-hypnose.de\/es\/wp-json\/wp\/v2\/pages\/4135\/revisions"}],"wp:attachment":[{"href":"https:\/\/www.kiez-hypnose.de\/es\/wp-json\/wp\/v2\/media?parent=4135"}],"curies":[{"name":"wp","href":"https:\/\/api.w.org\/{rel}","templated":true}]}}