{"id":4127,"date":"2021-11-15T14:05:42","date_gmt":"2021-11-15T13:05:42","guid":{"rendered":"https:\/\/www.kiez-hypnose.de\/hipnosis-no-verbal\/"},"modified":"2022-05-19T13:44:09","modified_gmt":"2022-05-19T11:44:09","slug":"hipnosis-no-verbal","status":"publish","type":"page","link":"https:\/\/www.kiez-hypnose.de\/es\/methoden\/hipnosis-no-verbal\/","title":{"rendered":"Hipnosis no verbal"},"content":{"rendered":"<p>[et_pb_section fb_built=\u00bb1&#8243; _builder_version=\u00bb4.9.11&#8243; _module_preset=\u00bbdefault\u00bb background_color=\u00bb#f5f5f5&#8243; custom_padding=\u00bb0px||0px||false|false\u00bb da_disable_devices=\u00bboff|off|off\u00bb global_module=\u00bb2660&#8243; global_colors_info=\u00bb{}\u00bb da_is_popup=\u00bboff\u00bb da_exit_intent=\u00bboff\u00bb da_has_close=\u00bbon\u00bb da_alt_close=\u00bboff\u00bb da_dark_close=\u00bboff\u00bb da_not_modal=\u00bbon\u00bb da_is_singular=\u00bboff\u00bb da_with_loader=\u00bboff\u00bb da_has_shadow=\u00bbon\u00bb][et_pb_row column_structure=\u00bb1_2,1_2&#8243; _builder_version=\u00bb4.16&#8243; _module_preset=\u00bbdefault\u00bb width=\u00bb31%\u00bb width_tablet=\u00bb100%\u00bb width_phone=\u00bb\u00bb width_last_edited=\u00bbon|tablet\u00bb global_colors_info=\u00bb{}\u00bb][et_pb_column type=\u00bb1_2&#8243; _builder_version=\u00bb4.16&#8243; _module_preset=\u00bbdefault\u00bb global_colors_info=\u00bb{}\u00bb][et_pb_text _builder_version=\u00bb4.16&#8243; _module_preset=\u00bbdefault\u00bb custom_margin=\u00bb|||3vh|false|false\u00bb custom_margin_tablet=\u00bb\u00bb custom_margin_phone=\u00bb||||false|false\u00bb custom_margin_last_edited=\u00bbon|tablet\u00bb link_option_url=\u00bbhttps:\/\/www.kiez-hypnose.de\/es\/?page_id=4135&#8243; global_colors_info=\u00bb{}\u00bb]<\/p>\n<h3 style=\"text-align: center;\"><span style=\"color: #e95e27;\"><a href=\"https:\/\/www.kiez-hypnose.de\/es\/?page_id=4135\">M\u00e9todos  <\/a><i class=\"fas fa-chevron-right\"><\/i> <\/span><\/h3>\n<p>[\/et_pb_text][\/et_pb_column][et_pb_column type=\u00bb1_2&#8243; _builder_version=\u00bb4.16&#8243; _module_preset=\u00bbdefault\u00bb global_colors_info=\u00bb{}\u00bb][et_pb_text content_tablet=\u00bb<\/p>\n<p style=%22text-align: center;%22><a href=%22https:\/\/www.kiez-hypnose.de\/es\/?page_id=4231%22>Tecnolog\u00eda Tewes<\/a><br \/><a href=%22https:\/\/www.kiez-hypnose.de\/es\/?page_id=4306%22>HipnoExperiencia<\/a><br \/><a href=%22https:\/\/www.kiez-hypnose.de\/es\/?page_id=4182%22>Hipnoan\u00e1lisis<\/a><br \/><a href=%22https:\/\/www.kiez-hypnose.de\/es\/?page_id=4270%22>Hipnosis en estado de flujo<\/a><br \/><a href=%22https:\/\/www.kiez-hypnose.de\/es\/?page_id=4127%22>Hipnosis no verbal<\/a><br \/><a href=%22https:\/\/www.kiez-hypnose.de\/es\/?page_id=4201%22>HipnoRespiraci\u00f3n<\/a><br \/><a href=%22https:\/\/www.kiez-hypnose.de\/online-hypnose\/%22>Hipnosis en l\u00ednea<\/a><\/p>\n<p>\u00bb content_phone=\u00bb<\/p>\n<p style=%22text-align: center;%22><a href=%22https:\/\/www.kiez-hypnose.de\/es\/?page_id=4231%22>Tecnolog\u00eda Tewes<\/a><br \/><a href=%22https:\/\/www.kiez-hypnose.de\/es\/?page_id=4306%22>HipnoExperiencia<\/a><br \/><a href=%22https:\/\/www.kiez-hypnose.de\/es\/?page_id=4182%22>Hipnoan\u00e1lisis<\/a><br \/><a href=%22https:\/\/www.kiez-hypnose.de\/es\/?page_id=4270%22>Hipnosis en estado de flujo<\/a><br \/><a href=%22https:\/\/www.kiez-hypnose.de\/es\/?page_id=4127%22>Hipnosis no verbal<\/a><br \/><a href=%22https:\/\/www.kiez-hypnose.de\/es\/?page_id=4201%22>HipnoRespiraci\u00f3n<\/a><br \/><a href=%22https:\/\/www.kiez-hypnose.de\/online-hypnose\/%22>Hipnosis en l\u00ednea<\/a><\/p>\n<p>\u00bb content_last_edited=\u00bbon|phone\u00bb _builder_version=\u00bb4.16&#8243; _module_preset=\u00bbdefault\u00bb global_colors_info=\u00bb{}\u00bb]<\/p>\n<p><a href=\"https:\/\/www.kiez-hypnose.de\/es\/?page_id=4231\">Tecnolog\u00eda Tewes<\/a><br \/><a href=\"https:\/\/www.kiez-hypnose.de\/es\/?page_id=4306\">HipnoExperiencia<\/a><br \/><a href=\"https:\/\/www.kiez-hypnose.de\/es\/?page_id=4182\">Hipnoan\u00e1lisis<\/a><br \/><a href=\"https:\/\/www.kiez-hypnose.de\/es\/?page_id=4270\">Hipnosis en estado de flujo<\/a><br \/><a href=\"https:\/\/www.kiez-hypnose.de\/es\/?page_id=4127\">Hipnosis no verbal<\/a><br \/><a href=\"https:\/\/www.kiez-hypnose.de\/es\/?page_id=4201\">HipnoRespiraci\u00f3n<\/a><br \/><a href=\"https:\/\/www.kiez-hypnose.de\/online-hypnose\/\">Hipnosis en l\u00ednea<\/a><\/p>\n<p>[\/et_pb_text][\/et_pb_column][\/et_pb_row][\/et_pb_section][et_pb_section fb_built=\u00bb1&#8243; _builder_version=\u00bb4.16&#8243; _module_preset=\u00bbdefault\u00bb custom_padding=\u00bb||0px||false|false\u00bb da_disable_devices=\u00bboff|off|off\u00bb global_colors_info=\u00bb{}\u00bb da_is_popup=\u00bboff\u00bb da_exit_intent=\u00bboff\u00bb da_has_close=\u00bbon\u00bb da_alt_close=\u00bboff\u00bb da_dark_close=\u00bboff\u00bb da_not_modal=\u00bbon\u00bb da_is_singular=\u00bboff\u00bb da_with_loader=\u00bboff\u00bb da_has_shadow=\u00bbon\u00bb][et_pb_row _builder_version=\u00bb4.16&#8243; _module_preset=\u00bb2487b179-ab1d-46ed-9316-ec72a42f6515&#8243; custom_padding=\u00bb0px||0px||false|false\u00bb global_colors_info=\u00bb{}\u00bb][et_pb_column type=\u00bb4_4&#8243; _builder_version=\u00bb4.16&#8243; _module_preset=\u00bbdefault\u00bb global_colors_info=\u00bb{}\u00bb][et_pb_post_title meta=\u00bboff\u00bb featured_image=\u00bboff\u00bb _builder_version=\u00bb4.16&#8243; _module_preset=\u00bbdefault\u00bb title_font=\u00bb||||||||\u00bb title_text_align=\u00bbcenter\u00bb title_text_color=\u00bb#e95e27&#8243; title_font_size=\u00bb14px\u00bb global_colors_info=\u00bb{}\u00bb][\/et_pb_post_title][\/et_pb_column][\/et_pb_row][et_pb_row _builder_version=\u00bb4.16&#8243; _module_preset=\u00bbdefault\u00bb width_tablet=\u00bb\u00bb width_phone=\u00bb90%\u00bb width_last_edited=\u00bbon|phone\u00bb scroll_fade_enable=\u00bbon\u00bb motion_trigger_start=\u00bbtop\u00bb global_colors_info=\u00bb{}\u00bb][et_pb_column type=\u00bb4_4&#8243; _builder_version=\u00bb4.16&#8243; _module_preset=\u00bbdefault\u00bb global_colors_info=\u00bb{}\u00bb][et_pb_image src=\u00bbhttps:\/\/www.kiez-hypnose.de\/wp-content\/uploads\/2021\/05\/logo-nonverbale-hypnose-kiez-hypnose-berlin-bernhard-tewes.png\u00bb alt=\u00bbHipnosis en estado de flujo\u00bb title_text=\u00bblogo-no verbal-hipnosis-kiez-hipnosis-berlin-bernhard-tewes\u00bb align=\u00bbcenter\u00bb disabled_on=\u00bboff|off|off\u00bb _builder_version=\u00bb4.16&#8243; _module_preset=\u00bbdefault\u00bb hover_enabled=\u00bb0&#8243; global_colors_info=\u00bb{}\u00bb sticky_enabled=\u00bb0&#8243;][\/et_pb_image][et_pb_text _builder_version=\u00bb4.16&#8243; text_font=\u00bb||||||||\u00bb header_font=\u00bbOpenSans-Light|300|||||||\u00bb custom_margin=\u00bb||0px||false|false\u00bb text_font_size_tablet=\u00bb\u00bb text_font_size_phone=\u00bb15px\u00bb text_font_size_last_edited=\u00bbon|desktop\u00bb header_font_size_tablet=\u00bb40px\u00bb header_font_size_phone=\u00bb25px\u00bb header_font_size_last_edited=\u00bbon|phone\u00bb header_2_font_size_tablet=\u00bb\u00bb header_2_font_size_phone=\u00bb\u00bb header_2_font_size_last_edited=\u00bbon|phone\u00bb global_colors_info=\u00bb{}\u00bb]<\/p>\n<h2 style=\"text-align: center\">Hipnosis no verbal<br \/>\nSin una palabra en un profundo trance<\/h2>\n<p>[\/et_pb_text][et_pb_divider color=\u00bb#e95e27&#8243; divider_position=\u00bbcenter\u00bb divider_weight=\u00bb2px\u00bb _builder_version=\u00bb4.16&#8243; _module_preset=\u00bbdefault\u00bb width=\u00bb100px\u00bb module_alignment=\u00bbcenter\u00bb custom_margin=\u00bb0px||20px||false|false\u00bb global_colors_info=\u00bb{}\u00bb][\/et_pb_divider][et_pb_text _builder_version=\u00bb4.16&#8243; _module_preset=\u00bbdefault\u00bb text_font=\u00bb||||||||\u00bb header_font=\u00bb||||||||\u00bb header_2_font=\u00bb|700|||||||\u00bb header_2_font_size=\u00bb50px\u00bb header_2_line_height=\u00bb1.2em\u00bb header_4_font=\u00bbGentium Basic|700|||||||\u00bb header_4_font_size=\u00bb40px\u00bb header_4_line_height=\u00bb1.2em\u00bb text_orientation=\u00bbcenter\u00bb width=\u00bb60%\u00bb width_tablet=\u00bb100%\u00bb width_phone=\u00bb\u00bb width_last_edited=\u00bbon|tablet\u00bb module_alignment=\u00bbcenter\u00bb custom_margin=\u00bb||3%||false|false\u00bb text_font_size_tablet=\u00bb\u00bb text_font_size_phone=\u00bb15px\u00bb text_font_size_last_edited=\u00bbon|desktop\u00bb header_2_font_size_tablet=\u00bb40px\u00bb header_2_font_size_phone=\u00bb25px\u00bb header_2_font_size_last_edited=\u00bbon|phone\u00bb header_4_font_size_tablet=\u00bb30px\u00bb header_4_font_size_phone=\u00bb22px\u00bb header_4_font_size_last_edited=\u00bbon|phone\u00bb global_colors_info=\u00bb{}\u00bb]<\/p>\n<p style=\"text-align: center\">La hipnosis no verbal, en la que no se pronuncia ni una sola palabra, es una forma maravillosa de activar al sanador interior. No hay influencia de mis palabras en el proceso de curaci\u00f3n. Profundizo el trance exclusivamente a trav\u00e9s de toques espec\u00edficos en las llamadas zonas hipn\u00f3genas y meridianas y entro en contacto con el campo energ\u00e9tico.<\/p>\n<p>[\/et_pb_text][et_pb_code _builder_version=\u00bb4.17.4&#8243; _module_preset=\u00bbdefault\u00bb width=\u00bb80%\u00bb width_tablet=\u00bb\u00bb width_phone=\u00bb100%\u00bb width_last_edited=\u00bbon|phone\u00bb module_alignment=\u00bbcenter\u00bb hover_enabled=\u00bb0&#8243; global_colors_info=\u00bb{}\u00bb sticky_enabled=\u00bb0&#8243;]<script src=\"https:\/\/fast.wistia.com\/embed\/medias\/1pqxz3m0id.jsonp\" async><\/script><script src=\"https:\/\/fast.wistia.com\/assets\/external\/E-v1.js\" async><\/script><\/p>\n<div class=\"wistia_responsive_padding\" style=\"padding:56.25% 0 0 0;position:relative;\">\n<div class=\"wistia_responsive_wrapper\" style=\"height:100%;left:0;position:absolute;top:0;width:100%;\">\n<div class=\"wistia_embed wistia_async_1pqxz3m0id videoFoam=true\" style=\"height:100%;position:relative;width:100%\">\n<div class=\"wistia_swatch\" style=\"height:100%;left:0;opacity:0;overflow:hidden;position:absolute;top:0;transition:opacity 200ms;width:100%;\"><img decoding=\"async\" src=\"https:\/\/fast.wistia.com\/embed\/medias\/1pqxz3m0id\/swatch\" style=\"filter:blur(5px);height:100%;object-fit:contain;width:100%;\" alt=\"\" aria-hidden=\"true\" onload=\"this.parentNode.style.opacity=1;\" \/><\/div>\n<\/div>\n<\/div>\n<\/div>\n<p>[\/et_pb_code][\/et_pb_column][\/et_pb_row][\/et_pb_section][et_pb_section fb_built=\u00bb1&#8243; admin_label=\u00bbWie l\u00e4uft Hypnose ab?\u00bb _builder_version=\u00bb4.16&#8243; _module_preset=\u00bbdefault\u00bb background_color=\u00bb#f5f5f5&#8243; custom_margin=\u00bb0px||||false|false\u00bb custom_padding=\u00bb||7px||false|false\u00bb da_disable_devices=\u00bboff|off|off\u00bb global_colors_info=\u00bb{}\u00bb da_is_popup=\u00bboff\u00bb da_exit_intent=\u00bboff\u00bb da_has_close=\u00bbon\u00bb da_alt_close=\u00bboff\u00bb da_dark_close=\u00bboff\u00bb da_not_modal=\u00bbon\u00bb da_is_singular=\u00bboff\u00bb da_with_loader=\u00bboff\u00bb da_has_shadow=\u00bbon\u00bb][et_pb_row _builder_version=\u00bb4.16&#8243; _module_preset=\u00bbdefault\u00bb width=\u00bb94%\u00bb module_alignment=\u00bbcenter\u00bb custom_margin=\u00bb-0.1%|auto|2.5%|auto|false|false\u00bb custom_margin_tablet=\u00bb\u00bb custom_margin_phone=\u00bb||5%||false|false\u00bb custom_margin_last_edited=\u00bbon|desktop\u00bb custom_padding=\u00bb14px|20px|14px|20px|true|false\u00bb custom_css_main_element=\u00bbtext-decoration: none;\u00bb global_colors_info=\u00bb{}\u00bb header_2_font_size_tablet=\u00bb40px\u00bb header_2_font_size_phone=\u00bb25px\u00bb header_2_font_size_last_edited=\u00bbon|phone\u00bb header_4_font_size_tablet=\u00bb30px\u00bb header_4_font_size_phone=\u00bb22px\u00bb header_4_font_size_last_edited=\u00bbon|phone\u00bb text_font_size_phone=\u00bb15px\u00bb text_font_size_last_edited=\u00bbon|desktop\u00bb button_bg_color__hover_enabled=\u00bbon|hover\u00bb custom_padding__hover=\u00bb|30px||\u00bb custom_padding__hover_enabled=\u00bbon\u00bb][et_pb_column type=\u00bb4_4&#8243; _builder_version=\u00bb4.16&#8243; _module_preset=\u00bbdefault\u00bb custom_padding=\u00bb||||false|false\u00bb animation_style=\u00bbslide\u00bb animation_direction=\u00bbleft\u00bb animation_duration=\u00bb2000ms\u00bb global_colors_info=\u00bb{}\u00bb][et_pb_text _builder_version=\u00bb4.16&#8243; _module_preset=\u00bbdefault\u00bb width=\u00bb60%\u00bb width_tablet=\u00bb100%\u00bb width_phone=\u00bb\u00bb width_last_edited=\u00bbon|desktop\u00bb module_alignment=\u00bbcenter\u00bb custom_margin=\u00bb||||false|false\u00bb custom_margin_phone=\u00bb||||false|false\u00bb custom_margin_last_edited=\u00bboff|desktop\u00bb global_colors_info=\u00bb{}\u00bb]<\/p>\n<h3 style=\"text-align: center\"><span style=\"color: #e95e27\">Experiencia de trance profundo con el objetivo de autocuraci\u00f3n.<\/span><\/h3>\n<p style=\"text-align: center\">En parte utilizo esta t\u00e9cnica para profundizar su hipnosis, incluso cuando hablo. Tambi\u00e9n utilizo la hipnosis no verbal con grupos en terapia, en talleres y festivales.<\/p>\n<p>[\/et_pb_text][\/et_pb_column][\/et_pb_row][\/et_pb_section]<\/p>\n","protected":false},"excerpt":{"rendered":"<p>M\u00e9todos Tecnolog\u00eda TewesHipnoExperienciaHipnoan\u00e1lisisHipnosis en estado de flujoHipnosis no verbalHipnoRespiraci\u00f3nHipnosis en l\u00edneaHipnosis no verbal Sin una palabra en un profundo tranceLa hipnosis no verbal, en la que no se pronuncia ni una sola palabra, es una forma maravillosa de activar al sanador interior. No hay influencia de mis palabras en el proceso de curaci\u00f3n. Profundizo el [&hellip;]<\/p>\n","protected":false},"author":1,"featured_media":3186,"parent":4135,"menu_order":0,"comment_status":"closed","ping_status":"closed","template":"","meta":{"_et_pb_use_builder":"on","_et_pb_old_content":"","_et_gb_content_width":"","footnotes":""},"class_list":["post-4127","page","type-page","status-publish","has-post-thumbnail","hentry"],"_links":{"self":[{"href":"https:\/\/www.kiez-hypnose.de\/es\/wp-json\/wp\/v2\/pages\/4127","targetHints":{"allow":["GET"]}}],"collection":[{"href":"https:\/\/www.kiez-hypnose.de\/es\/wp-json\/wp\/v2\/pages"}],"about":[{"href":"https:\/\/www.kiez-hypnose.de\/es\/wp-json\/wp\/v2\/types\/page"}],"author":[{"embeddable":true,"href":"https:\/\/www.kiez-hypnose.de\/es\/wp-json\/wp\/v2\/users\/1"}],"replies":[{"embeddable":true,"href":"https:\/\/www.kiez-hypnose.de\/es\/wp-json\/wp\/v2\/comments?post=4127"}],"version-history":[{"count":0,"href":"https:\/\/www.kiez-hypnose.de\/es\/wp-json\/wp\/v2\/pages\/4127\/revisions"}],"up":[{"embeddable":true,"href":"https:\/\/www.kiez-hypnose.de\/es\/wp-json\/wp\/v2\/pages\/4135"}],"wp:featuredmedia":[{"embeddable":true,"href":"https:\/\/www.kiez-hypnose.de\/es\/wp-json\/wp\/v2\/media\/3186"}],"wp:attachment":[{"href":"https:\/\/www.kiez-hypnose.de\/es\/wp-json\/wp\/v2\/media?parent=4127"}],"curies":[{"name":"wp","href":"https:\/\/api.w.org\/{rel}","templated":true}]}}