{"id":4087,"date":"2021-11-15T14:04:39","date_gmt":"2021-11-15T13:04:39","guid":{"rendered":"https:\/\/www.kiez-hypnose.de\/hipnosis\/tratamiento-del-tinnitus-con-hipnosis\/"},"modified":"2022-07-05T16:14:54","modified_gmt":"2022-07-05T14:14:54","slug":"tratamiento-del-tinnitus-con-hipnosis","status":"publish","type":"page","link":"https:\/\/www.kiez-hypnose.de\/es\/hipnosis\/tratamiento-del-tinnitus-con-hipnosis\/","title":{"rendered":"Tratamiento del tinnitus con hipnosis"},"content":{"rendered":"<p>[et_pb_section fb_built=\u00bb1&#8243; _builder_version=\u00bb4.16&#8243; _module_preset=\u00bbdefault\u00bb custom_padding=\u00bb||0px||false|false\u00bb da_disable_devices=\u00bboff|off|off\u00bb global_colors_info=\u00bb{}\u00bb da_is_popup=\u00bboff\u00bb da_exit_intent=\u00bboff\u00bb da_has_close=\u00bbon\u00bb da_alt_close=\u00bboff\u00bb da_dark_close=\u00bboff\u00bb da_not_modal=\u00bbon\u00bb da_is_singular=\u00bboff\u00bb da_with_loader=\u00bboff\u00bb da_has_shadow=\u00bbon\u00bb][et_pb_row _builder_version=\u00bb4.16&#8243; _module_preset=\u00bbdefault\u00bb width_tablet=\u00bb\u00bb width_phone=\u00bb90%\u00bb width_last_edited=\u00bbon|phone\u00bb scroll_fade_enable=\u00bbon\u00bb motion_trigger_start=\u00bbtop\u00bb global_colors_info=\u00bb{}\u00bb][et_pb_column type=\u00bb4_4&#8243; _builder_version=\u00bb4.16&#8243; _module_preset=\u00bbdefault\u00bb global_colors_info=\u00bb{}\u00bb][et_pb_text _builder_version=\u00bb4.17.4&#8243; text_font=\u00bb||||||||\u00bb header_font=\u00bb||||||||\u00bb custom_margin=\u00bb||0px||false|false\u00bb hover_enabled=\u00bb0&#8243; text_font_size_tablet=\u00bb\u00bb text_font_size_phone=\u00bb15px\u00bb text_font_size_last_edited=\u00bbon|desktop\u00bb header_font_size_tablet=\u00bb40px\u00bb header_font_size_phone=\u00bb25px\u00bb header_font_size_last_edited=\u00bbon|phone\u00bb header_2_font_size_tablet=\u00bb\u00bb header_2_font_size_phone=\u00bb\u00bb header_2_font_size_last_edited=\u00bbon|phone\u00bb global_colors_info=\u00bb{}\u00bb header_font_size=\u00bb26px\u00bb sticky_enabled=\u00bb0&#8243;]<\/p>\n<h1 style=\"text-align: center;\">Tratamiento del tinnitus con hipnosis<\/h1>\n<p>[\/et_pb_text][et_pb_divider color=\u00bb#e95e27&#8243; divider_position=\u00bbcenter\u00bb divider_weight=\u00bb2px\u00bb _builder_version=\u00bb4.16&#8243; _module_preset=\u00bbdefault\u00bb width=\u00bb100px\u00bb module_alignment=\u00bbcenter\u00bb custom_margin=\u00bb0px||20px||false|false\u00bb global_colors_info=\u00bb{}\u00bb][\/et_pb_divider][et_pb_text _builder_version=\u00bb4.16&#8243; _module_preset=\u00bbdefault\u00bb width=\u00bb60%\u00bb width_tablet=\u00bb100%\u00bb width_phone=\u00bb\u00bb width_last_edited=\u00bbon|tablet\u00bb module_alignment=\u00bbcenter\u00bb global_colors_info=\u00bb{}\u00bb]<\/p>\n<p style=\"text-align: center\">La hipnosis se utiliza para ayudar a mejorar la forma de afrontar los zumbidos en los o\u00eddos. La hipnosis puede ayudar a las personas que sufren ac\u00fafenos descompensados a transformarlos en ac\u00fafenos compensados, es decir, en un ruido de o\u00eddo tolerable.<\/p>\n<p>[\/et_pb_text][et_pb_image src=\u00bbhttps:\/\/www.kiez-hypnose.de\/wp-content\/uploads\/2021\/09\/tinnitus-behandeln.jpg\u00bb alt=\u00bbTratamiento del tinnitus con hipnosis\u00bb title_text=\u00bbtratamiento del tinnitus\u00bb align=\u00bbcenter\u00bb disabled_on=\u00bboff|off|off\u00bb _builder_version=\u00bb4.16&#8243; _module_preset=\u00bbdefault\u00bb global_colors_info=\u00bb{}\u00bb][\/et_pb_image][\/et_pb_column][\/et_pb_row][\/et_pb_section][et_pb_section fb_built=\u00bb1&#8243; admin_label=\u00bbWie l\u00e4uft Hypnose ab?\u00bb _builder_version=\u00bb4.16&#8243; _module_preset=\u00bbdefault\u00bb background_color=\u00bb#f5f5f5&#8243; custom_margin=\u00bb0px||||false|false\u00bb custom_padding=\u00bb||||false|false\u00bb bottom_divider_color=\u00bb#FFFFFF\u00bb da_disable_devices=\u00bboff|off|off\u00bb global_colors_info=\u00bb{}\u00bb da_is_popup=\u00bboff\u00bb da_exit_intent=\u00bboff\u00bb da_has_close=\u00bbon\u00bb da_alt_close=\u00bboff\u00bb da_dark_close=\u00bboff\u00bb da_not_modal=\u00bbon\u00bb da_is_singular=\u00bboff\u00bb da_with_loader=\u00bboff\u00bb da_has_shadow=\u00bbon\u00bb][et_pb_row column_structure=\u00bb1_2,1_2&#8243; _builder_version=\u00bb4.16&#8243; _module_preset=\u00bbdefault\u00bb width=\u00bb94%\u00bb module_alignment=\u00bbcenter\u00bb custom_margin=\u00bb-0.1%|auto|6%|auto|false|false\u00bb custom_margin_tablet=\u00bb\u00bb custom_margin_phone=\u00bb||5%||false|false\u00bb custom_margin_last_edited=\u00bbon|desktop\u00bb custom_padding=\u00bb14px|20px|14px|20px|true|false\u00bb custom_css_main_element=\u00bbtext-decoration: none;\u00bb global_colors_info=\u00bb{}\u00bb header_2_font_size_tablet=\u00bb40px\u00bb header_2_font_size_phone=\u00bb25px\u00bb header_2_font_size_last_edited=\u00bbon|phone\u00bb header_4_font_size_tablet=\u00bb30px\u00bb header_4_font_size_phone=\u00bb22px\u00bb header_4_font_size_last_edited=\u00bbon|phone\u00bb text_font_size_phone=\u00bb15px\u00bb text_font_size_last_edited=\u00bbon|desktop\u00bb button_bg_color__hover_enabled=\u00bbon|hover\u00bb custom_padding__hover=\u00bb|30px||\u00bb custom_padding__hover_enabled=\u00bbon\u00bb][et_pb_column type=\u00bb1_2&#8243; _builder_version=\u00bb4.16&#8243; _module_preset=\u00bbdefault\u00bb custom_padding=\u00bb||||false|false\u00bb animation_style=\u00bbslide\u00bb animation_direction=\u00bbleft\u00bb animation_duration=\u00bb2000ms\u00bb global_colors_info=\u00bb{}\u00bb][et_pb_text _builder_version=\u00bb4.16&#8243; _module_preset=\u00bbdefault\u00bb header_2_font_size=\u00bb18px\u00bb custom_margin=\u00bb||0px||false|false\u00bb global_colors_info=\u00bb{}\u00bb]<\/p>\n<h2>Romper el ciclo<\/h2>\n<p>[\/et_pb_text][et_pb_divider color=\u00bb#e95e27&#8243; divider_position=\u00bbcenter\u00bb divider_weight=\u00bb2px\u00bb _builder_version=\u00bb4.16&#8243; _module_preset=\u00bbdefault\u00bb width=\u00bb100px\u00bb module_alignment=\u00bbleft\u00bb custom_margin=\u00bb0px||20px||false|false\u00bb global_colors_info=\u00bb{}\u00bb][\/et_pb_divider][et_pb_text _builder_version=\u00bb4.16&#8243; _module_preset=\u00bbdefault\u00bb text_font=\u00bb||||||||\u00bb header_font=\u00bb||||||||\u00bb header_2_font=\u00bb|700|||||||\u00bb header_2_font_size=\u00bb50px\u00bb header_2_line_height=\u00bb1.2em\u00bb header_4_font=\u00bbGentium Basic|700|||||||\u00bb header_4_font_size=\u00bb40px\u00bb header_4_line_height=\u00bb1.2em\u00bb text_orientation=\u00bbcenter\u00bb module_alignment=\u00bbcenter\u00bb custom_margin=\u00bb||3%||false|false\u00bb text_font_size_tablet=\u00bb\u00bb text_font_size_phone=\u00bb15px\u00bb text_font_size_last_edited=\u00bbon|desktop\u00bb header_2_font_size_tablet=\u00bb40px\u00bb header_2_font_size_phone=\u00bb25px\u00bb header_2_font_size_last_edited=\u00bbon|phone\u00bb header_4_font_size_tablet=\u00bb30px\u00bb header_4_font_size_phone=\u00bb22px\u00bb header_4_font_size_last_edited=\u00bbon|phone\u00bb global_colors_info=\u00bb{}\u00bb]<\/p>\n<p style=\"text-align: left\">A menudo, la aparici\u00f3n de zumbidos en los o\u00eddos tras una p\u00e9rdida de audici\u00f3n se percibe como algo muy estresante y los afectados desarrollan una ansiedad adicional. Estos temores tienen el efecto de aumentar el tinnitus y deben tratarse con hipnosis para romper el ciclo de ruido estresante del o\u00eddo y el miedo en una etapa temprana. Es importante que los afectados por una p\u00e9rdida de audici\u00f3n con tinnitus sepan que la percepci\u00f3n estresante del zumbido en los o\u00eddos mejora significativamente con el tiempo y que la fase inicial suele ser la que m\u00e1s estr\u00e9s provoca. Especialmente en la fase inicial, los nuevos ruidos en el o\u00eddo parecen especialmente estresantes y la concentraci\u00f3n en el ruido intensifica los s\u00edntomas. Con el tiempo, la intensidad del sonido suele disminuir considerablemente y s\u00f3lo se percibe de forma intermitente.<\/p>\n<p>[\/et_pb_text][\/et_pb_column][et_pb_column type=\u00bb1_2&#8243; _builder_version=\u00bb4.16&#8243; _module_preset=\u00bbdefault\u00bb animation_style=\u00bbslide\u00bb animation_direction=\u00bbright\u00bb animation_duration=\u00bb2000ms\u00bb global_colors_info=\u00bb{}\u00bb][et_pb_text _builder_version=\u00bb4.16&#8243; _module_preset=\u00bbdefault\u00bb custom_margin=\u00bb||||false|false\u00bb custom_margin_tablet=\u00bb\u00bb custom_margin_phone=\u00bb||||false|false\u00bb custom_margin_last_edited=\u00bbon|tablet\u00bb global_colors_info=\u00bb{}\u00bb]<\/p>\n<h3><span style=\"color: #e95e27\">Trabajar el estr\u00e9s con hipnosis<\/span><\/h3>\n<p>&nbsp;<\/p>\n<p>Si no hay causas f\u00edsicas para el zumbido de o\u00eddos, puede tratarse de un ac\u00fafeno causado por el estr\u00e9s psicol\u00f3gico. En este caso, se utilizar\u00e1 la hipnosis para trabajar sobre los factores y sentimientos estresantes con el fin de conseguir indirectamente una mejora del zumbido de o\u00eddos.<\/p>\n<p>Al aprender autohipnosis, tambi\u00e9n tienes la oportunidad de contribuir a una mejor gesti\u00f3n de los zumbidos de o\u00eddos. La autohipnosis puede utilizarse para modular el zumbido de o\u00eddos y reducir el estr\u00e9s.<\/p>\n<p>[\/et_pb_text][\/et_pb_column][\/et_pb_row][\/et_pb_section]<\/p>\n","protected":false},"excerpt":{"rendered":"<p>Tratamiento del tinnitus con hipnosisLa hipnosis se utiliza para ayudar a mejorar la forma de afrontar los zumbidos en los o\u00eddos. La hipnosis puede ayudar a las personas que sufren ac\u00fafenos descompensados a transformarlos en ac\u00fafenos compensados, es decir, en un ruido de o\u00eddo tolerable.Romper el cicloA menudo, la aparici\u00f3n de zumbidos en los o\u00eddos [&hellip;]<\/p>\n","protected":false},"author":1,"featured_media":3268,"parent":3778,"menu_order":0,"comment_status":"closed","ping_status":"closed","template":"","meta":{"_et_pb_use_builder":"on","_et_pb_old_content":"","_et_gb_content_width":"","footnotes":""},"class_list":["post-4087","page","type-page","status-publish","has-post-thumbnail","hentry"],"_links":{"self":[{"href":"https:\/\/www.kiez-hypnose.de\/es\/wp-json\/wp\/v2\/pages\/4087","targetHints":{"allow":["GET"]}}],"collection":[{"href":"https:\/\/www.kiez-hypnose.de\/es\/wp-json\/wp\/v2\/pages"}],"about":[{"href":"https:\/\/www.kiez-hypnose.de\/es\/wp-json\/wp\/v2\/types\/page"}],"author":[{"embeddable":true,"href":"https:\/\/www.kiez-hypnose.de\/es\/wp-json\/wp\/v2\/users\/1"}],"replies":[{"embeddable":true,"href":"https:\/\/www.kiez-hypnose.de\/es\/wp-json\/wp\/v2\/comments?post=4087"}],"version-history":[{"count":0,"href":"https:\/\/www.kiez-hypnose.de\/es\/wp-json\/wp\/v2\/pages\/4087\/revisions"}],"up":[{"embeddable":true,"href":"https:\/\/www.kiez-hypnose.de\/es\/wp-json\/wp\/v2\/pages\/3778"}],"wp:featuredmedia":[{"embeddable":true,"href":"https:\/\/www.kiez-hypnose.de\/es\/wp-json\/wp\/v2\/media\/3268"}],"wp:attachment":[{"href":"https:\/\/www.kiez-hypnose.de\/es\/wp-json\/wp\/v2\/media?parent=4087"}],"curies":[{"name":"wp","href":"https:\/\/api.w.org\/{rel}","templated":true}]}}