{"id":4033,"date":"2021-11-15T14:04:27","date_gmt":"2021-11-15T13:04:27","guid":{"rendered":"https:\/\/www.kiez-hypnose.de\/academia-agb\/"},"modified":"2022-07-12T12:31:00","modified_gmt":"2022-07-12T10:31:00","slug":"academia-agb","status":"publish","type":"page","link":"https:\/\/www.kiez-hypnose.de\/es\/academia\/academia-agb\/","title":{"rendered":"Academia AGB"},"content":{"rendered":"\n[et_pb_section fb_built=\u00bb1&#8243; admin_label=\u00bbSection\u00bb _builder_version=\u00bb4.9.11&#8243; _module_preset=\u00bbdefault\u00bb background_color=\u00bb#f5f5f5&#8243; custom_padding=\u00bb0px||0px||false|false\u00bb da_disable_devices=\u00bboff|off|off\u00bb global_colors_info=\u00bb{}\u00bb da_is_popup=\u00bboff\u00bb da_exit_intent=\u00bboff\u00bb da_has_close=\u00bbon\u00bb da_alt_close=\u00bboff\u00bb da_dark_close=\u00bboff\u00bb da_not_modal=\u00bbon\u00bb da_is_singular=\u00bboff\u00bb da_with_loader=\u00bboff\u00bb da_has_shadow=\u00bbon\u00bb][et_pb_row column_structure=\u00bb1_3,1_3,1_3&#8243; _builder_version=\u00bb4.9.11&#8243; _module_preset=\u00bbdefault\u00bb width=\u00bb95%\u00bb width_tablet=\u00bb100%\u00bb width_phone=\u00bb\u00bb width_last_edited=\u00bbon|phone\u00bb global_colors_info=\u00bb{}\u00bb][et_pb_column type=\u00bb1_3&#8243; _builder_version=\u00bb4.9.11&#8243; _module_preset=\u00bbdefault\u00bb global_colors_info=\u00bb{}\u00bb][et_pb_text _builder_version=\u00bb4.12.1&#8243; _module_preset=\u00bbb17acb3e-df65-4751-b369-29828bac6dbf\u00bb link_option_url=\u00bbhttps:\/\/www.kiez-hypnose.de\/es\/academia\/#flowstateausbildung\u00bb global_colors_info=\u00bb{}\u00bb]<h3><span style=\"color: #e95e27;\">Estado de Flujo \/ Entrenamiento B\u00e1sico de Hipnosis de la Guardia Activa  <i class=\"fas fa-chevron-right\"><\/i><\/span><\/h3>[\/et_pb_text][\/et_pb_column][et_pb_column type=\u00bb1_3&#8243; _builder_version=\u00bb4.9.11&#8243; _module_preset=\u00bbdefault\u00bb global_colors_info=\u00bb{}\u00bb][et_pb_text _builder_version=\u00bb4.12.1&#8243; _module_preset=\u00bbb17acb3e-df65-4751-b369-29828bac6dbf\u00bb link_option_url=\u00bbhttps:\/\/www.kiez-hypnose.de\/es\/academia\/#anmelden\u00bb global_colors_info=\u00bb{}\u00bb]<h3><span style=\"color: #e95e27;\">Inscripci\u00f3n en el seminario  <i class=\"fas fa-chevron-right\"><\/i><\/span><\/h3>[\/et_pb_text][\/et_pb_column][et_pb_column type=\u00bb1_3&#8243; _builder_version=\u00bb4.9.11&#8243; _module_preset=\u00bbdefault\u00bb global_colors_info=\u00bb{}\u00bb][et_pb_text _builder_version=\u00bb4.12.1&#8243; _module_preset=\u00bbb17acb3e-df65-4751-b369-29828bac6dbf\u00bb link_option_url=\u00bbhttps:\/\/www.kiez-hypnose.de\/es\/academia\/#teilnehmer\u00bb global_colors_info=\u00bb{}\u00bb]<h3><span style=\"color: #e95e27;\">Comentarios de los participantes  <i class=\"fas fa-chevron-right\"><\/i><\/span><\/h3>[\/et_pb_text][\/et_pb_column][\/et_pb_row][\/et_pb_section][et_pb_section fb_built=\u00bb1&#8243; _builder_version=\u00bb4.9.2&#8243; _module_preset=\u00bbdefault\u00bb custom_padding=\u00bb||0px||false|false\u00bb da_disable_devices=\u00bboff|off|off\u00bb global_colors_info=\u00bb{}\u00bb da_is_popup=\u00bboff\u00bb da_exit_intent=\u00bboff\u00bb da_has_close=\u00bbon\u00bb da_alt_close=\u00bboff\u00bb da_dark_close=\u00bboff\u00bb da_not_modal=\u00bbon\u00bb da_is_singular=\u00bboff\u00bb da_with_loader=\u00bboff\u00bb da_has_shadow=\u00bbon\u00bb][et_pb_row _builder_version=\u00bb4.14.1&#8243; _module_preset=\u00bb2487b179-ab1d-46ed-9316-ec72a42f6515&#8243; custom_padding=\u00bb0px||0px||false|false\u00bb hover_enabled=\u00bb0&#8243; global_colors_info=\u00bb{}\u00bb theme_builder_area=\u00bbpost_content\u00bb sticky_enabled=\u00bb0&#8243;][et_pb_column type=\u00bb4_4&#8243; _builder_version=\u00bb4.14.1&#8243; _module_preset=\u00bbdefault\u00bb global_colors_info=\u00bb{}\u00bb theme_builder_area=\u00bbpost_content\u00bb][et_pb_post_title meta=\u00bboff\u00bb featured_image=\u00bboff\u00bb _builder_version=\u00bb4.14.1&#8243; _module_preset=\u00bbdefault\u00bb title_font=\u00bb||||||||\u00bb title_text_align=\u00bbcenter\u00bb title_text_color=\u00bb#e95e27&#8243; title_font_size=\u00bb14px\u00bb global_colors_info=\u00bb{}\u00bb theme_builder_area=\u00bbpost_content\u00bb][\/et_pb_post_title][\/et_pb_column][\/et_pb_row][et_pb_row _builder_version=\u00bb4.9.9&#8243; _module_preset=\u00bbdefault\u00bb width_tablet=\u00bb\u00bb width_phone=\u00bb90%\u00bb width_last_edited=\u00bbon|phone\u00bb custom_padding=\u00bb||91px|||\u00bb scroll_fade_enable=\u00bbon\u00bb motion_trigger_start=\u00bbtop\u00bb global_colors_info=\u00bb{}\u00bb][et_pb_column type=\u00bb4_4&#8243; _builder_version=\u00bb4.9.2&#8243; _module_preset=\u00bbdefault\u00bb global_colors_info=\u00bb{}\u00bb][et_pb_image src=\u00bbhttps:\/\/www.kiez-hypnose.de\/wp-content\/uploads\/2021\/04\/kiez-akademie.png\u00bb alt=\u00bbPrevenir el duelo con hipnosis\u00bb title_text=\u00bbkiez-akademie\u00bb align=\u00bbcenter\u00bb disabled_on=\u00bboff|off|off\u00bb _builder_version=\u00bb4.9.11&#8243; _module_preset=\u00bbdefault\u00bb global_colors_info=\u00bb{}\u00bb][\/et_pb_image][et_pb_text _builder_version=\u00bb4.9.11&#8243; text_font=\u00bb||||||||\u00bb header_font=\u00bbOpenSans-Light|300|||||||\u00bb custom_margin=\u00bb||0px||false|false\u00bb text_font_size_tablet=\u00bb\u00bb text_font_size_phone=\u00bb15px\u00bb text_font_size_last_edited=\u00bbon|desktop\u00bb header_font_size_tablet=\u00bb40px\u00bb header_font_size_phone=\u00bb25px\u00bb header_font_size_last_edited=\u00bbon|phone\u00bb header_2_font_size_tablet=\u00bb\u00bb header_2_font_size_phone=\u00bb\u00bb header_2_font_size_last_edited=\u00bbon|phone\u00bb global_colors_info=\u00bb{}\u00bb]<h2 style=\"text-align: center;\">Academia de Hipnosis AGB Kiez<\/h2>[\/et_pb_text][et_pb_divider color=\u00bb#e95e27&#8243; divider_position=\u00bbcenter\u00bb divider_weight=\u00bb2px\u00bb _builder_version=\u00bb4.9.4&#8243; _module_preset=\u00bbdefault\u00bb width=\u00bb100px\u00bb module_alignment=\u00bbcenter\u00bb custom_margin=\u00bb0px||20px||false|false\u00bb global_colors_info=\u00bb{}\u00bb][\/et_pb_divider][et_pb_text _builder_version=\u00bb4.9.11&#8243; _module_preset=\u00bbdefault\u00bb width=\u00bb60%\u00bb width_tablet=\u00bb100%\u00bb width_phone=\u00bb\u00bb width_last_edited=\u00bbon|desktop\u00bb module_alignment=\u00bbcenter\u00bb global_colors_info=\u00bb{}\u00bb]<h3>Registro<\/h3>\n<p>Su inscripci\u00f3n ser\u00e1 vinculante cuando reciba el formulario de inscripci\u00f3n (por correo postal, inscripci\u00f3n en l\u00ednea o por correo electr\u00f3nico). Tras su inscripci\u00f3n, recibir\u00e1 una factura por el importe total del seminario. Debe pagarse en un plazo de 14 d\u00edas a partir de la recepci\u00f3n de la factura.<\/p>\n<h3>Condiciones de pago<\/h3>\n<p>Una vez recibida su inscripci\u00f3n, recibir\u00e1 una confirmaci\u00f3n de reserva por escrito con los datos de pago. Tenga en cuenta que los gastos bancarios desde el extranjero corren a su cargo.<\/p>\n<p>Anticipaci\u00f3n: Para beneficiarse del descuento por anticipaci\u00f3n ofrecido, transfiera el importe total del seminario a m\u00e1s tardar 2 d\u00edas despu\u00e9s de la finalizaci\u00f3n del per\u00edodo de anticipaci\u00f3n. Las inscripciones\/pagos tard\u00edos har\u00e1n perder la oferta y se deber\u00e1 pagar el importe normal.<\/p>\n<h3>Precios<\/h3>\n<p>El precio del seminario Flow State \/ AWH es de 750 \u20ac regular y 650 \u20ac con descuento por inscripci\u00f3n anticipada hasta el 17.05.2019.<br>N\u00famero de participantes<\/p>\n<p>El n\u00famero de participantes por curso es limitado. Las inscripciones se considerar\u00e1n en el orden en que se reciban. Cuando todas las plazas est\u00e1n ocupadas, se crea una lista de espera.<\/p>\n<h3>Anulaci\u00f3n de la participaci\u00f3n<\/h3>\n<p>Por supuesto, puede haber razones importantes que no le permitan participar. Si se recibe su cancelaci\u00f3n por escrito (por correo electr\u00f3nico), se le reembolsar\u00e1 el importe del curso seg\u00fan la siguiente escala:<\/p>\n<ul>\n<li>hasta 30 d\u00edas antes del inicio del curso, se le reembolsar\u00e1 el importe del curso ya abonado menos una tasa de tramitaci\u00f3n de 30 euros.<\/li>\n<li>hasta 14 d\u00edas antes del inicio del seminario se le reembolsar\u00e1 el 50%.<\/li>\n<li>7 d\u00edas y menos se retendr\u00e1 el importe del curso.<\/li>\n<\/ul>\n<p>En casos excepcionales, los cursos pueden recuperarse en una fecha posterior mediante acuerdo personal. Esto tambi\u00e9n se aplica en caso de enfermedad.<\/p>\n<h3>Cancelaci\u00f3n del seminario<\/h3>\n<p>Los seminarios pueden cancelarse por un n\u00famero reducido de participantes o por causas de fuerza mayor, como la enfermedad del director del seminario. En consecuencia, se ofrecer\u00e1 una fecha alternativa o se devolver\u00e1 el importe del curso en su totalidad.<\/p>\n<h3>Responsabilidad<\/h3>\n<p>Los seminarios, cursos y formaciones no sustituyen al tratamiento m\u00e9dico y terap\u00e9utico. Como organizador, Kiez Hypnose no acepta ninguna responsabilidad. No hay derecho a indemnizaci\u00f3n. Cada participante es plenamente responsable de todos los da\u00f1os causados directa o indirectamente.<\/p>\n<h3>Derechos de autor y de denominaci\u00f3n<\/h3>\n<p>El curso y los materiales del curso est\u00e1n sujetos a derechos de autor y no pueden ser reproducidos fotomec\u00e1nica o electr\u00f3nicamente. Est\u00e1n destinados exclusivamente al uso personal de los participantes en el curso.<\/p>\n<h3>Lugar de jurisdicci\u00f3n<\/h3>\n<p>El lugar de jurisdicci\u00f3n es exclusivamente Berl\u00edn.<\/p>\n<h3>Disposiciones finales<\/h3>\n<p>Entre las partes contratantes se aplicar\u00e1 el derecho alem\u00e1n. En caso de que una de las disposiciones anteriores o una disposici\u00f3n en el \u00e1mbito de otros acuerdos sea o llegue a ser inv\u00e1lida, esto no afectar\u00e1 a la validez de todas las dem\u00e1s disposiciones o acuerdos. Los acuerdos negociados que se aparten de esto s\u00f3lo ser\u00e1n v\u00e1lidos si se han acordado por escrito.<\/p>\n<p>Berl\u00edn, 12 de septiembre de 2018<\/p>[\/et_pb_text][\/et_pb_column][\/et_pb_row][\/et_pb_section]\n","protected":false},"excerpt":{"rendered":"<p>Estado de Flujo \/ Entrenamiento B\u00e1sico de Hipnosis de la Guardia Activa Inscripci\u00f3n en el seminario Comentarios de los participantes Academia de Hipnosis AGB KiezRegistro Su inscripci\u00f3n ser\u00e1 vinculante cuando reciba el formulario de inscripci\u00f3n (por correo postal, inscripci\u00f3n en l\u00ednea o por correo electr\u00f3nico). Tras su inscripci\u00f3n, recibir\u00e1 una factura por el importe total [&hellip;]<\/p>\n","protected":false},"author":1,"featured_media":3156,"parent":4642,"menu_order":0,"comment_status":"closed","ping_status":"closed","template":"","meta":{"_et_pb_use_builder":"on","_et_pb_old_content":"","_et_gb_content_width":"","footnotes":""},"class_list":["post-4033","page","type-page","status-publish","has-post-thumbnail","hentry"],"_links":{"self":[{"href":"https:\/\/www.kiez-hypnose.de\/es\/wp-json\/wp\/v2\/pages\/4033","targetHints":{"allow":["GET"]}}],"collection":[{"href":"https:\/\/www.kiez-hypnose.de\/es\/wp-json\/wp\/v2\/pages"}],"about":[{"href":"https:\/\/www.kiez-hypnose.de\/es\/wp-json\/wp\/v2\/types\/page"}],"author":[{"embeddable":true,"href":"https:\/\/www.kiez-hypnose.de\/es\/wp-json\/wp\/v2\/users\/1"}],"replies":[{"embeddable":true,"href":"https:\/\/www.kiez-hypnose.de\/es\/wp-json\/wp\/v2\/comments?post=4033"}],"version-history":[{"count":0,"href":"https:\/\/www.kiez-hypnose.de\/es\/wp-json\/wp\/v2\/pages\/4033\/revisions"}],"up":[{"embeddable":true,"href":"https:\/\/www.kiez-hypnose.de\/es\/wp-json\/wp\/v2\/pages\/4642"}],"wp:featuredmedia":[{"embeddable":true,"href":"https:\/\/www.kiez-hypnose.de\/es\/wp-json\/wp\/v2\/media\/3156"}],"wp:attachment":[{"href":"https:\/\/www.kiez-hypnose.de\/es\/wp-json\/wp\/v2\/media?parent=4033"}],"curies":[{"name":"wp","href":"https:\/\/api.w.org\/{rel}","templated":true}]}}