{"id":4019,"date":"2021-11-15T14:04:23","date_gmt":"2021-11-15T13:04:23","guid":{"rendered":"https:\/\/www.kiez-hypnose.de\/hipnosis\/reducir-el-estres\/"},"modified":"2022-07-05T16:15:49","modified_gmt":"2022-07-05T14:15:49","slug":"reducir-el-estres","status":"publish","type":"page","link":"https:\/\/www.kiez-hypnose.de\/es\/hipnosis\/reducir-el-estres\/","title":{"rendered":"Reducir el estr\u00e9s"},"content":{"rendered":"<p>[et_pb_section fb_built=\u00bb1&#8243; _builder_version=\u00bb4.16&#8243; _module_preset=\u00bbdefault\u00bb custom_padding=\u00bb||0px||false|false\u00bb da_disable_devices=\u00bboff|off|off\u00bb global_colors_info=\u00bb{}\u00bb da_is_popup=\u00bboff\u00bb da_exit_intent=\u00bboff\u00bb da_has_close=\u00bbon\u00bb da_alt_close=\u00bboff\u00bb da_dark_close=\u00bboff\u00bb da_not_modal=\u00bbon\u00bb da_is_singular=\u00bboff\u00bb da_with_loader=\u00bboff\u00bb da_has_shadow=\u00bbon\u00bb][et_pb_row _builder_version=\u00bb4.16&#8243; _module_preset=\u00bbdefault\u00bb width_tablet=\u00bb\u00bb width_phone=\u00bb90%\u00bb width_last_edited=\u00bbon|phone\u00bb scroll_fade_enable=\u00bbon\u00bb motion_trigger_start=\u00bbtop\u00bb global_colors_info=\u00bb{}\u00bb][et_pb_column type=\u00bb4_4&#8243; _builder_version=\u00bb4.16&#8243; _module_preset=\u00bbdefault\u00bb global_colors_info=\u00bb{}\u00bb][et_pb_text _builder_version=\u00bb4.17.4&#8243; text_font=\u00bb||||||||\u00bb header_font=\u00bb||||||||\u00bb custom_margin=\u00bb||0px||false|false\u00bb hover_enabled=\u00bb0&#8243; text_font_size_tablet=\u00bb\u00bb text_font_size_phone=\u00bb15px\u00bb text_font_size_last_edited=\u00bbon|desktop\u00bb header_font_size_tablet=\u00bb40px\u00bb header_font_size_phone=\u00bb25px\u00bb header_font_size_last_edited=\u00bbon|phone\u00bb header_2_font_size_tablet=\u00bb\u00bb header_2_font_size_phone=\u00bb\u00bb header_2_font_size_last_edited=\u00bbon|phone\u00bb global_colors_info=\u00bb{}\u00bb header_font_size=\u00bb26px\u00bb sticky_enabled=\u00bb0&#8243;]<\/p>\n<h1 style=\"text-align: center;\">Reducir el estr\u00e9s &#8211; La forma correcta de enfrentarse al estr\u00e9s<\/h1>\n<p>[\/et_pb_text][et_pb_divider color=\u00bb#e95e27&#8243; divider_position=\u00bbcenter\u00bb divider_weight=\u00bb2px\u00bb _builder_version=\u00bb4.16&#8243; _module_preset=\u00bbdefault\u00bb width=\u00bb100px\u00bb module_alignment=\u00bbcenter\u00bb custom_margin=\u00bb0px||20px||false|false\u00bb global_colors_info=\u00bb{}\u00bb][\/et_pb_divider][et_pb_image src=\u00bbhttps:\/\/www.kiez-hypnose.de\/wp-content\/uploads\/2021\/08\/stress-abbauen.jpg\u00bb alt=\u00bbReducir el estr\u00e9s mediante la hipnosis\u00bb title_text=\u00bbpara aliviar el estr\u00e9s\u00bb align=\u00bbcenter\u00bb _builder_version=\u00bb4.16&#8243; _module_preset=\u00bbdefault\u00bb global_colors_info=\u00bb{}\u00bb][\/et_pb_image][\/et_pb_column][\/et_pb_row][\/et_pb_section][et_pb_section fb_built=\u00bb1&#8243; admin_label=\u00bbWie l\u00e4uft Hypnose ab?\u00bb _builder_version=\u00bb4.16&#8243; _module_preset=\u00bbdefault\u00bb background_color=\u00bb#f5f5f5&#8243; custom_margin=\u00bb0px||||false|false\u00bb custom_padding=\u00bb||||false|false\u00bb bottom_divider_style=\u00bbramp2&#8243; bottom_divider_color=\u00bb#FFFFFF\u00bb da_disable_devices=\u00bboff|off|off\u00bb global_colors_info=\u00bb{}\u00bb da_is_popup=\u00bboff\u00bb da_exit_intent=\u00bboff\u00bb da_has_close=\u00bbon\u00bb da_alt_close=\u00bboff\u00bb da_dark_close=\u00bboff\u00bb da_not_modal=\u00bbon\u00bb da_is_singular=\u00bboff\u00bb da_with_loader=\u00bboff\u00bb da_has_shadow=\u00bbon\u00bb][et_pb_row column_structure=\u00bb1_2,1_2&#8243; _builder_version=\u00bb4.16&#8243; _module_preset=\u00bbdefault\u00bb width=\u00bb94%\u00bb module_alignment=\u00bbcenter\u00bb custom_margin=\u00bb-0.1%|auto|6%|auto|false|false\u00bb custom_margin_tablet=\u00bb\u00bb custom_margin_phone=\u00bb||5%||false|false\u00bb custom_margin_last_edited=\u00bbon|desktop\u00bb custom_padding=\u00bb14px|20px|14px|20px|true|false\u00bb custom_css_main_element=\u00bbtext-decoration: none;\u00bb global_colors_info=\u00bb{}\u00bb header_2_font_size_tablet=\u00bb40px\u00bb header_2_font_size_phone=\u00bb25px\u00bb header_2_font_size_last_edited=\u00bbon|phone\u00bb header_4_font_size_tablet=\u00bb30px\u00bb header_4_font_size_phone=\u00bb22px\u00bb header_4_font_size_last_edited=\u00bbon|phone\u00bb text_font_size_phone=\u00bb15px\u00bb text_font_size_last_edited=\u00bbon|desktop\u00bb button_bg_color__hover_enabled=\u00bbon|hover\u00bb custom_padding__hover=\u00bb|30px||\u00bb custom_padding__hover_enabled=\u00bbon\u00bb][et_pb_column type=\u00bb1_2&#8243; _builder_version=\u00bb4.16&#8243; _module_preset=\u00bbdefault\u00bb custom_padding=\u00bb||||false|false\u00bb animation_style=\u00bbslide\u00bb animation_direction=\u00bbleft\u00bb animation_duration=\u00bb2000ms\u00bb global_colors_info=\u00bb{}\u00bb][et_pb_text _builder_version=\u00bb4.16&#8243; _module_preset=\u00bbdefault\u00bb header_2_font_size=\u00bb18px\u00bb custom_margin=\u00bb||0px||false|false\u00bb global_colors_info=\u00bb{}\u00bb]<\/p>\n<h2>Agotado emocionalmente: Reacciona antes de que aparezcan los s\u00edntomas<\/h2>\n<p>[\/et_pb_text][et_pb_divider color=\u00bb#e95e27&#8243; divider_position=\u00bbcenter\u00bb divider_weight=\u00bb2px\u00bb _builder_version=\u00bb4.16&#8243; _module_preset=\u00bbdefault\u00bb width=\u00bb100px\u00bb module_alignment=\u00bbleft\u00bb custom_margin=\u00bb0px||20px||false|false\u00bb global_colors_info=\u00bb{}\u00bb][\/et_pb_divider][et_pb_text _builder_version=\u00bb4.16&#8243; _module_preset=\u00bbdefault\u00bb text_font=\u00bb||||||||\u00bb header_font=\u00bb||||||||\u00bb header_2_font=\u00bb|700|||||||\u00bb header_2_font_size=\u00bb50px\u00bb header_2_line_height=\u00bb1.2em\u00bb header_4_font=\u00bbGentium Basic|700|||||||\u00bb header_4_font_size=\u00bb40px\u00bb header_4_line_height=\u00bb1.2em\u00bb text_orientation=\u00bbcenter\u00bb module_alignment=\u00bbcenter\u00bb custom_margin=\u00bb||3%||false|false\u00bb text_font_size_tablet=\u00bb\u00bb text_font_size_phone=\u00bb15px\u00bb text_font_size_last_edited=\u00bbon|desktop\u00bb header_2_font_size_tablet=\u00bb40px\u00bb header_2_font_size_phone=\u00bb25px\u00bb header_2_font_size_last_edited=\u00bbon|phone\u00bb header_4_font_size_tablet=\u00bb30px\u00bb header_4_font_size_phone=\u00bb22px\u00bb header_4_font_size_last_edited=\u00bbon|phone\u00bb global_colors_info=\u00bb{}\u00bb]<\/p>\n<p style=\"text-align: left\">Seguro que conoces una de estas situaciones: Negociaciones en el trabajo, presentaciones en la escuela, conflictos con los amigos, problemas en la familia, demasiadas citas y, adem\u00e1s, un tel\u00e9fono inteligente que zumba constantemente como compa\u00f1ero cotidiano. <strong>El estr\u00e9s afecta a muchas personas y a muchos \u00e1mbitos de la vida<\/strong>. Cuando est\u00e1s bajo mucha presi\u00f3n o te sientes abrumado, se produce una reacci\u00f3n de estr\u00e9s. Afrontar <strong>el estr\u00e9s<\/strong> de forma adecuada es un reto para muchas personas. Sin embargo, el estr\u00e9s es en realidad algo positivo. Porque <strong>el estr\u00e9s te activa y libera energ\u00edas<\/strong> que pueden asegurar que est\u00e9s motivado y concentrado. Un sistema de estr\u00e9s que funcione es responsable de nuestro desarrollo evolutivo e indispensable para la vida cotidiana.<\/p>\n<p>[\/et_pb_text][et_pb_text _builder_version=\u00bb4.16&#8243; _module_preset=\u00bbdefault\u00bb custom_margin=\u00bb10%||10%||false|false\u00bb global_colors_info=\u00bb{}\u00bb]<\/p>\n<h2 style=\"text-align: left\">\u00abEl estr\u00e9s es el mayor riesgo para la salud del siglo XXI\u00bb.<\/h2>\n<p style=\"text-align: left\">Organizaci\u00f3n Mundial de la Salud (OMS)<\/p>\n<p>[\/et_pb_text][et_pb_text _builder_version=\u00bb4.16&#8243; _module_preset=\u00bbdefault\u00bb text_font=\u00bb||||||||\u00bb header_font=\u00bb||||||||\u00bb header_2_font=\u00bb|700|||||||\u00bb header_2_font_size=\u00bb50px\u00bb header_2_line_height=\u00bb1.2em\u00bb header_4_font=\u00bbGentium Basic|700|||||||\u00bb header_4_font_size=\u00bb40px\u00bb header_4_line_height=\u00bb1.2em\u00bb text_orientation=\u00bbcenter\u00bb module_alignment=\u00bbcenter\u00bb custom_padding=\u00bb||||false|false\u00bb text_font_size_tablet=\u00bb\u00bb text_font_size_phone=\u00bb15px\u00bb text_font_size_last_edited=\u00bbon|desktop\u00bb header_2_font_size_tablet=\u00bb40px\u00bb header_2_font_size_phone=\u00bb25px\u00bb header_2_font_size_last_edited=\u00bbon|phone\u00bb header_4_font_size_tablet=\u00bb30px\u00bb header_4_font_size_phone=\u00bb22px\u00bb header_4_font_size_last_edited=\u00bbon|phone\u00bb global_colors_info=\u00bb{}\u00bb]<\/p>\n<p style=\"text-align: left\"><span>El problema surge <\/span><strong>cuando el estr\u00e9s se vuelve excesivo<\/strong><span>. En la acelerada sociedad actual, en la que se est\u00e1 constantemente expuesto a est\u00edmulos visuales y a situaciones sociales estresantes, nuestros sistemas de estr\u00e9s est\u00e1n constantemente activos. Por desgracia, se da el caso de que  <\/span><strong>Reacciones de estr\u00e9s<\/strong><span>que nos salvaron a los humanos en el pasado (cuando tuvimos que huir de un tigre de dientes de sable, por ejemplo) nos plantean hoy muchos problemas. En el mundo actual, las situaciones de peligro real de este tipo son muy raras. Sin embargo, su cuerpo se comporta en  <\/span><strong>Situaciones de estr\u00e9s<\/strong><span> a menudo, como si te persiguiera un tigre de dientes de sable.<\/span><\/p>\n<p>[\/et_pb_text][\/et_pb_column][et_pb_column type=\u00bb1_2&#8243; _builder_version=\u00bb4.16&#8243; _module_preset=\u00bbdefault\u00bb animation_style=\u00bbslide\u00bb animation_direction=\u00bbright\u00bb animation_duration=\u00bb2000ms\u00bb global_colors_info=\u00bb{}\u00bb][et_pb_image src=\u00bbhttps:\/\/www.kiez-hypnose.de\/wp-content\/uploads\/2021\/08\/stress-abbauen-hypnose.jpg\u00bb alt=\u00bbLa hipnosis ayuda a reducir el estr\u00e9s\u00bb title_text=\u00bbalivio del estr\u00e9s-hipnosis\u00bb _builder_version=\u00bb4.16&#8243; _module_preset=\u00bbdefault\u00bb global_colors_info=\u00bb{}\u00bb][\/et_pb_image][et_pb_text _builder_version=\u00bb4.16&#8243; _module_preset=\u00bbdefault\u00bb custom_margin=\u00bb||||false|false\u00bb custom_margin_tablet=\u00bb\u00bb custom_margin_phone=\u00bb||||false|false\u00bb custom_margin_last_edited=\u00bbon|tablet\u00bb global_colors_info=\u00bb{}\u00bb]<\/p>\n<h3><span style=\"color: #e95e27\">Las consecuencias de un exceso de estr\u00e9s<\/span><\/h3>\n<p>Cuando se supera el l\u00edmite de estr\u00e9s saludable, se produce un estr\u00e9s agudo. Como resultado, podemos no estar tan concentrados, tener problemas de ansiedad o concentraci\u00f3n, y pueden desencadenarse s\u00edntomas f\u00edsicos como mareos y dolor de est\u00f3mago.<\/p>\n<p>Si el estr\u00e9s excesivo se prolonga y no hay fases de recuperaci\u00f3n en las que procesar el estr\u00e9s, se pueden desarrollar s\u00edntomas de sobrecarga cr\u00f3nica. El estr\u00e9s continuado y excesivo puede provocar s\u00edntomas f\u00edsicos y psicol\u00f3gicos:<\/p>\n<p>&nbsp;<\/p>\n<ul>\n<li>Tensiones<\/li>\n<li>Dolor de cabeza<\/li>\n<li>Dolor de espalda<br \/>Teme<\/li>\n<li>Problemas de concentraci\u00f3n<\/li>\n<li>Trastorno del sue\u00f1o<\/li>\n<li>Problemas de piel<\/li>\n<\/ul>\n<p>[\/et_pb_text][\/et_pb_column][\/et_pb_row][\/et_pb_section][et_pb_section fb_built=\u00bb1&#8243; admin_label=\u00bbWie l\u00e4uft Hypnose ab?\u00bb _builder_version=\u00bb4.16&#8243; _module_preset=\u00bbdefault\u00bb background_color=\u00bb#f5f5f5&#8243; custom_margin=\u00bb0px||||false|false\u00bb custom_padding=\u00bb||||false|false\u00bb top_divider_color=\u00bb#FFFFFF\u00bb da_disable_devices=\u00bboff|off|off\u00bb global_colors_info=\u00bb{}\u00bb da_is_popup=\u00bboff\u00bb da_exit_intent=\u00bboff\u00bb da_has_close=\u00bbon\u00bb da_alt_close=\u00bboff\u00bb da_dark_close=\u00bboff\u00bb da_not_modal=\u00bbon\u00bb da_is_singular=\u00bboff\u00bb da_with_loader=\u00bboff\u00bb da_has_shadow=\u00bbon\u00bb][et_pb_row column_structure=\u00bb1_2,1_2&#8243; _builder_version=\u00bb4.16&#8243; _module_preset=\u00bbdefault\u00bb width=\u00bb94%\u00bb module_alignment=\u00bbcenter\u00bb custom_margin=\u00bb-0.1%|auto|6%|auto|false|false\u00bb custom_margin_tablet=\u00bb\u00bb custom_margin_phone=\u00bb||5%||false|false\u00bb custom_margin_last_edited=\u00bbon|desktop\u00bb custom_padding=\u00bb14px|20px|14px|20px|true|false\u00bb custom_css_main_element=\u00bbtext-decoration: none;\u00bb global_colors_info=\u00bb{}\u00bb header_2_font_size_tablet=\u00bb40px\u00bb header_2_font_size_phone=\u00bb25px\u00bb header_2_font_size_last_edited=\u00bbon|phone\u00bb header_4_font_size_tablet=\u00bb30px\u00bb header_4_font_size_phone=\u00bb22px\u00bb header_4_font_size_last_edited=\u00bbon|phone\u00bb text_font_size_phone=\u00bb15px\u00bb text_font_size_last_edited=\u00bbon|desktop\u00bb button_bg_color__hover_enabled=\u00bbon|hover\u00bb custom_padding__hover=\u00bb|30px||\u00bb custom_padding__hover_enabled=\u00bbon\u00bb][et_pb_column type=\u00bb1_2&#8243; _builder_version=\u00bb4.16&#8243; _module_preset=\u00bbdefault\u00bb custom_padding=\u00bb||||false|false\u00bb animation_style=\u00bbslide\u00bb animation_direction=\u00bbleft\u00bb animation_duration=\u00bb2000ms\u00bb global_colors_info=\u00bb{}\u00bb][et_pb_text _builder_version=\u00bb4.16&#8243; _module_preset=\u00bbdefault\u00bb header_2_font_size=\u00bb18px\u00bb custom_margin=\u00bb||0px||false|false\u00bb global_colors_info=\u00bb{}\u00bb]<\/p>\n<h2>Resolver el estr\u00e9s con hipnosis<\/h2>\n<p>[\/et_pb_text][et_pb_divider color=\u00bb#e95e27&#8243; divider_position=\u00bbcenter\u00bb divider_weight=\u00bb2px\u00bb _builder_version=\u00bb4.16&#8243; _module_preset=\u00bbdefault\u00bb width=\u00bb100px\u00bb module_alignment=\u00bbleft\u00bb custom_margin=\u00bb0px||20px||false|false\u00bb global_colors_info=\u00bb{}\u00bb][\/et_pb_divider][et_pb_text _builder_version=\u00bb4.16&#8243; _module_preset=\u00bbdefault\u00bb text_font=\u00bb||||||||\u00bb header_font=\u00bb||||||||\u00bb header_2_font=\u00bb|700|||||||\u00bb header_2_font_size=\u00bb50px\u00bb header_2_line_height=\u00bb1.2em\u00bb header_4_font=\u00bbGentium Basic|700|||||||\u00bb header_4_font_size=\u00bb40px\u00bb header_4_line_height=\u00bb1.2em\u00bb text_orientation=\u00bbcenter\u00bb module_alignment=\u00bbcenter\u00bb custom_padding=\u00bb||||false|false\u00bb text_font_size_tablet=\u00bb\u00bb text_font_size_phone=\u00bb15px\u00bb text_font_size_last_edited=\u00bbon|desktop\u00bb header_2_font_size_tablet=\u00bb40px\u00bb header_2_font_size_phone=\u00bb25px\u00bb header_2_font_size_last_edited=\u00bbon|phone\u00bb header_4_font_size_tablet=\u00bb30px\u00bb header_4_font_size_phone=\u00bb22px\u00bb header_4_font_size_last_edited=\u00bbon|phone\u00bb global_colors_info=\u00bb{}\u00bb]<\/p>\n<p style=\"text-align: left\"><strong>Reducir el estr\u00e9s mediante la relajaci\u00f3n<\/strong><\/p>\n<p style=\"text-align: left\">El estr\u00e9s forma parte de la vida cotidiana en nuestra acelerada sociedad y a menudo no puede evitarse. Es fundamental <strong>afrontar el estr\u00e9s<\/strong> de forma adecuada. El estr\u00e9s y las situaciones estresantes se almacenan en el <strong>subconsciente<\/strong>. Conscientemente, el estr\u00e9s reprimido es dif\u00edcil de liberar. Aqu\u00ed es donde entra la hipnosis.<\/p>\n<p style=\"text-align: left\">\n<p style=\"text-align: left\">Cuando est\u00e1s en estado de <strong>trance<\/strong> y profundamente relajado, puedes encontrar soluciones y recursos inconscientes para reducir tu estr\u00e9s. Adem\u00e1s, en trance tu <strong>sistema inmunol\u00f3gico<\/strong> puede trabajar a pleno rendimiento, combatiendo las c\u00e9lulas malas y cuidando de ti. Por eso es tan importante para ti una relajaci\u00f3n profunda y suficiente.<\/p>\n<p style=\"text-align: left\">\n<p style=\"text-align: left\"><strong>Resiliencia a trav\u00e9s de la hipnosis<\/strong><\/p>\n<p style=\"text-align: left\">El objetivo de la hipnosis, adem\u00e1s de <strong>liberar el estr\u00e9s<\/strong>, es tambi\u00e9n <strong>aumentar su resistencia al estr\u00e9s<\/strong> en su vida diaria y lograr una <strong>resiliencia<\/strong> saludable. La hipnosis y la relajaci\u00f3n regular pueden tener un efecto positivo en todos los \u00e1mbitos de la vida:<\/p>\n<p style=\"text-align: left\">\n<p style=\"text-align: left\">\n<ul>\n<li style=\"text-align: left\">paz interior y equilibrio<\/li>\n<li style=\"text-align: left\">Evitar el agotamiento y la fatiga<\/li>\n<li style=\"text-align: left\">Mindfulness en la vida cotidiana y en el trato con otras personas<\/li>\n<li style=\"text-align: left\">Confianza y optimismo<\/li>\n<li style=\"text-align: left\">seguridad interna<\/li>\n<li style=\"text-align: left\">Mayor rendimiento y mejor concentraci\u00f3n<\/li>\n<li style=\"text-align: left\">Aumento del bienestar general<\/li>\n<li style=\"text-align: left\">m\u00e1s confianza y seguridad en s\u00ed mismo<\/li>\n<\/ul>\n<p>[\/et_pb_text][\/et_pb_column][et_pb_column type=\u00bb1_2&#8243; _builder_version=\u00bb4.16&#8243; _module_preset=\u00bbdefault\u00bb animation_style=\u00bbslide\u00bb animation_direction=\u00bbright\u00bb animation_duration=\u00bb2000ms\u00bb global_colors_info=\u00bb{}\u00bb][et_pb_text _builder_version=\u00bb4.16&#8243; _module_preset=\u00bbdefault\u00bb custom_margin=\u00bb||||false|false\u00bb custom_margin_tablet=\u00bb\u00bb custom_margin_phone=\u00bb||||false|false\u00bb custom_margin_last_edited=\u00bbon|tablet\u00bb global_colors_info=\u00bb{}\u00bb]<\/p>\n<h3><span style=\"color: #e95e27\">Sesi\u00f3n sin estr\u00e9s &#8211; \u00abBienestar para el alma\u00bb<\/span><\/h3>\n<p>Un cliente de la Kiez Hypnose Praxis declar\u00f3 con entusiasmo despu\u00e9s de una sesi\u00f3n de hipnosis: <em>\u00abEsto es como el bienestar del alma\u00bb<\/em>. Con la hipnosis y la autohipnosis es posible disolver y dejar ir el estr\u00e9s agudo y cr\u00f3nico a un nivel profundo.  <strong>Adem\u00e1s, le ense\u00f1amos t\u00e9cnicas de autohipnosis para la vida cotidiana contra el estr\u00e9s y otros m\u00e9todos para la reducci\u00f3n del estr\u00e9s agudo.<\/strong><\/p>\n<p>[\/et_pb_text][et_pb_text _builder_version=\u00bb4.16&#8243; _module_preset=\u00bbdefault\u00bb custom_margin=\u00bb||||false|false\u00bb custom_margin_tablet=\u00bb\u00bb custom_margin_phone=\u00bb||||false|false\u00bb custom_margin_last_edited=\u00bbon|tablet\u00bb global_colors_info=\u00bb{}\u00bb]<\/p>\n<h3><span style=\"color: #e95e27\">Su camino hacia una mayor serenidad<\/span><\/h3>\n<p>P\u00f3ngase en contacto con nosotros para una consulta gratuita. Si a menudo te sientes demasiado estresado y te gustar\u00eda liberar esta carga a un nivel profundo e inconsciente, no dudes en llamarnos o rellenar el formulario de contacto. En una consulta telef\u00f3nica personal y gratuita aclaramos todas las cuestiones para su sesi\u00f3n individual. [\/et_pb_text][\/et_pb_column][\/et_pb_row][\/et_pb_section]<\/p>\n","protected":false},"excerpt":{"rendered":"<p>Reducir el estr\u00e9s &#8211; La forma correcta de enfrentarse al estr\u00e9sAgotado emocionalmente: Reacciona antes de que aparezcan los s\u00edntomasSeguro que conoces una de estas situaciones: Negociaciones en el trabajo, presentaciones en la escuela, conflictos con los amigos, problemas en la familia, demasiadas citas y, adem\u00e1s, un tel\u00e9fono inteligente que zumba constantemente como compa\u00f1ero cotidiano. El [&hellip;]<\/p>\n","protected":false},"author":1,"featured_media":3264,"parent":3778,"menu_order":0,"comment_status":"closed","ping_status":"closed","template":"","meta":{"_et_pb_use_builder":"on","_et_pb_old_content":"","_et_gb_content_width":"","footnotes":""},"class_list":["post-4019","page","type-page","status-publish","has-post-thumbnail","hentry"],"_links":{"self":[{"href":"https:\/\/www.kiez-hypnose.de\/es\/wp-json\/wp\/v2\/pages\/4019","targetHints":{"allow":["GET"]}}],"collection":[{"href":"https:\/\/www.kiez-hypnose.de\/es\/wp-json\/wp\/v2\/pages"}],"about":[{"href":"https:\/\/www.kiez-hypnose.de\/es\/wp-json\/wp\/v2\/types\/page"}],"author":[{"embeddable":true,"href":"https:\/\/www.kiez-hypnose.de\/es\/wp-json\/wp\/v2\/users\/1"}],"replies":[{"embeddable":true,"href":"https:\/\/www.kiez-hypnose.de\/es\/wp-json\/wp\/v2\/comments?post=4019"}],"version-history":[{"count":0,"href":"https:\/\/www.kiez-hypnose.de\/es\/wp-json\/wp\/v2\/pages\/4019\/revisions"}],"up":[{"embeddable":true,"href":"https:\/\/www.kiez-hypnose.de\/es\/wp-json\/wp\/v2\/pages\/3778"}],"wp:featuredmedia":[{"embeddable":true,"href":"https:\/\/www.kiez-hypnose.de\/es\/wp-json\/wp\/v2\/media\/3264"}],"wp:attachment":[{"href":"https:\/\/www.kiez-hypnose.de\/es\/wp-json\/wp\/v2\/media?parent=4019"}],"curies":[{"name":"wp","href":"https:\/\/api.w.org\/{rel}","templated":true}]}}