{"id":3836,"date":"2021-11-10T13:45:49","date_gmt":"2021-11-10T12:45:49","guid":{"rendered":"https:\/\/www.kiez-hypnose.de\/hipnosis\/neurodermatitis-y-otras-enfermedades-de-la-piel\/"},"modified":"2023-01-12T10:48:02","modified_gmt":"2023-01-12T09:48:02","slug":"neurodermatitis-y-otras-enfermedades-de-la-piel","status":"publish","type":"page","link":"https:\/\/www.kiez-hypnose.de\/es\/hipnosis\/neurodermatitis-y-otras-enfermedades-de-la-piel\/","title":{"rendered":"Neurodermatitis y otras enfermedades de la piel"},"content":{"rendered":"<p>[et_pb_section fb_built=\u00bb1&#8243; _builder_version=\u00bb4.16&#8243; _module_preset=\u00bbdefault\u00bb custom_padding=\u00bb||0px||false|false\u00bb da_disable_devices=\u00bboff|off|off\u00bb global_colors_info=\u00bb{}\u00bb da_is_popup=\u00bboff\u00bb da_exit_intent=\u00bboff\u00bb da_has_close=\u00bbon\u00bb da_alt_close=\u00bboff\u00bb da_dark_close=\u00bboff\u00bb da_not_modal=\u00bbon\u00bb da_is_singular=\u00bboff\u00bb da_with_loader=\u00bboff\u00bb da_has_shadow=\u00bbon\u00bb][et_pb_row _builder_version=\u00bb4.16&#8243; _module_preset=\u00bbdefault\u00bb width_tablet=\u00bb\u00bb width_phone=\u00bb90%\u00bb width_last_edited=\u00bbon|phone\u00bb scroll_fade_enable=\u00bbon\u00bb motion_trigger_start=\u00bbtop\u00bb global_colors_info=\u00bb{}\u00bb][et_pb_column type=\u00bb4_4&#8243; _builder_version=\u00bb4.16&#8243; _module_preset=\u00bbdefault\u00bb global_colors_info=\u00bb{}\u00bb][et_pb_text _builder_version=\u00bb4.19.3&#8243; text_font=\u00bb||||||||\u00bb header_font=\u00bb||||||||\u00bb custom_margin=\u00bb||0px||false|false\u00bb hover_enabled=\u00bb0&#8243; text_font_size_tablet=\u00bb\u00bb text_font_size_phone=\u00bb15px\u00bb text_font_size_last_edited=\u00bbon|desktop\u00bb header_font_size_tablet=\u00bb40px\u00bb header_font_size_phone=\u00bb25px\u00bb header_font_size_last_edited=\u00bbon|phone\u00bb header_2_font_size_tablet=\u00bb\u00bb header_2_font_size_phone=\u00bb\u00bb header_2_font_size_last_edited=\u00bbon|phone\u00bb global_colors_info=\u00bb{}\u00bb sticky_enabled=\u00bb0&#8243;]<\/p>\n<h1 style=\"text-align: center;\">Tratamiento de la neurodermatitis<br \/>y otras enfermedades de la piel<\/h1>\n<p>[\/et_pb_text][et_pb_divider color=\u00bb#e95e27&#8243; divider_position=\u00bbcenter\u00bb divider_weight=\u00bb2px\u00bb _builder_version=\u00bb4.16&#8243; _module_preset=\u00bbdefault\u00bb width=\u00bb100px\u00bb module_alignment=\u00bbcenter\u00bb custom_margin=\u00bb0px||20px||false|false\u00bb global_colors_info=\u00bb{}\u00bb][\/et_pb_divider][et_pb_text _builder_version=\u00bb4.16&#8243; _module_preset=\u00bbdefault\u00bb width=\u00bb60%\u00bb width_tablet=\u00bb100%\u00bb width_phone=\u00bb\u00bb width_last_edited=\u00bbon|tablet\u00bb module_alignment=\u00bbcenter\u00bb global_colors_info=\u00bb{}\u00bb]<\/p>\n<p style=\"text-align: center\">Como yo mismo sufr\u00ed de ni\u00f1o el agonizante picor de la neurodermatitis, puedo empatizar muy bien con el sufrimiento. Picaz\u00f3n constante, que se vuelve a\u00fan m\u00e1s fuerte con la tensi\u00f3n psicol\u00f3gica y el estr\u00e9s. Esto demuestra por s\u00ed solo que la neurodermatitis est\u00e1 claramente vinculada a la psique.<\/p>\n<p>[\/et_pb_text][et_pb_image src=\u00bbhttps:\/\/www.kiez-hypnose.de\/wp-content\/uploads\/2021\/08\/neurodermitis-behandlung.jpg\u00bb alt=\u00bbTratamiento de la neurodermatitis  \u00bb title_text=\u00bbtratamiento de la neurodermatitis\u00bb align=\u00bbcenter\u00bb disabled_on=\u00bboff|off|off\u00bb _builder_version=\u00bb4.16&#8243; _module_preset=\u00bbdefault\u00bb global_colors_info=\u00bb{}\u00bb][\/et_pb_image][\/et_pb_column][\/et_pb_row][\/et_pb_section][et_pb_section fb_built=\u00bb1&#8243; admin_label=\u00bbWie l\u00e4uft Hypnose ab?\u00bb _builder_version=\u00bb4.16&#8243; _module_preset=\u00bbdefault\u00bb background_color=\u00bb#f5f5f5&#8243; custom_margin=\u00bb0px||||false|false\u00bb custom_padding=\u00bb||||false|false\u00bb bottom_divider_color=\u00bb#FFFFFF\u00bb da_disable_devices=\u00bboff|off|off\u00bb global_colors_info=\u00bb{}\u00bb da_is_popup=\u00bboff\u00bb da_exit_intent=\u00bboff\u00bb da_has_close=\u00bbon\u00bb da_alt_close=\u00bboff\u00bb da_dark_close=\u00bboff\u00bb da_not_modal=\u00bbon\u00bb da_is_singular=\u00bboff\u00bb da_with_loader=\u00bboff\u00bb da_has_shadow=\u00bbon\u00bb][et_pb_row column_structure=\u00bb1_2,1_2&#8243; _builder_version=\u00bb4.16&#8243; _module_preset=\u00bbdefault\u00bb width=\u00bb94%\u00bb module_alignment=\u00bbcenter\u00bb custom_margin=\u00bb-0.1%|auto|6%|auto|false|false\u00bb custom_margin_tablet=\u00bb\u00bb custom_margin_phone=\u00bb||5%||false|false\u00bb custom_margin_last_edited=\u00bbon|desktop\u00bb custom_padding=\u00bb14px|20px|14px|20px|true|false\u00bb custom_css_main_element=\u00bbtext-decoration: none;\u00bb global_colors_info=\u00bb{}\u00bb header_2_font_size_tablet=\u00bb40px\u00bb header_2_font_size_phone=\u00bb25px\u00bb header_2_font_size_last_edited=\u00bbon|phone\u00bb header_4_font_size_tablet=\u00bb30px\u00bb header_4_font_size_phone=\u00bb22px\u00bb header_4_font_size_last_edited=\u00bbon|phone\u00bb text_font_size_phone=\u00bb15px\u00bb text_font_size_last_edited=\u00bbon|desktop\u00bb button_bg_color__hover_enabled=\u00bbon|hover\u00bb custom_padding__hover=\u00bb|30px||\u00bb custom_padding__hover_enabled=\u00bbon\u00bb][et_pb_column type=\u00bb1_2&#8243; _builder_version=\u00bb4.16&#8243; _module_preset=\u00bbdefault\u00bb custom_padding=\u00bb||||false|false\u00bb animation_style=\u00bbslide\u00bb animation_direction=\u00bbleft\u00bb animation_duration=\u00bb2000ms\u00bb global_colors_info=\u00bb{}\u00bb][et_pb_text _builder_version=\u00bb4.16&#8243; _module_preset=\u00bbdefault\u00bb header_2_font_size=\u00bb18px\u00bb custom_margin=\u00bb||0px||false|false\u00bb global_colors_info=\u00bb{}\u00bb]<\/p>\n<h2>T\u00e9cnicas de hipnosis para la neurodermatitis<\/h2>\n<p>[\/et_pb_text][et_pb_divider color=\u00bb#e95e27&#8243; divider_position=\u00bbcenter\u00bb divider_weight=\u00bb2px\u00bb _builder_version=\u00bb4.16&#8243; _module_preset=\u00bbdefault\u00bb width=\u00bb100px\u00bb module_alignment=\u00bbleft\u00bb custom_margin=\u00bb0px||20px||false|false\u00bb global_colors_info=\u00bb{}\u00bb][\/et_pb_divider][et_pb_text _builder_version=\u00bb4.16&#8243; _module_preset=\u00bbdefault\u00bb text_font=\u00bb||||||||\u00bb header_font=\u00bb||||||||\u00bb header_2_font=\u00bb|700|||||||\u00bb header_2_font_size=\u00bb50px\u00bb header_2_line_height=\u00bb1.2em\u00bb header_4_font=\u00bbGentium Basic|700|||||||\u00bb header_4_font_size=\u00bb40px\u00bb header_4_line_height=\u00bb1.2em\u00bb text_orientation=\u00bbcenter\u00bb module_alignment=\u00bbcenter\u00bb custom_margin=\u00bb||3%||false|false\u00bb text_font_size_tablet=\u00bb\u00bb text_font_size_phone=\u00bb15px\u00bb text_font_size_last_edited=\u00bbon|desktop\u00bb header_2_font_size_tablet=\u00bb40px\u00bb header_2_font_size_phone=\u00bb25px\u00bb header_2_font_size_last_edited=\u00bbon|phone\u00bb header_4_font_size_tablet=\u00bb30px\u00bb header_4_font_size_phone=\u00bb22px\u00bb header_4_font_size_last_edited=\u00bbon|phone\u00bb global_colors_info=\u00bb{}\u00bb]<\/p>\n<p style=\"text-align: left\">La hipnosis es el \u00fanico m\u00e9todo de tratamiento de la neurodermatitis que trata la causa de la enfermedad, es decir, la irritaci\u00f3n del nervio. El tratamiento dermatol\u00f3gico cl\u00e1sico s\u00f3lo se dedica a las secuelas de la propia enfermedad. Muchos pacientes con neurodermatitis no est\u00e1n satisfechos con el tratamiento dermatol\u00f3gico porque la neurodermatitis vuelve a brotar despu\u00e9s de dejar las pomadas antiinflamatorias (cortisona). Los consejos bienintencionados, como el de evitar diversos alimentos o sustancias externas, son m\u00e1s una expresi\u00f3n del deseo de los m\u00e9dicos de dar al menos algo a los pacientes para que lo lleven consigo que una medicina basada en la evidencia. Las prohibiciones alimentarias, etc., afectan a su vez a la calidad de vida de los afectados sin aportarles ning\u00fan beneficio real mientras la enfermedad subyacente siga sin tratarse.<\/p>\n<p style=\"text-align: left\">Con la nueva <a href=\"https:\/\/www.kiez-hypnose.de\/methoden\/\">t\u00e9cnica de Tewes<\/a> llegamos al fondo de las causas inconscientes. Tambi\u00e9n se aprende la autohipnosis y se puede regular el sistema nervioso por s\u00ed mismo en cualquier momento cuando se produce el estr\u00e9s.<\/p>\n<p>[\/et_pb_text][\/et_pb_column][et_pb_column type=\u00bb1_2&#8243; _builder_version=\u00bb4.16&#8243; _module_preset=\u00bbdefault\u00bb animation_style=\u00bbslide\u00bb animation_direction=\u00bbright\u00bb animation_duration=\u00bb2000ms\u00bb global_colors_info=\u00bb{}\u00bb][et_pb_text _builder_version=\u00bb4.16&#8243; _module_preset=\u00bbdefault\u00bb custom_margin=\u00bb||||false|false\u00bb custom_margin_tablet=\u00bb\u00bb custom_margin_phone=\u00bb||||false|false\u00bb custom_margin_last_edited=\u00bbon|tablet\u00bb global_colors_info=\u00bb{}\u00bb]<\/p>\n<h3><span style=\"color: #e95e27\">Qu\u00e9 puede hacer la hipnosis para las enfermedades de la piel<\/span><\/h3>\n<ul>\n<li>Calmar el sistema inmunitario en las enfermedades autoinmunes<\/li>\n<li>Reducci\u00f3n de las hormonas del estr\u00e9s y de las sustancias t\u00f3xicas mediante el trance profundo<\/li>\n<li>Activaci\u00f3n del sistema inmunitario para el tratamiento de virus, bacterias y hongos<\/li>\n<li>Reducci\u00f3n\/eliminaci\u00f3n del picor mediante sugerencias<\/li>\n<li>Instrucciones de autohipnosis para detener el picor y establecer un trance profundo<\/li>\n<li>Detecci\u00f3n y tratamiento de los factores psicol\u00f3gicos de la enfermedad<\/li>\n<\/ul>\n<p>[\/et_pb_text][\/et_pb_column][\/et_pb_row][\/et_pb_section]<\/p>\n","protected":false},"excerpt":{"rendered":"<p>Tratamiento de la neurodermatitisy otras enfermedades de la pielComo yo mismo sufr\u00ed de ni\u00f1o el agonizante picor de la neurodermatitis, puedo empatizar muy bien con el sufrimiento. Picaz\u00f3n constante, que se vuelve a\u00fan m\u00e1s fuerte con la tensi\u00f3n psicol\u00f3gica y el estr\u00e9s. Esto demuestra por s\u00ed solo que la neurodermatitis est\u00e1 claramente vinculada a la [&hellip;]<\/p>\n","protected":false},"author":1,"featured_media":3246,"parent":3778,"menu_order":0,"comment_status":"closed","ping_status":"closed","template":"","meta":{"_et_pb_use_builder":"on","_et_pb_old_content":"","_et_gb_content_width":"","footnotes":""},"class_list":["post-3836","page","type-page","status-publish","has-post-thumbnail","hentry"],"_links":{"self":[{"href":"https:\/\/www.kiez-hypnose.de\/es\/wp-json\/wp\/v2\/pages\/3836","targetHints":{"allow":["GET"]}}],"collection":[{"href":"https:\/\/www.kiez-hypnose.de\/es\/wp-json\/wp\/v2\/pages"}],"about":[{"href":"https:\/\/www.kiez-hypnose.de\/es\/wp-json\/wp\/v2\/types\/page"}],"author":[{"embeddable":true,"href":"https:\/\/www.kiez-hypnose.de\/es\/wp-json\/wp\/v2\/users\/1"}],"replies":[{"embeddable":true,"href":"https:\/\/www.kiez-hypnose.de\/es\/wp-json\/wp\/v2\/comments?post=3836"}],"version-history":[{"count":0,"href":"https:\/\/www.kiez-hypnose.de\/es\/wp-json\/wp\/v2\/pages\/3836\/revisions"}],"up":[{"embeddable":true,"href":"https:\/\/www.kiez-hypnose.de\/es\/wp-json\/wp\/v2\/pages\/3778"}],"wp:featuredmedia":[{"embeddable":true,"href":"https:\/\/www.kiez-hypnose.de\/es\/wp-json\/wp\/v2\/media\/3246"}],"wp:attachment":[{"href":"https:\/\/www.kiez-hypnose.de\/es\/wp-json\/wp\/v2\/media?parent=3836"}],"curies":[{"name":"wp","href":"https:\/\/api.w.org\/{rel}","templated":true}]}}