{"id":3676,"date":"2021-11-10T13:27:46","date_gmt":"2021-11-10T12:27:46","guid":{"rendered":"https:\/\/www.kiez-hypnose.de\/burnout\/"},"modified":"2023-01-12T10:44:02","modified_gmt":"2023-01-12T09:44:02","slug":"burnout","status":"publish","type":"page","link":"https:\/\/www.kiez-hypnose.de\/es\/hipnosis\/burnout\/","title":{"rendered":"Burnout"},"content":{"rendered":"<p>[et_pb_section fb_built=\u00bb1&#8243; _builder_version=\u00bb4.16&#8243; _module_preset=\u00bbdefault\u00bb custom_padding=\u00bb||0px||false|false\u00bb da_disable_devices=\u00bboff|off|off\u00bb global_colors_info=\u00bb{}\u00bb da_is_popup=\u00bboff\u00bb da_exit_intent=\u00bboff\u00bb da_has_close=\u00bbon\u00bb da_alt_close=\u00bboff\u00bb da_dark_close=\u00bboff\u00bb da_not_modal=\u00bbon\u00bb da_is_singular=\u00bboff\u00bb da_with_loader=\u00bboff\u00bb da_has_shadow=\u00bbon\u00bb][et_pb_row _builder_version=\u00bb4.16&#8243; _module_preset=\u00bbdefault\u00bb width_tablet=\u00bb\u00bb width_phone=\u00bb90%\u00bb width_last_edited=\u00bbon|phone\u00bb scroll_fade_enable=\u00bbon\u00bb motion_trigger_start=\u00bbtop\u00bb global_colors_info=\u00bb{}\u00bb][et_pb_column type=\u00bb4_4&#8243; _builder_version=\u00bb4.16&#8243; _module_preset=\u00bbdefault\u00bb global_colors_info=\u00bb{}\u00bb][et_pb_text _builder_version=\u00bb4.19.3&#8243; text_font=\u00bb||||||||\u00bb header_font=\u00bb||||||||\u00bb custom_margin=\u00bb||0px||false|false\u00bb hover_enabled=\u00bb0&#8243; text_font_size_tablet=\u00bb\u00bb text_font_size_phone=\u00bb15px\u00bb text_font_size_last_edited=\u00bbon|desktop\u00bb header_font_size_tablet=\u00bb40px\u00bb header_font_size_phone=\u00bb25px\u00bb header_font_size_last_edited=\u00bbon|phone\u00bb header_2_font_size_tablet=\u00bb\u00bb header_2_font_size_phone=\u00bb\u00bb header_2_font_size_last_edited=\u00bbon|phone\u00bb global_colors_info=\u00bb{}\u00bb sticky_enabled=\u00bb0&#8243;]<\/p>\n<h2 style=\"text-align: center;\">Burn-out &#8211; Cuando ya no funciona nada<\/h2>\n<p>[\/et_pb_text][et_pb_divider color=\u00bb#e95e27&#8243; divider_position=\u00bbcenter\u00bb divider_weight=\u00bb2px\u00bb _builder_version=\u00bb4.16&#8243; _module_preset=\u00bbdefault\u00bb width=\u00bb100px\u00bb module_alignment=\u00bbcenter\u00bb custom_margin=\u00bb0px||20px||false|false\u00bb global_colors_info=\u00bb{}\u00bb][\/et_pb_divider][et_pb_text _builder_version=\u00bb4.16&#8243; _module_preset=\u00bbdefault\u00bb width=\u00bb60%\u00bb width_tablet=\u00bb100%\u00bb width_phone=\u00bb\u00bb width_last_edited=\u00bbon|tablet\u00bb module_alignment=\u00bbcenter\u00bb global_colors_info=\u00bb{}\u00bb]<\/p>\n<p style=\"text-align: center\">El agotamiento es una enfermedad mental grave que se manifiesta con ataques de p\u00e1nico, agotamiento e insomnio. Pertenece al grupo de la depresi\u00f3n y significa algo diferente: los depresivos siempre juzgan mal sus recursos, mientras que los quemados se sobrevaloran inconmensurablemente.<\/p>\n<p style=\"text-align: center\">Vivimos en tiempos en los que la accesibilidad constante es uno de nuestros logros humanos m\u00e1s importantes. Desde 2006, el diagn\u00f3stico en las consultas alemanas se ha multiplicado por veinte.<\/p>\n<p>[\/et_pb_text][et_pb_image src=\u00bbhttps:\/\/www.kiez-hypnose.de\/wp-content\/uploads\/2021\/08\/burnout-vorbeugen-mit-hypnose.jpg\u00bb alt=\u00bbPrevenir el duelo con hipnosis\u00bb title_text=\u00bbprevenci\u00f3n del burnout con hipnosis\u00bb align=\u00bbcenter\u00bb disabled_on=\u00bboff|off|off\u00bb _builder_version=\u00bb4.16&#8243; _module_preset=\u00bbdefault\u00bb global_colors_info=\u00bb{}\u00bb][\/et_pb_image][\/et_pb_column][\/et_pb_row][\/et_pb_section][et_pb_section fb_built=\u00bb1&#8243; admin_label=\u00bbWie l\u00e4uft Hypnose ab?\u00bb _builder_version=\u00bb4.16&#8243; _module_preset=\u00bbdefault\u00bb background_color=\u00bb#f5f5f5&#8243; custom_margin=\u00bb0px||||false|false\u00bb custom_padding=\u00bb||||false|false\u00bb bottom_divider_color=\u00bb#FFFFFF\u00bb da_disable_devices=\u00bboff|off|off\u00bb global_colors_info=\u00bb{}\u00bb da_is_popup=\u00bboff\u00bb da_exit_intent=\u00bboff\u00bb da_has_close=\u00bbon\u00bb da_alt_close=\u00bboff\u00bb da_dark_close=\u00bboff\u00bb da_not_modal=\u00bbon\u00bb da_is_singular=\u00bboff\u00bb da_with_loader=\u00bboff\u00bb da_has_shadow=\u00bbon\u00bb][et_pb_row _builder_version=\u00bb4.16&#8243; _module_preset=\u00bbdefault\u00bb width=\u00bb60%\u00bb width_tablet=\u00bb95%\u00bb width_phone=\u00bb\u00bb width_last_edited=\u00bbon|tablet\u00bb module_alignment=\u00bbcenter\u00bb custom_margin=\u00bb-0.1%|auto|6%|auto|false|false\u00bb custom_margin_tablet=\u00bb\u00bb custom_margin_phone=\u00bb||5%||false|false\u00bb custom_margin_last_edited=\u00bbon|desktop\u00bb custom_padding=\u00bb14px|20px|14px|20px|true|false\u00bb custom_css_main_element=\u00bbtext-decoration: none;\u00bb global_colors_info=\u00bb{}\u00bb header_2_font_size_tablet=\u00bb40px\u00bb header_2_font_size_phone=\u00bb25px\u00bb header_2_font_size_last_edited=\u00bbon|phone\u00bb header_4_font_size_tablet=\u00bb30px\u00bb header_4_font_size_phone=\u00bb22px\u00bb header_4_font_size_last_edited=\u00bbon|phone\u00bb text_font_size_phone=\u00bb15px\u00bb text_font_size_last_edited=\u00bbon|desktop\u00bb button_bg_color__hover_enabled=\u00bbon|hover\u00bb custom_padding__hover=\u00bb|30px||\u00bb custom_padding__hover_enabled=\u00bbon\u00bb][et_pb_column type=\u00bb4_4&#8243; _builder_version=\u00bb4.16&#8243; _module_preset=\u00bbdefault\u00bb custom_padding=\u00bb||||false|false\u00bb animation_style=\u00bbslide\u00bb animation_direction=\u00bbleft\u00bb animation_duration=\u00bb2000ms\u00bb global_colors_info=\u00bb{}\u00bb][et_pb_text _builder_version=\u00bb4.16&#8243; _module_preset=\u00bbdefault\u00bb header_2_font_size=\u00bb18px\u00bb custom_margin=\u00bb||0px||false|false\u00bb global_colors_info=\u00bb{}\u00bb]<\/p>\n<h2>La hipnosis es una salida<\/h2>\n<p>[\/et_pb_text][et_pb_divider color=\u00bb#e95e27&#8243; divider_position=\u00bbcenter\u00bb divider_weight=\u00bb2px\u00bb _builder_version=\u00bb4.16&#8243; _module_preset=\u00bbdefault\u00bb width=\u00bb100px\u00bb module_alignment=\u00bbleft\u00bb custom_margin=\u00bb0px||20px||false|false\u00bb global_colors_info=\u00bb{}\u00bb][\/et_pb_divider][et_pb_text _builder_version=\u00bb4.16&#8243; _module_preset=\u00bbdefault\u00bb text_font=\u00bb||||||||\u00bb header_font=\u00bb||||||||\u00bb header_2_font=\u00bb|700|||||||\u00bb header_2_font_size=\u00bb50px\u00bb header_2_line_height=\u00bb1.2em\u00bb header_4_font=\u00bbGentium Basic|700|||||||\u00bb header_4_font_size=\u00bb40px\u00bb header_4_line_height=\u00bb1.2em\u00bb text_orientation=\u00bbcenter\u00bb module_alignment=\u00bbcenter\u00bb custom_margin=\u00bb||3%||false|false\u00bb text_font_size_tablet=\u00bb\u00bb text_font_size_phone=\u00bb15px\u00bb text_font_size_last_edited=\u00bbon|desktop\u00bb header_2_font_size_tablet=\u00bb40px\u00bb header_2_font_size_phone=\u00bb25px\u00bb header_2_font_size_last_edited=\u00bbon|phone\u00bb header_4_font_size_tablet=\u00bb30px\u00bb header_4_font_size_phone=\u00bb22px\u00bb header_4_font_size_last_edited=\u00bbon|phone\u00bb global_colors_info=\u00bb{}\u00bb]<\/p>\n<p style=\"text-align: left\">Tal vez tengas problemas para poner l\u00edmites. No te atreves a decir \u00abno\u00bb. Crees que puedes hacerlo todo; tu autoestima se alimenta del hecho de que organizas las cosas y encuentras soluciones. El ocio y la tranquilidad pasan a un segundo plano.<\/p>\n<p style=\"text-align: left\">Estamos constantemente rodeados de dispositivos t\u00e9cnicos, constantemente localizables, incluso en vacaciones revisamos nuestros correos. El hombre moderno se siente insustituible, cree que tiene que hacerlo todo por su cuenta. Si fracasa en un mundo en el que todos lo consiguen todo, cae en lo m\u00e1s profundo.<\/p>\n<p>[\/et_pb_text][et_pb_text _builder_version=\u00bb4.16&#8243; text_font=\u00bb||||||||\u00bb text_line_height=\u00bb2em\u00bb header_font=\u00bb|700|||||||\u00bb header_font_size=\u00bb16px\u00bb header_line_height=\u00bb1.2em\u00bb header_2_font_size=\u00bb18px\u00bb header_3_font=\u00bb|300|||||||\u00bb header_3_line_height=\u00bb1.7em\u00bb custom_margin=\u00bb5%||0px||false|false\u00bb header_3_font_size_tablet=\u00bb\u00bb header_3_font_size_phone=\u00bb25px\u00bb header_3_font_size_last_edited=\u00bbon|phone\u00bb locked=\u00bboff\u00bb global_colors_info=\u00bb{}\u00bb]<\/p>\n<h2>Necesitas l\u00edmites<\/h2>\n<p>[\/et_pb_text][et_pb_divider color=\u00bb#e95e27&#8243; divider_position=\u00bbcenter\u00bb divider_weight=\u00bb2px\u00bb _builder_version=\u00bb4.16&#8243; _module_preset=\u00bbdefault\u00bb width=\u00bb100px\u00bb module_alignment=\u00bbleft\u00bb custom_margin=\u00bb0px||20px||false|false\u00bb global_colors_info=\u00bb{}\u00bb][\/et_pb_divider][et_pb_text _builder_version=\u00bb4.16&#8243; _module_preset=\u00bbdefault\u00bb text_font=\u00bb||||||||\u00bb header_font=\u00bb||||||||\u00bb header_2_font=\u00bb|700|||||||\u00bb header_2_font_size=\u00bb50px\u00bb header_2_line_height=\u00bb1.2em\u00bb header_4_font=\u00bbGentium Basic|700|||||||\u00bb header_4_font_size=\u00bb40px\u00bb header_4_line_height=\u00bb1.2em\u00bb text_orientation=\u00bbcenter\u00bb module_alignment=\u00bbcenter\u00bb custom_padding=\u00bb||||false|false\u00bb text_font_size_tablet=\u00bb\u00bb text_font_size_phone=\u00bb15px\u00bb text_font_size_last_edited=\u00bbon|desktop\u00bb header_2_font_size_tablet=\u00bb40px\u00bb header_2_font_size_phone=\u00bb25px\u00bb header_2_font_size_last_edited=\u00bbon|phone\u00bb header_4_font_size_tablet=\u00bb30px\u00bb header_4_font_size_phone=\u00bb22px\u00bb header_4_font_size_last_edited=\u00bbon|phone\u00bb global_colors_info=\u00bb{}\u00bb]<\/p>\n<p style=\"text-align: left\">Las fronteras tienen un enfoque especial dentro de mi trabajo. Si faltan, nos volvemos permeables y ya no sabemos c\u00f3mo protegernos de las influencias externas. En la hipnosis visitamos tu subconsciente y aquellas \u00e1reas de tu cerebro que te causan estos conflictos. Nos dedicamos a su relajaci\u00f3n profunda; despertamos la calma y la compostura para que pueda dominar sus tareas con energ\u00eda renovada. Respiras libremente, experimentas un verdadero subid\u00f3n de tus capacidades espirituales. No porque ayudes a los dem\u00e1s, sino porque valoras tus recursos.<\/p>\n<p style=\"text-align: left\">La hipnosis puede tener lugar dentro de la terapia convencional. Antes de ponerse en contacto conmigo, hable con su m\u00e9dico. Entonces nada se interpone en el camino de tu curaci\u00f3n.<\/p>\n<p>[\/et_pb_text][\/et_pb_column][\/et_pb_row][\/et_pb_section]<\/p>\n","protected":false},"excerpt":{"rendered":"<p>Burn-out &#8211; Cuando ya no funciona nadaEl agotamiento es una enfermedad mental grave que se manifiesta con ataques de p\u00e1nico, agotamiento e insomnio. Pertenece al grupo de la depresi\u00f3n y significa algo diferente: los depresivos siempre juzgan mal sus recursos, mientras que los quemados se sobrevaloran inconmensurablemente. Vivimos en tiempos en los que la accesibilidad [&hellip;]<\/p>\n","protected":false},"author":1,"featured_media":3226,"parent":3778,"menu_order":0,"comment_status":"closed","ping_status":"closed","template":"","meta":{"_et_pb_use_builder":"on","_et_pb_old_content":"","_et_gb_content_width":"","footnotes":""},"class_list":["post-3676","page","type-page","status-publish","has-post-thumbnail","hentry"],"_links":{"self":[{"href":"https:\/\/www.kiez-hypnose.de\/es\/wp-json\/wp\/v2\/pages\/3676","targetHints":{"allow":["GET"]}}],"collection":[{"href":"https:\/\/www.kiez-hypnose.de\/es\/wp-json\/wp\/v2\/pages"}],"about":[{"href":"https:\/\/www.kiez-hypnose.de\/es\/wp-json\/wp\/v2\/types\/page"}],"author":[{"embeddable":true,"href":"https:\/\/www.kiez-hypnose.de\/es\/wp-json\/wp\/v2\/users\/1"}],"replies":[{"embeddable":true,"href":"https:\/\/www.kiez-hypnose.de\/es\/wp-json\/wp\/v2\/comments?post=3676"}],"version-history":[{"count":0,"href":"https:\/\/www.kiez-hypnose.de\/es\/wp-json\/wp\/v2\/pages\/3676\/revisions"}],"up":[{"embeddable":true,"href":"https:\/\/www.kiez-hypnose.de\/es\/wp-json\/wp\/v2\/pages\/3778"}],"wp:featuredmedia":[{"embeddable":true,"href":"https:\/\/www.kiez-hypnose.de\/es\/wp-json\/wp\/v2\/media\/3226"}],"wp:attachment":[{"href":"https:\/\/www.kiez-hypnose.de\/es\/wp-json\/wp\/v2\/media?parent=3676"}],"curies":[{"name":"wp","href":"https:\/\/api.w.org\/{rel}","templated":true}]}}